{"id":557,"date":"2023-10-19T10:22:04","date_gmt":"2023-10-19T08:22:04","guid":{"rendered":"https:\/\/monteeballondalsace.com\/\/?page_id=557"},"modified":"2026-04-21T17:11:27","modified_gmt":"2026-04-21T15:11:27","slug":"repas-pilote","status":"publish","type":"page","link":"https:\/\/monteeballondalsace.com\/en\/repas-pilote\/","title":{"rendered":"Repas pilote"},"content":{"rendered":"<div data-elementor-type=\"wp-page\" data-elementor-id=\"557\" class=\"elementor elementor-557\" data-elementor-post-type=\"page\">\n\t\t\t\t<div class=\"elementor-element elementor-element-1ccd67b e-flex e-con-boxed e-con e-parent\" data-id=\"1ccd67b\" data-element_type=\"container\" data-e-type=\"container\" data-settings=\"{&quot;background_background&quot;:&quot;classic&quot;}\">\n\t\t\t\t\t<div class=\"e-con-inner\">\n\t\t\t\t<div class=\"elementor-element elementor-element-7e651c8 elementor-widget elementor-widget-heading\" data-id=\"7e651c8\" data-element_type=\"widget\" data-e-type=\"widget\" data-widget_type=\"heading.default\">\n\t\t\t\t<div class=\"elementor-widget-container\">\n\t\t\t\t\t<h1 class=\"elementor-heading-title elementor-size-default\">Repas Dimanche midi<\/h1>\t\t\t\t<\/div>\n\t\t\t\t<\/div>\n\t\t\t\t\t<\/div>\n\t\t\t\t<\/div>\n\t\t<div class=\"elementor-element elementor-element-9c80967 e-grid e-con-boxed e-con e-parent\" data-id=\"9c80967\" data-element_type=\"container\" data-e-type=\"container\">\n\t\t\t\t\t<div class=\"e-con-inner\">\n\t\t<div class=\"elementor-element elementor-element-3503b69 e-flex e-con-boxed e-con e-child\" data-id=\"3503b69\" data-element_type=\"container\" data-e-type=\"container\">\n\t\t\t\t\t<div class=\"e-con-inner\">\n\t\t\t\t<div class=\"elementor-element elementor-element-6dedfcc elementor-widget elementor-widget-heading\" data-id=\"6dedfcc\" data-element_type=\"widget\" data-e-type=\"widget\" data-widget_type=\"heading.default\">\n\t\t\t\t<div class=\"elementor-widget-container\">\n\t\t\t\t\t<h2 class=\"elementor-heading-title elementor-size-default\">Dimanche \u00e0 Lepuix<\/h2>\t\t\t\t<\/div>\n\t\t\t\t<\/div>\n\t\t\t\t<div class=\"elementor-element elementor-element-9b28b5d elementor-widget elementor-widget-text-editor\" data-id=\"9b28b5d\" data-element_type=\"widget\" data-e-type=\"widget\" data-widget_type=\"text-editor.default\">\n\t\t\t\t<div class=\"elementor-widget-container\">\n\t\t\t\t\t\t\t\t\t<p>Le repas Dimanche midi aura lieu \u00e0 GIROMAGNY \u00e0 Espace des TUILERIES\u00a0 m\u00eame lieu que le briefing du matin<\/p>\t\t\t\t\t\t\t\t<\/div>\n\t\t\t\t<\/div>\n\t\t\t\t\t<\/div>\n\t\t\t\t<\/div>\n\t\t\t\t<div class=\"elementor-element elementor-element-554bc87 elementor-widget elementor-widget-image\" data-id=\"554bc87\" data-element_type=\"widget\" data-e-type=\"widget\" data-widget_type=\"image.default\">\n\t\t\t\t<div class=\"elementor-widget-container\">\n\t\t\t\t\t\t\t\t\t\t\t\t\t\t\t\t<a href=\"https:\/\/monteeballondalsace.com\/wp-content\/files\/2025\/12\/tuileries-Giromagny.png\" data-elementor-open-lightbox=\"yes\" data-elementor-lightbox-title=\"tuileries-Giromagny\" data-e-action-hash=\"#elementor-action%3Aaction%3Dlightbox%26settings%3DeyJpZCI6ODMyMiwidXJsIjoiaHR0cHM6XC9cL21vbnRlZWJhbGxvbmRhbHNhY2UuY29tXC93cC1jb250ZW50XC9maWxlc1wvMjAyNVwvMTJcL3R1aWxlcmllcy1HaXJvbWFnbnkucG5nIn0%3D\">\n\t\t\t\t\t\t\t<img fetchpriority=\"high\" decoding=\"async\" width=\"768\" height=\"535\" src=\"https:\/\/monteeballondalsace.com\/wp-content\/files\/2025\/12\/tuileries-Giromagny-768x535.png\" class=\"attachment-medium_large size-medium_large wp-image-8322\" alt=\"\" srcset=\"https:\/\/monteeballondalsace.com\/wp-content\/files\/2025\/12\/tuileries-Giromagny-768x535.png 768w, https:\/\/monteeballondalsace.com\/wp-content\/files\/2025\/12\/tuileries-Giromagny-300x209.png 300w, https:\/\/monteeballondalsace.com\/wp-content\/files\/2025\/12\/tuileries-Giromagny-1024x713.png 1024w, https:\/\/monteeballondalsace.com\/wp-content\/files\/2025\/12\/tuileries-Giromagny.png 1500w\" sizes=\"(max-width: 768px) 100vw, 768px\" loading=\"eager\" title=\"\">\t\t\t\t\t\t\t\t<\/a>\n\t\t\t\t\t\t\t\t\t\t\t\t\t\t\t<\/div>\n\t\t\t\t<\/div>\n\t\t\t\t<div class=\"elementor-element elementor-element-d4802c6 elementor-widget elementor-widget-image\" data-id=\"d4802c6\" data-element_type=\"widget\" data-e-type=\"widget\" data-widget_type=\"image.default\">\n\t\t\t\t<div class=\"elementor-widget-container\">\n\t\t\t\t\t\t\t\t\t\t\t\t\t\t\t\t<a href=\"https:\/\/monteeballondalsace.com\/wp-content\/files\/2025\/12\/REPAS-DIMANCHE-plan.png\" data-elementor-open-lightbox=\"yes\" data-elementor-lightbox-title=\"REPAS DIMANCHE plan\" data-e-action-hash=\"#elementor-action%3Aaction%3Dlightbox%26settings%3DeyJpZCI6ODMyMSwidXJsIjoiaHR0cHM6XC9cL21vbnRlZWJhbGxvbmRhbHNhY2UuY29tXC93cC1jb250ZW50XC9maWxlc1wvMjAyNVwvMTJcL1JFUEFTLURJTUFOQ0hFLXBsYW4ucG5nIn0%3D\">\n\t\t\t\t\t\t\t<img decoding=\"async\" width=\"768\" height=\"550\" src=\"https:\/\/monteeballondalsace.com\/wp-content\/files\/2025\/12\/REPAS-DIMANCHE-plan-768x550.png\" class=\"attachment-medium_large size-medium_large wp-image-8321\" alt=\"\" srcset=\"https:\/\/monteeballondalsace.com\/wp-content\/files\/2025\/12\/REPAS-DIMANCHE-plan-768x550.png 768w, https:\/\/monteeballondalsace.com\/wp-content\/files\/2025\/12\/REPAS-DIMANCHE-plan-300x215.png 300w, https:\/\/monteeballondalsace.com\/wp-content\/files\/2025\/12\/REPAS-DIMANCHE-plan-1024x734.png 1024w, https:\/\/monteeballondalsace.com\/wp-content\/files\/2025\/12\/REPAS-DIMANCHE-plan.png 1418w\" sizes=\"(max-width: 768px) 100vw, 768px\" loading=\"eager\" title=\"\">\t\t\t\t\t\t\t\t<\/a>\n\t\t\t\t\t\t\t\t\t\t\t\t\t\t\t<\/div>\n\t\t\t\t<\/div>\n\t\t\t\t\t<\/div>\n\t\t\t\t<\/div>\n\t\t\t\t<\/div>","protected":false},"excerpt":{"rendered":"<p>Repas Dimanche midi Dimanche \u00e0 Lepuix Le repas Dimanche midi aura lieu \u00e0 GIROMAGNY \u00e0 Espace des TUILERIES\u00a0 m\u00eame lieu que le briefing du matin<\/p>","protected":false},"author":2,"featured_media":0,"parent":0,"menu_order":0,"comment_status":"closed","ping_status":"closed","template":"elementor_header_footer","meta":{"_acf_changed":false,"footnotes":""},"class_list":["post-557","page","type-page","status-publish","hentry"],"acf":[],"_links":{"self":[{"href":"https:\/\/monteeballondalsace.com\/en\/wp-json\/wp\/v2\/pages\/557","targetHints":{"allow":["GET"]}}],"collection":[{"href":"https:\/\/monteeballondalsace.com\/en\/wp-json\/wp\/v2\/pages"}],"about":[{"href":"https:\/\/monteeballondalsace.com\/en\/wp-json\/wp\/v2\/types\/page"}],"author":[{"embeddable":true,"href":"https:\/\/monteeballondalsace.com\/en\/wp-json\/wp\/v2\/users\/2"}],"replies":[{"embeddable":true,"href":"https:\/\/monteeballondalsace.com\/en\/wp-json\/wp\/v2\/comments?post=557"}],"version-history":[{"count":3,"href":"https:\/\/monteeballondalsace.com\/en\/wp-json\/wp\/v2\/pages\/557\/revisions"}],"predecessor-version":[{"id":9939,"href":"https:\/\/monteeballondalsace.com\/en\/wp-json\/wp\/v2\/pages\/557\/revisions\/9939"}],"wp:attachment":[{"href":"https:\/\/monteeballondalsace.com\/en\/wp-json\/wp\/v2\/media?parent=557"}],"curies":[{"name":"wp","href":"https:\/\/api.w.org\/{rel}","templated":true}]}}