{"id":513,"date":"2023-10-19T09:42:30","date_gmt":"2023-10-19T07:42:30","guid":{"rendered":"https:\/\/monteeballondalsace.com\/\/?page_id=513"},"modified":"2026-04-21T16:07:23","modified_gmt":"2026-04-21T14:07:23","slug":"accueil-lepuix","status":"publish","type":"page","link":"https:\/\/monteeballondalsace.com\/en\/accueil-lepuix\/","title":{"rendered":"Itinerary for the excursion"},"content":{"rendered":"<div data-elementor-type=\"wp-page\" data-elementor-id=\"513\" class=\"elementor elementor-513\" data-elementor-post-type=\"page\">\n\t\t\t\t<div class=\"elementor-element elementor-element-f160f3f e-flex e-con-boxed e-con e-parent\" data-id=\"f160f3f\" data-element_type=\"container\" data-e-type=\"container\" data-settings=\"{&quot;background_background&quot;:&quot;classic&quot;}\">\n\t\t\t\t\t<div class=\"e-con-inner\">\n\t\t\t\t<div class=\"elementor-element elementor-element-32e5c85 elementor-widget elementor-widget-heading\" data-id=\"32e5c85\" data-element_type=\"widget\" data-e-type=\"widget\" data-widget_type=\"heading.default\">\n\t\t\t\t<div class=\"elementor-widget-container\">\n\t\t\t\t\t<h1 class=\"elementor-heading-title elementor-size-default\">PARCOURS de la Vir\u00e9e 2026<\/h1>\t\t\t\t<\/div>\n\t\t\t\t<\/div>\n\t\t\t\t\t<\/div>\n\t\t\t\t<\/div>\n\t\t<div class=\"elementor-element elementor-element-8fffdec e-flex e-con-boxed e-con e-parent\" data-id=\"8fffdec\" data-element_type=\"container\" data-e-type=\"container\">\n\t\t\t\t\t<div class=\"e-con-inner\">\n\t\t\t\t<div class=\"elementor-element elementor-element-72e8acc elementor-widget elementor-widget-text-editor\" data-id=\"72e8acc\" data-element_type=\"widget\" data-e-type=\"widget\" data-widget_type=\"text-editor.default\">\n\t\t\t\t<div class=\"elementor-widget-container\">\n\t\t\t\t\t\t\t\t\t<p><strong>ACCUEIL<\/strong> \u00e0 partir de 8 h 30 \u00e0 GIROMAGNY<\/p><p><strong>EXPOSITION<\/strong> des voitures (voir onglet)<\/p><p><strong>D\u00e9part premi\u00e8re voiture \u00e0 12 h<\/strong><\/p><p><strong>Direction :<\/strong><\/p><ul><li>PLANCHER BAS<\/li><li>SERVANCE<\/li><li>LE THILLOT<\/li><li>BUSSANG arr\u00eat surprise<\/li><li>SAINT MAURICE<\/li><li>BALLON D\u2019ALSACE<\/li><li>LEPUIX<\/li><li>BELFORT Parade<\/li><li>BELFORT Exposition des voitures<\/li><\/ul><div>\u00a0<\/div><p>Vous recevrez plus d\u2019informations lors des v\u00e9rifications administratives<br \/>samedi 8\/08.<\/p><p><strong><br \/>Le ROAD BOOK d\u00e9taill\u00e9 est \u00e0 vendre avec les Packs lors de votre<br \/>inscription en ligne ou \u00e0 acheter dans l\u2019onglet boutique<br \/><\/strong><\/p><p><strong>**<\/strong> modifications possibles<\/p>\t\t\t\t\t\t\t\t<\/div>\n\t\t\t\t<\/div>\n\t\t\t\t\t<\/div>\n\t\t\t\t<\/div>\n\t\t\t\t<\/div>","protected":false},"excerpt":{"rendered":"<p>PARCOURS de la Vir\u00e9e 2026 ACCUEIL \u00e0 partir de 8 h 30 \u00e0 GIROMAGNY EXPOSITION des voitures (voir onglet) D\u00e9part premi\u00e8re voiture \u00e0 12 h Direction : PLANCHER BAS SERVANCE LE THILLOT BUSSANG arr\u00eat surprise SAINT MAURICE BALLON D\u2019ALSACE LEPUIX BELFORT Parade BELFORT Exposition des voitures \u00a0 Vous recevrez plus d\u2019informations lors des v\u00e9rifications administrativessamedi [&hellip;]<\/p>\n","protected":false},"author":2,"featured_media":0,"parent":0,"menu_order":0,"comment_status":"closed","ping_status":"closed","template":"elementor_header_footer","meta":{"_acf_changed":false,"footnotes":""},"class_list":["post-513","page","type-page","status-publish","hentry"],"acf":[],"_links":{"self":[{"href":"https:\/\/monteeballondalsace.com\/en\/wp-json\/wp\/v2\/pages\/513","targetHints":{"allow":["GET"]}}],"collection":[{"href":"https:\/\/monteeballondalsace.com\/en\/wp-json\/wp\/v2\/pages"}],"about":[{"href":"https:\/\/monteeballondalsace.com\/en\/wp-json\/wp\/v2\/types\/page"}],"author":[{"embeddable":true,"href":"https:\/\/monteeballondalsace.com\/en\/wp-json\/wp\/v2\/users\/2"}],"replies":[{"embeddable":true,"href":"https:\/\/monteeballondalsace.com\/en\/wp-json\/wp\/v2\/comments?post=513"}],"version-history":[{"count":6,"href":"https:\/\/monteeballondalsace.com\/en\/wp-json\/wp\/v2\/pages\/513\/revisions"}],"predecessor-version":[{"id":9843,"href":"https:\/\/monteeballondalsace.com\/en\/wp-json\/wp\/v2\/pages\/513\/revisions\/9843"}],"wp:attachment":[{"href":"https:\/\/monteeballondalsace.com\/en\/wp-json\/wp\/v2\/media?parent=513"}],"curies":[{"name":"wp","href":"https:\/\/api.w.org\/{rel}","templated":true}]}}