{"id":403,"date":"2023-10-13T13:48:27","date_gmt":"2023-10-13T11:48:27","guid":{"rendered":"https:\/\/monteeballondalsace.com\/\/?page_id=403"},"modified":"2026-04-21T15:51:33","modified_gmt":"2026-04-21T13:51:33","slug":"infos-spectateurs","status":"publish","type":"page","link":"https:\/\/monteeballondalsace.com\/en\/infos-spectateurs\/","title":{"rendered":"Infos Programme spectateurs"},"content":{"rendered":"<div data-elementor-type=\"wp-page\" data-elementor-id=\"403\" class=\"elementor elementor-403\" data-elementor-post-type=\"page\">\n\t\t\t\t<div class=\"elementor-element elementor-element-1ccd67b e-flex e-con-boxed e-con e-parent\" data-id=\"1ccd67b\" data-element_type=\"container\" data-e-type=\"container\" data-settings=\"{&quot;background_background&quot;:&quot;classic&quot;}\">\n\t\t\t\t\t<div class=\"e-con-inner\">\n\t\t\t\t<div class=\"elementor-element elementor-element-7e651c8 elementor-widget elementor-widget-heading\" data-id=\"7e651c8\" data-element_type=\"widget\" data-e-type=\"widget\" data-widget_type=\"heading.default\">\n\t\t\t\t<div class=\"elementor-widget-container\">\n\t\t\t\t\t<h1 class=\"elementor-heading-title elementor-size-default\">InfoS &amp; PROGRAMME Spectateurs 2026<\/h1>\t\t\t\t<\/div>\n\t\t\t\t<\/div>\n\t\t\t\t\t<\/div>\n\t\t\t\t<\/div>\n\t\t<div class=\"elementor-element elementor-element-14954de e-flex e-con-boxed e-con e-parent\" data-id=\"14954de\" data-element_type=\"container\" data-e-type=\"container\">\n\t\t\t\t\t<div class=\"e-con-inner\">\n\t\t<div class=\"elementor-element elementor-element-b3d47a7 e-con-full e-flex e-con e-child\" data-id=\"b3d47a7\" data-element_type=\"container\" data-e-type=\"container\">\n\t\t\t\t<div class=\"elementor-element elementor-element-3bbefd3 elementor-widget elementor-widget-heading\" data-id=\"3bbefd3\" data-element_type=\"widget\" data-e-type=\"widget\" data-widget_type=\"heading.default\">\n\t\t\t\t<div class=\"elementor-widget-container\">\n\t\t\t\t\t<h2 class=\"elementor-heading-title elementor-size-default\">PROGRAMME<\/h2>\t\t\t\t<\/div>\n\t\t\t\t<\/div>\n\t\t\t\t<div class=\"elementor-element elementor-element-fc52bce elementor-widget__width-initial elementor-widget-mobile__width-inherit elementor-widget elementor-widget-text-editor\" data-id=\"fc52bce\" data-element_type=\"widget\" data-e-type=\"widget\" data-widget_type=\"text-editor.default\">\n\t\t\t\t<div class=\"elementor-widget-container\">\n\t\t\t\t\t\t\t\t\t<div><h4><strong>Vendredi 7 Ao\u00fbt 2026<\/strong><\/h4><p>Accueil des \u00e9quipages : \u00a0\u00e0 partir de 14h, BELFORT parking Arsenal Vieille Ville<\/p><\/div><div>\u2022V\u00e9rifications techniques \u00e0 partir de 14h30 parking Arsenal<\/div><div><h4><strong>Samedi 8 Ao\u00fbt <\/strong><\/h4><p>de 9 h \u00e0 18 h BELFORT\u00a0 V\u00e9rifications techniques parking l\u2019Arsenal<\/p><\/div><div>\u2022<strong>PARADE<\/strong> en ville<strong> d\u00e9part<\/strong>\u00a0vers <strong>17h00<\/strong> D\u00e9part du Parking Arsenal<\/div><div>\u00a0<\/div><h4><strong>Dimanche 9 Ao\u00fbt<\/strong><\/h4><div><strong>GIROMAGNY <\/strong><\/div><div>D\u00e8s 7 h Regroupement \u00e0 salle de la Tuilerie<\/div><div>\u00a0<\/div><div><strong>LEPUIX<\/strong><\/div><div>D\u00e9part de la premi\u00e8re voiture \u00e0 8h30<\/div><div>\u00a0<\/div><div>\u00a0<strong>Acc\u00e8s zone public voir onglet Plans Lepuix<\/strong><\/div><p><strong>ENTREE GRATUITE tout le week-end<\/strong><\/p><p>Vendredi et Samedi c\u2019est l\u2019opportunit\u00e9 d\u2019approcher au plus pr\u00e8s les Pilotes et les voitures,\u00a0<span style=\"font-size: 1rem;\">un moment immanquable pour les \u00a0passionn\u00e9s.<\/span><\/p>\t\t\t\t\t\t\t\t<\/div>\n\t\t\t\t<\/div>\n\t\t\t\t<\/div>\n\t\t<div class=\"elementor-element elementor-element-7a9fb18 e-con-full e-flex e-con e-child\" data-id=\"7a9fb18\" data-element_type=\"container\" data-e-type=\"container\">\n\t\t\t\t<div class=\"elementor-element elementor-element-b57f1eb elementor-widget elementor-widget-image\" data-id=\"b57f1eb\" data-element_type=\"widget\" data-e-type=\"widget\" data-widget_type=\"image.default\">\n\t\t\t\t<div class=\"elementor-widget-container\">\n\t\t\t\t\t\t\t\t\t\t\t\t\t\t\t<img fetchpriority=\"high\" decoding=\"async\" width=\"768\" height=\"278\" src=\"https:\/\/monteeballondalsace.com\/wp-content\/files\/2025\/12\/HD-TRAITE-3186-768x278.jpg\" class=\"attachment-medium_large size-medium_large wp-image-8243\" alt=\"\" srcset=\"https:\/\/monteeballondalsace.com\/wp-content\/files\/2025\/12\/HD-TRAITE-3186-768x278.jpg 768w, https:\/\/monteeballondalsace.com\/wp-content\/files\/2025\/12\/HD-TRAITE-3186-300x109.jpg 300w, https:\/\/monteeballondalsace.com\/wp-content\/files\/2025\/12\/HD-TRAITE-3186-1024x370.jpg 1024w, https:\/\/monteeballondalsace.com\/wp-content\/files\/2025\/12\/HD-TRAITE-3186.jpg 1349w\" sizes=\"(max-width: 768px) 100vw, 768px\" loading=\"eager\" title=\"\">\t\t\t\t\t\t\t\t\t\t\t\t\t\t\t<\/div>\n\t\t\t\t<\/div>\n\t\t\t\t<\/div>\n\t\t\t\t\t<\/div>\n\t\t\t\t<\/div>\n\t\t<div class=\"elementor-element elementor-element-9c80967 e-flex e-con-boxed e-con e-parent\" data-id=\"9c80967\" data-element_type=\"container\" data-e-type=\"container\">\n\t\t\t\t\t<div class=\"e-con-inner\">\n\t\t<div class=\"elementor-element elementor-element-bd96306 e-con-full e-flex e-con e-child\" data-id=\"bd96306\" data-element_type=\"container\" data-e-type=\"container\">\n\t\t\t\t<div class=\"elementor-element elementor-element-c41827c elementor-widget elementor-widget-image\" data-id=\"c41827c\" data-element_type=\"widget\" data-e-type=\"widget\" data-widget_type=\"image.default\">\n\t\t\t\t<div class=\"elementor-widget-container\">\n\t\t\t\t\t\t\t\t\t\t\t\t\t\t\t<img decoding=\"async\" width=\"768\" height=\"555\" src=\"https:\/\/monteeballondalsace.com\/wp-content\/files\/2025\/12\/HD-TRAITE-3126-768x555.jpg\" class=\"attachment-medium_large size-medium_large wp-image-8249\" alt=\"\" srcset=\"https:\/\/monteeballondalsace.com\/wp-content\/files\/2025\/12\/HD-TRAITE-3126-768x555.jpg 768w, https:\/\/monteeballondalsace.com\/wp-content\/files\/2025\/12\/HD-TRAITE-3126-300x217.jpg 300w, https:\/\/monteeballondalsace.com\/wp-content\/files\/2025\/12\/HD-TRAITE-3126-1024x740.jpg 1024w, https:\/\/monteeballondalsace.com\/wp-content\/files\/2025\/12\/HD-TRAITE-3126.jpg 2000w\" sizes=\"(max-width: 768px) 100vw, 768px\" loading=\"eager\" title=\"\">\t\t\t\t\t\t\t\t\t\t\t\t\t\t\t<\/div>\n\t\t\t\t<\/div>\n\t\t\t\t<\/div>\n\t\t<div class=\"elementor-element elementor-element-3503b69 e-con-full e-flex e-con e-child\" data-id=\"3503b69\" data-element_type=\"container\" data-e-type=\"container\">\n\t\t\t\t<div class=\"elementor-element elementor-element-58de275 elementor-widget elementor-widget-heading\" data-id=\"58de275\" data-element_type=\"widget\" data-e-type=\"widget\" data-widget_type=\"heading.default\">\n\t\t\t\t<div class=\"elementor-widget-container\">\n\t\t\t\t\t<h2 class=\"elementor-heading-title elementor-size-default\">RECAP Ce qui se passe en 2026<\/h2>\t\t\t\t<\/div>\n\t\t\t\t<\/div>\n\t\t\t\t<div class=\"elementor-element elementor-element-6f637c0 elementor-widget__width-initial elementor-widget-mobile__width-inherit elementor-widget elementor-widget-text-editor\" data-id=\"6f637c0\" data-element_type=\"widget\" data-e-type=\"widget\" data-widget_type=\"text-editor.default\">\n\t\t\t\t<div class=\"elementor-widget-container\">\n\t\t\t\t\t\t\t\t\t<ul><li>Belfort Centre vendredi et samedi (voir programme ci dessus)<\/li><li>n&rsquo;oubliez pas la parade !<\/li><li>Les mont\u00e9es ont lieu le dimanche 9\/8<\/li><li>D\u00e9part \u00e0 Lepuix premi\u00e8re voiture vers 8h30<\/li><li>Arriv\u00e9e au Sommet face \u00e0 l\u2019h\u00f4tel du Sommet<\/li><li>Les acc\u00e8s (voir onglet fermeture des routes)<\/li><li>Les parkings<\/li><li>Vos zones publiques<\/li><li>Les horaires<\/li><\/ul><div>\u00a0<\/div><p><strong>Important : la route du Ballon RD 465 sera ferm\u00e9e dimanche 9\/08, d\u00e8s 6 h 30 du matin, r\u00e9ouverture entre 19 et 20 h suivant les circonstances \u00a0des mont\u00e9es<\/strong><\/p>\t\t\t\t\t\t\t\t<\/div>\n\t\t\t\t<\/div>\n\t\t\t\t<\/div>\n\t\t\t\t\t<\/div>\n\t\t\t\t<\/div>\n\t\t\t\t<\/div>","protected":false},"excerpt":{"rendered":"<p>InfoS &amp; PROGRAMME Spectateurs 2026 PROGRAMME Vendredi 7 Ao\u00fbt 2026 Accueil des \u00e9quipages : \u00a0\u00e0 partir de 14h, BELFORT parking Arsenal Vieille Ville \u2022V\u00e9rifications techniques \u00e0 partir de 14h30 parking Arsenal Samedi 8 Ao\u00fbt de 9 h \u00e0 18 h BELFORT\u00a0 V\u00e9rifications techniques parking l\u2019Arsenal \u2022PARADE en ville d\u00e9part\u00a0vers 17h00 D\u00e9part du Parking Arsenal\u00a0 Dimanche [&hellip;]<\/p>\n","protected":false},"author":2,"featured_media":6242,"parent":0,"menu_order":0,"comment_status":"closed","ping_status":"closed","template":"elementor_header_footer","meta":{"_acf_changed":false,"footnotes":""},"class_list":["post-403","page","type-page","status-publish","has-post-thumbnail","hentry"],"acf":[],"_links":{"self":[{"href":"https:\/\/monteeballondalsace.com\/en\/wp-json\/wp\/v2\/pages\/403","targetHints":{"allow":["GET"]}}],"collection":[{"href":"https:\/\/monteeballondalsace.com\/en\/wp-json\/wp\/v2\/pages"}],"about":[{"href":"https:\/\/monteeballondalsace.com\/en\/wp-json\/wp\/v2\/types\/page"}],"author":[{"embeddable":true,"href":"https:\/\/monteeballondalsace.com\/en\/wp-json\/wp\/v2\/users\/2"}],"replies":[{"embeddable":true,"href":"https:\/\/monteeballondalsace.com\/en\/wp-json\/wp\/v2\/comments?post=403"}],"version-history":[{"count":9,"href":"https:\/\/monteeballondalsace.com\/en\/wp-json\/wp\/v2\/pages\/403\/revisions"}],"predecessor-version":[{"id":9827,"href":"https:\/\/monteeballondalsace.com\/en\/wp-json\/wp\/v2\/pages\/403\/revisions\/9827"}],"wp:featuredmedia":[{"embeddable":true,"href":"https:\/\/monteeballondalsace.com\/en\/wp-json\/wp\/v2\/media\/6242"}],"wp:attachment":[{"href":"https:\/\/monteeballondalsace.com\/en\/wp-json\/wp\/v2\/media?parent=403"}],"curies":[{"name":"wp","href":"https:\/\/api.w.org\/{rel}","templated":true}]}}