{"id":3913,"date":"2023-11-21T17:16:40","date_gmt":"2023-11-21T16:16:40","guid":{"rendered":"https:\/\/monteeballondalsace.com\/?page_id=3913"},"modified":"2026-04-21T17:10:15","modified_gmt":"2026-04-21T15:10:15","slug":"navettes-pilotes","status":"publish","type":"page","link":"https:\/\/monteeballondalsace.com\/en\/navettes-pilotes\/","title":{"rendered":"Parade Pilotes"},"content":{"rendered":"<div data-elementor-type=\"wp-page\" data-elementor-id=\"3913\" class=\"elementor elementor-3913\" data-elementor-post-type=\"page\">\n\t\t\t\t<div class=\"elementor-element elementor-element-b9326bf e-flex e-con-boxed e-con e-parent\" data-id=\"b9326bf\" data-element_type=\"container\" data-e-type=\"container\" data-settings=\"{&quot;background_background&quot;:&quot;classic&quot;}\">\n\t\t\t\t\t<div class=\"e-con-inner\">\n\t\t\t\t<div class=\"elementor-element elementor-element-5b36eff elementor-widget elementor-widget-heading\" data-id=\"5b36eff\" data-element_type=\"widget\" data-e-type=\"widget\" data-widget_type=\"heading.default\">\n\t\t\t\t<div class=\"elementor-widget-container\">\n\t\t\t\t\t<h1 class=\"elementor-heading-title elementor-size-default\">PARADE pilots<\/h1>\t\t\t\t<\/div>\n\t\t\t\t<\/div>\n\t\t\t\t\t<\/div>\n\t\t\t\t<\/div>\n\t\t<div class=\"elementor-element elementor-element-eb7bbac e-grid e-con-boxed e-con e-parent\" data-id=\"eb7bbac\" data-element_type=\"container\" data-e-type=\"container\">\n\t\t\t\t\t<div class=\"e-con-inner\">\n\t\t<div class=\"elementor-element elementor-element-3d3cbf7 e-flex e-con-boxed e-con e-child\" data-id=\"3d3cbf7\" data-element_type=\"container\" data-e-type=\"container\">\n\t\t\t\t\t<div class=\"e-con-inner\">\n\t\t\t\t<div class=\"elementor-element elementor-element-529ec50 elementor-widget elementor-widget-heading\" data-id=\"529ec50\" data-element_type=\"widget\" data-e-type=\"widget\" data-widget_type=\"heading.default\">\n\t\t\t\t<div class=\"elementor-widget-container\">\n\t\t\t\t\t<h2 class=\"elementor-heading-title elementor-size-default\">PARADE \u00e0 Belfort samedi 8 Ao\u00fbt<\/h2>\t\t\t\t<\/div>\n\t\t\t\t<\/div>\n\t\t\t\t<div class=\"elementor-element elementor-element-7bfd602 elementor-widget elementor-widget-text-editor\" data-id=\"7bfd602\" data-element_type=\"widget\" data-e-type=\"widget\" data-widget_type=\"text-editor.default\">\n\t\t\t\t<div class=\"elementor-widget-container\">\n\t\t\t\t\t\t\t\t\t<p>\u00a0<\/p><p><b><u>La d\u00e9sormais c\u00e9l\u00e8bre PARADE se d\u00e9roulera Samedi 8<\/u><\/b><\/p><p><strong>D\u00c9PART DE PARC ARSENAL 17 H<\/strong><\/p>\t\t\t\t\t\t\t\t<\/div>\n\t\t\t\t<\/div>\n\t\t\t\t\t<\/div>\n\t\t\t\t<\/div>\n\t\t\t\t<div class=\"elementor-element elementor-element-2f7df96 elementor-widget elementor-widget-image\" data-id=\"2f7df96\" data-element_type=\"widget\" data-e-type=\"widget\" data-widget_type=\"image.default\">\n\t\t\t\t<div class=\"elementor-widget-container\">\n\t\t\t\t\t\t\t\t\t\t\t\t\t\t\t\t<a href=\"https:\/\/monteeballondalsace.com\/wp-content\/files\/2025\/12\/Parade-Hystorally-8-8-2025-planV1-scaled.jpeg\" data-elementor-open-lightbox=\"yes\" data-elementor-lightbox-title=\"Parade Hystorally 8-8-2025 planV1\" data-e-action-hash=\"#elementor-action%3Aaction%3Dlightbox%26settings%3DeyJpZCI6ODYxNywidXJsIjoiaHR0cHM6XC9cL21vbnRlZWJhbGxvbmRhbHNhY2UuY29tXC93cC1jb250ZW50XC9maWxlc1wvMjAyNVwvMTJcL1BhcmFkZS1IeXN0b3JhbGx5LTgtOC0yMDI1LXBsYW5WMS1zY2FsZWQuanBlZyJ9\">\n\t\t\t\t\t\t\t<img fetchpriority=\"high\" decoding=\"async\" width=\"768\" height=\"1086\" src=\"https:\/\/monteeballondalsace.com\/wp-content\/files\/2025\/12\/Parade-Hystorally-8-8-2025-planV1-scaled.jpeg\" class=\"attachment-medium_large size-medium_large wp-image-8617\" alt=\"\" srcset=\"https:\/\/monteeballondalsace.com\/wp-content\/files\/2025\/12\/Parade-Hystorally-8-8-2025-planV1-scaled.jpeg 1448w, https:\/\/monteeballondalsace.com\/wp-content\/files\/2025\/12\/Parade-Hystorally-8-8-2025-planV1-212x300.jpeg 212w\" sizes=\"(max-width: 768px) 100vw, 768px\" loading=\"eager\" title=\"\">\t\t\t\t\t\t\t\t<\/a>\n\t\t\t\t\t\t\t\t\t\t\t\t\t\t\t<\/div>\n\t\t\t\t<\/div>\n\t\t\t\t\t<\/div>\n\t\t\t\t<\/div>\n\t\t\t\t<\/div>","protected":false},"excerpt":{"rendered":"<p>PARADE pilotes PARADE \u00e0 Belfort samedi 8 Ao\u00fbt \u00a0 La d\u00e9sormais c\u00e9l\u00e8bre PARADE se d\u00e9roulera Samedi 8 D\u00c9PART DE PARC ARSENAL 17 H<\/p>","protected":false},"author":2,"featured_media":0,"parent":0,"menu_order":0,"comment_status":"closed","ping_status":"closed","template":"elementor_header_footer","meta":{"_acf_changed":false,"footnotes":""},"class_list":["post-3913","page","type-page","status-publish","hentry"],"acf":[],"_links":{"self":[{"href":"https:\/\/monteeballondalsace.com\/en\/wp-json\/wp\/v2\/pages\/3913","targetHints":{"allow":["GET"]}}],"collection":[{"href":"https:\/\/monteeballondalsace.com\/en\/wp-json\/wp\/v2\/pages"}],"about":[{"href":"https:\/\/monteeballondalsace.com\/en\/wp-json\/wp\/v2\/types\/page"}],"author":[{"embeddable":true,"href":"https:\/\/monteeballondalsace.com\/en\/wp-json\/wp\/v2\/users\/2"}],"replies":[{"embeddable":true,"href":"https:\/\/monteeballondalsace.com\/en\/wp-json\/wp\/v2\/comments?post=3913"}],"version-history":[{"count":3,"href":"https:\/\/monteeballondalsace.com\/en\/wp-json\/wp\/v2\/pages\/3913\/revisions"}],"predecessor-version":[{"id":9933,"href":"https:\/\/monteeballondalsace.com\/en\/wp-json\/wp\/v2\/pages\/3913\/revisions\/9933"}],"wp:attachment":[{"href":"https:\/\/monteeballondalsace.com\/en\/wp-json\/wp\/v2\/media?parent=3913"}],"curies":[{"name":"wp","href":"https:\/\/api.w.org\/{rel}","templated":true}]}}