{"id":3836,"date":"2023-11-21T11:23:46","date_gmt":"2023-11-21T10:23:46","guid":{"rendered":"https:\/\/monteeballondalsace.com\/?page_id=3836"},"modified":"2026-04-21T17:08:32","modified_gmt":"2026-04-21T15:08:32","slug":"assurance","status":"publish","type":"page","link":"https:\/\/monteeballondalsace.com\/en\/assurance\/","title":{"rendered":"Assurance"},"content":{"rendered":"<div data-elementor-type=\"wp-page\" data-elementor-id=\"3836\" class=\"elementor elementor-3836\" data-elementor-post-type=\"page\">\n\t\t\t\t<div class=\"elementor-element elementor-element-f160f3f e-flex e-con-boxed e-con e-parent\" data-id=\"f160f3f\" data-element_type=\"container\" data-e-type=\"container\" data-settings=\"{&quot;background_background&quot;:&quot;classic&quot;}\">\n\t\t\t\t\t<div class=\"e-con-inner\">\n\t\t\t\t<div class=\"elementor-element elementor-element-32e5c85 elementor-widget elementor-widget-heading\" data-id=\"32e5c85\" data-element_type=\"widget\" data-e-type=\"widget\" data-widget_type=\"heading.default\">\n\t\t\t\t<div class=\"elementor-widget-container\">\n\t\t\t\t\t<h1 class=\"elementor-heading-title elementor-size-default\">Assurance<\/h1>\t\t\t\t<\/div>\n\t\t\t\t<\/div>\n\t\t\t\t\t<\/div>\n\t\t\t\t<\/div>\n\t\t<div class=\"elementor-element elementor-element-8fffdec e-flex e-con-boxed e-con e-parent\" data-id=\"8fffdec\" data-element_type=\"container\" data-e-type=\"container\">\n\t\t\t\t\t<div class=\"e-con-inner\">\n\t\t\t\t<div class=\"elementor-element elementor-element-4d61706 elementor-widget elementor-widget-text-editor\" data-id=\"4d61706\" data-element_type=\"widget\" data-e-type=\"widget\" data-widget_type=\"text-editor.default\">\n\t\t\t\t<div class=\"elementor-widget-container\">\n\t\t\t\t\t\t\t\t\t<p>Dear Pilots,<\/p><p>This year, as in 2025, our insurance policy will include cover for the duration of the event.<\/p><p>Third-party liability for all participants.<\/p><p>This guarantee applies ONLY when you are on the course defined in the Special Regulations for the Climb (Driver tab\/Driver document\/regulations).\u00a0<\/p><p>In accordance with Article 7 of the regulations, each crew participates in this demonstration climb at their own risk and takes out insurance accordingly, and declares that they have informed their insurer. Failing this, the organiser declines all responsibility.<\/p><p>\u00a0Sportingly,<\/p><p>The Organisers,<\/p>\t\t\t\t\t\t\t\t<\/div>\n\t\t\t\t<\/div>\n\t\t\t\t<div class=\"elementor-element elementor-element-17dc37a elementor-widget elementor-widget-image\" data-id=\"17dc37a\" data-element_type=\"widget\" data-e-type=\"widget\" data-widget_type=\"image.default\">\n\t\t\t\t<div class=\"elementor-widget-container\">\n\t\t\t\t\t\t\t\t\t\t\t\t\t\t\t<img fetchpriority=\"high\" decoding=\"async\" width=\"768\" height=\"512\" src=\"https:\/\/monteeballondalsace.com\/wp-content\/files\/2024\/12\/9C3A4599-768x512.jpg\" class=\"attachment-medium_large size-medium_large wp-image-6927\" alt=\"\" srcset=\"https:\/\/monteeballondalsace.com\/wp-content\/files\/2024\/12\/9C3A4599-768x512.jpg 768w, https:\/\/monteeballondalsace.com\/wp-content\/files\/2024\/12\/9C3A4599-300x200.jpg 300w, https:\/\/monteeballondalsace.com\/wp-content\/files\/2024\/12\/9C3A4599-1024x683.jpg 1024w, https:\/\/monteeballondalsace.com\/wp-content\/files\/2024\/12\/9C3A4599.jpg 1600w\" sizes=\"(max-width: 768px) 100vw, 768px\" loading=\"eager\" title=\"\">\t\t\t\t\t\t\t\t\t\t\t\t\t\t\t<\/div>\n\t\t\t\t<\/div>\n\t\t\t\t\t<\/div>\n\t\t\t\t<\/div>\n\t\t\t\t<\/div>","protected":false},"excerpt":{"rendered":"<p>Assurance Amis Pilotes, Cette ann\u00e9e, comme en 2025 notre police d&rsquo;assurance, pour la dur\u00e9e de l&rsquo;\u00e9v\u00e8nement, int\u00e8gre une couverture Responsabilit\u00e9 Civile Circulation pour l&rsquo;ensemble des participants. Cette garantie s\u2019applique UNIQUEMENT quand vous \u00eates sur le parcours d\u00e9finit dans le R\u00e8glement particulier de la Mont\u00e9e (onglet Pilote\/document Pilote\/r\u00e8glement\u00a0 Conform\u00e9ment \u00e0 l\u2019article 7 du r\u00e8glement chaque \u00e9quipage\u00a0 [&hellip;]<\/p>\n","protected":false},"author":2,"featured_media":0,"parent":0,"menu_order":0,"comment_status":"closed","ping_status":"closed","template":"elementor_header_footer","meta":{"_acf_changed":false,"footnotes":""},"class_list":["post-3836","page","type-page","status-publish","hentry"],"acf":[],"_links":{"self":[{"href":"https:\/\/monteeballondalsace.com\/en\/wp-json\/wp\/v2\/pages\/3836","targetHints":{"allow":["GET"]}}],"collection":[{"href":"https:\/\/monteeballondalsace.com\/en\/wp-json\/wp\/v2\/pages"}],"about":[{"href":"https:\/\/monteeballondalsace.com\/en\/wp-json\/wp\/v2\/types\/page"}],"author":[{"embeddable":true,"href":"https:\/\/monteeballondalsace.com\/en\/wp-json\/wp\/v2\/users\/2"}],"replies":[{"embeddable":true,"href":"https:\/\/monteeballondalsace.com\/en\/wp-json\/wp\/v2\/comments?post=3836"}],"version-history":[{"count":6,"href":"https:\/\/monteeballondalsace.com\/en\/wp-json\/wp\/v2\/pages\/3836\/revisions"}],"predecessor-version":[{"id":9926,"href":"https:\/\/monteeballondalsace.com\/en\/wp-json\/wp\/v2\/pages\/3836\/revisions\/9926"}],"wp:attachment":[{"href":"https:\/\/monteeballondalsace.com\/en\/wp-json\/wp\/v2\/media?parent=3836"}],"curies":[{"name":"wp","href":"https:\/\/api.w.org\/{rel}","templated":true}]}}