{"id":372,"date":"2023-10-12T15:54:51","date_gmt":"2023-10-12T13:54:51","guid":{"rendered":"https:\/\/monteeballondalsace.com\/\/?page_id=372"},"modified":"2026-04-21T17:12:49","modified_gmt":"2026-04-21T15:12:49","slug":"briefing","status":"publish","type":"page","link":"https:\/\/monteeballondalsace.com\/en\/briefing\/","title":{"rendered":"Briefing"},"content":{"rendered":"<div data-elementor-type=\"wp-page\" data-elementor-id=\"372\" class=\"elementor elementor-372\" data-elementor-post-type=\"page\">\n\t\t\t\t<div class=\"elementor-element elementor-element-4c5e36b e-flex e-con-boxed e-con e-parent\" data-id=\"4c5e36b\" data-element_type=\"container\" data-e-type=\"container\" data-settings=\"{&quot;background_background&quot;:&quot;classic&quot;}\">\n\t\t\t\t\t<div class=\"e-con-inner\">\n\t\t\t\t<div class=\"elementor-element elementor-element-b45e6ce elementor-widget elementor-widget-heading\" data-id=\"b45e6ce\" data-element_type=\"widget\" data-e-type=\"widget\" data-widget_type=\"heading.default\">\n\t\t\t\t<div class=\"elementor-widget-container\">\n\t\t\t\t\t<h1 class=\"elementor-heading-title elementor-size-default\">Briefing <\/h1>\t\t\t\t<\/div>\n\t\t\t\t<\/div>\n\t\t\t\t\t<\/div>\n\t\t\t\t<\/div>\n\t\t<div class=\"elementor-element elementor-element-760856e e-grid e-con-boxed e-con e-parent\" data-id=\"760856e\" data-element_type=\"container\" data-e-type=\"container\">\n\t\t\t\t\t<div class=\"e-con-inner\">\n\t\t\t\t<div class=\"elementor-element elementor-element-248068c elementor-widget elementor-widget-text-editor\" data-id=\"248068c\" data-element_type=\"widget\" data-e-type=\"widget\" data-widget_type=\"text-editor.default\">\n\t\t\t\t<div class=\"elementor-widget-container\">\n\t\t\t\t\t\t\t\t\t<p><strong>NOUVEAU\u00a0<\/strong><strong style=\"font-size: 1rem;\">DIMANCHE\u00a0 7 h<\/strong><\/p><p><strong>GIROMAGNY<\/strong><\/p><p>Espace Tuilerie<\/p><p>Chers Pilotes, \u00a0<\/p><p>Nous accueillerons \u00e0 7 h pour le traditionnel BRIEFING qui portera sur les consignes particuli\u00e8res \u00e0 notre Mont\u00e9e\u00a0<\/p><p>Les consignes g\u00e9n\u00e9rales sont dans le Briefing \u00e9crit. (par mail et dans vos sacs pilotes)<\/p><p>Caf\u00e9-brioches accompagneront cette partie matinale<\/p><p>Merci d&rsquo;avance \u00a0<\/p><p>Les Organisateurs,<\/p>\t\t\t\t\t\t\t\t<\/div>\n\t\t\t\t<\/div>\n\t\t\t\t<div class=\"elementor-element elementor-element-f7e72ef elementor-widget elementor-widget-image\" data-id=\"f7e72ef\" data-element_type=\"widget\" data-e-type=\"widget\" data-widget_type=\"image.default\">\n\t\t\t\t<div class=\"elementor-widget-container\">\n\t\t\t\t\t\t\t\t\t\t\t\t\t\t\t\t<a href=\"https:\/\/monteeballondalsace.com\/wp-content\/files\/2025\/12\/briefing_giromagny_plan.png\" data-elementor-open-lightbox=\"yes\" data-elementor-lightbox-title=\"briefing_giromagny_plan\" data-e-action-hash=\"#elementor-action%3Aaction%3Dlightbox%26settings%3DeyJpZCI6ODQwMCwidXJsIjoiaHR0cHM6XC9cL21vbnRlZWJhbGxvbmRhbHNhY2UuY29tXC93cC1jb250ZW50XC9maWxlc1wvMjAyNVwvMTJcL2JyaWVmaW5nX2dpcm9tYWdueV9wbGFuLnBuZyJ9\">\n\t\t\t\t\t\t\t<img fetchpriority=\"high\" decoding=\"async\" width=\"768\" height=\"520\" src=\"https:\/\/monteeballondalsace.com\/wp-content\/files\/2025\/12\/briefing_giromagny_plan-768x520.png\" class=\"attachment-medium_large size-medium_large wp-image-8400\" alt=\"\" srcset=\"https:\/\/monteeballondalsace.com\/wp-content\/files\/2025\/12\/briefing_giromagny_plan-768x520.png 768w, https:\/\/monteeballondalsace.com\/wp-content\/files\/2025\/12\/briefing_giromagny_plan-300x203.png 300w, https:\/\/monteeballondalsace.com\/wp-content\/files\/2025\/12\/briefing_giromagny_plan-1024x693.png 1024w, https:\/\/monteeballondalsace.com\/wp-content\/files\/2025\/12\/briefing_giromagny_plan.png 1770w\" sizes=\"(max-width: 768px) 100vw, 768px\" loading=\"eager\" title=\"\">\t\t\t\t\t\t\t\t<\/a>\n\t\t\t\t\t\t\t\t\t\t\t\t\t\t\t<\/div>\n\t\t\t\t<\/div>\n\t\t\t\t<div class=\"elementor-element elementor-element-7f70a28 elementor-widget elementor-widget-image\" data-id=\"7f70a28\" data-element_type=\"widget\" data-e-type=\"widget\" data-widget_type=\"image.default\">\n\t\t\t\t<div class=\"elementor-widget-container\">\n\t\t\t\t\t\t\t\t\t\t\t\t\t\t\t\t<a href=\"https:\/\/monteeballondalsace.com\/wp-content\/files\/2025\/12\/briefing_Giromagny.webp\" data-elementor-open-lightbox=\"yes\" data-elementor-lightbox-title=\"briefing_Giromagny\" data-e-action-hash=\"#elementor-action%3Aaction%3Dlightbox%26settings%3DeyJpZCI6ODM5OCwidXJsIjoiaHR0cHM6XC9cL21vbnRlZWJhbGxvbmRhbHNhY2UuY29tXC93cC1jb250ZW50XC9maWxlc1wvMjAyNVwvMTJcL2JyaWVmaW5nX0dpcm9tYWdueS53ZWJwIn0%3D\">\n\t\t\t\t\t\t\t<img decoding=\"async\" width=\"474\" height=\"277\" src=\"https:\/\/monteeballondalsace.com\/wp-content\/files\/2025\/12\/briefing_Giromagny.webp\" class=\"attachment-medium_large size-medium_large wp-image-8398\" alt=\"\" srcset=\"https:\/\/monteeballondalsace.com\/wp-content\/files\/2025\/12\/briefing_Giromagny.webp 474w, https:\/\/monteeballondalsace.com\/wp-content\/files\/2025\/12\/briefing_Giromagny-300x175.webp 300w\" sizes=\"(max-width: 474px) 100vw, 474px\" loading=\"eager\" title=\"\">\t\t\t\t\t\t\t\t<\/a>\n\t\t\t\t\t\t\t\t\t\t\t\t\t\t\t<\/div>\n\t\t\t\t<\/div>\n\t\t\t\t\t<\/div>\n\t\t\t\t<\/div>\n\t\t\t\t<\/div>","protected":false},"excerpt":{"rendered":"<p>Briefing NOUVEAU\u00a0DIMANCHE\u00a0 7 h GIROMAGNY Espace Tuilerie Chers Pilotes, \u00a0 Nous accueillerons \u00e0 7 h pour le traditionnel BRIEFING qui portera sur les consignes particuli\u00e8res \u00e0 notre Mont\u00e9e\u00a0 Les consignes g\u00e9n\u00e9rales sont dans le Briefing \u00e9crit. (par mail et dans vos sacs pilotes) Caf\u00e9-brioches accompagneront cette partie matinale Merci d&rsquo;avance \u00a0 Les Organisateurs,<\/p>","protected":false},"author":2,"featured_media":0,"parent":0,"menu_order":0,"comment_status":"closed","ping_status":"closed","template":"elementor_header_footer","meta":{"_acf_changed":false,"footnotes":""},"class_list":["post-372","page","type-page","status-publish","hentry"],"acf":[],"_links":{"self":[{"href":"https:\/\/monteeballondalsace.com\/en\/wp-json\/wp\/v2\/pages\/372","targetHints":{"allow":["GET"]}}],"collection":[{"href":"https:\/\/monteeballondalsace.com\/en\/wp-json\/wp\/v2\/pages"}],"about":[{"href":"https:\/\/monteeballondalsace.com\/en\/wp-json\/wp\/v2\/types\/page"}],"author":[{"embeddable":true,"href":"https:\/\/monteeballondalsace.com\/en\/wp-json\/wp\/v2\/users\/2"}],"replies":[{"embeddable":true,"href":"https:\/\/monteeballondalsace.com\/en\/wp-json\/wp\/v2\/comments?post=372"}],"version-history":[{"count":6,"href":"https:\/\/monteeballondalsace.com\/en\/wp-json\/wp\/v2\/pages\/372\/revisions"}],"predecessor-version":[{"id":9948,"href":"https:\/\/monteeballondalsace.com\/en\/wp-json\/wp\/v2\/pages\/372\/revisions\/9948"}],"wp:attachment":[{"href":"https:\/\/monteeballondalsace.com\/en\/wp-json\/wp\/v2\/media?parent=372"}],"curies":[{"name":"wp","href":"https:\/\/api.w.org\/{rel}","templated":true}]}}