{"id":3648,"date":"2023-11-15T13:21:32","date_gmt":"2023-11-15T12:21:32","guid":{"rendered":"https:\/\/monteeballondalsace.com\/politique-de-cookies-ue\/"},"modified":"2026-03-31T08:47:59","modified_gmt":"2026-03-31T06:47:59","slug":"mentions-legales","status":"publish","type":"page","link":"https:\/\/monteeballondalsace.com\/en\/mentions-legales\/","title":{"rendered":"Legal notice"},"content":{"rendered":"<div data-elementor-type=\"wp-page\" data-elementor-id=\"3648\" class=\"elementor elementor-3648\" data-elementor-post-type=\"page\">\n\t\t\t\t<div class=\"elementor-element elementor-element-7bf9adb e-flex e-con-boxed e-con e-parent\" data-id=\"7bf9adb\" data-element_type=\"container\" data-e-type=\"container\">\n\t\t\t\t\t<div class=\"e-con-inner\">\n\t\t\t\t<div class=\"elementor-element elementor-element-1d4af6b elementor-widget elementor-widget-text-editor\" data-id=\"1d4af6b\" data-element_type=\"widget\" data-e-type=\"widget\" data-widget_type=\"text-editor.default\">\n\t\t\t\t<div class=\"elementor-widget-container\">\n\t\t\t\t\t\t\t\t\t<h2><strong>1. \u00c9diteur du site<\/strong><\/h2>\n<p>Le site <strong><a href=\"https:\/\/monteeballondalsace.com\/en\/\">https:\/\/monteeballondalsace.com\/<\/a><\/strong> est \u00e9dit\u00e9 par :<\/p>\n<p><strong>HISTORALLY<\/strong><br>Si\u00e8ge social : 11 Rue Jean Moulin, 25400 Audincourt<br>SIRET : 822 133 179 00013<br>RCS Belfort<br>Site : <a href=\"https:\/\/historally.com\/\" target=\"_blank\" rel=\"noopener\">https:\/\/historally.com\/<\/a><\/p>\n<h2><strong>2. Responsable de la publication<\/strong><\/h2>\n<p>Le responsable de la publication est <strong>Jean-Pierre MUNSCH<\/strong>, en sa qualit\u00e9 de pr\u00e9sident de <strong>HISTORALLY<\/strong>.<br><\/p>\n<h2><strong>3. H\u00e9bergement et cr\u00e9ation du site<\/strong><\/h2>\n<p>Le site a \u00e9t\u00e9 con\u00e7u et est h\u00e9berg\u00e9 par Agence Facton.<\/p>\n<h2><strong>4. Propri\u00e9t\u00e9 intellectuelle<\/strong><\/h2>\n<p>L\u2019ensemble des \u00e9l\u00e9ments pr\u00e9sents sur le site (textes, images, graphismes, logos, vid\u00e9os, etc.) est la propri\u00e9t\u00e9 exclusive de <strong>HISTORALLY<\/strong>, sauf mentions contraires. Toute reproduction, distribution, modification ou exploitation sans autorisation pr\u00e9alable est interdite.<\/p>\n<h2><strong>5. Donn\u00e9es personnelles<\/strong><\/h2>\n<p>Les informations personnelles collect\u00e9es via le site sont destin\u00e9es \u00e0 la gestion des inscriptions et \u00e0 la communication relative \u00e0 l&rsquo;\u00e9v\u00e9nement <strong>Mont\u00e9e Ballon d\u2019Alsace<\/strong>.<br>Conform\u00e9ment au <strong>RGPD<\/strong> et \u00e0 la loi <strong>Informatique et Libert\u00e9s<\/strong>, vous disposez d\u2019un droit d\u2019acc\u00e8s, de rectification et de suppression des donn\u00e9es vous concernant en contactant <strong>HISTORALLY<\/strong> \u00e0 l\u2019adresse e-mail mentionn\u00e9e ci-dessus.<\/p>\n<h2><strong>6. Cookies<\/strong><\/h2>\n<p>Le site utilise des cookies pour am\u00e9liorer l\u2019exp\u00e9rience utilisateur et des outils analytiques. Vous pouvez g\u00e9rer vos pr\u00e9f\u00e9rences de cookies via les param\u00e8tres de votre navigateur.<\/p>\n<h2><strong>7. Responsabilit\u00e9<\/strong><\/h2>\n<p><strong>HISTORALLY<\/strong> s\u2019efforce de fournir des informations \u00e0 jour et exactes sur le site, mais ne peut \u00eatre tenu responsable des erreurs, omissions ou interruptions de service. L\u2019utilisateur est invit\u00e9 \u00e0 signaler toute erreur ou contenu inappropri\u00e9 via l\u2019e-mail de contact.<\/p>\n<h2><strong>8. Droit applicable<\/strong><\/h2>\n<p>Les pr\u00e9sentes mentions l\u00e9gales sont soumises au droit fran\u00e7ais. Tout litige sera soumis aux tribunaux comp\u00e9tents de <strong>Belfort<\/strong>.<\/p>\t\t\t\t\t\t\t\t<\/div>\n\t\t\t\t<\/div>\n\t\t\t\t\t<\/div>\n\t\t\t\t<\/div>\n\t\t\t\t<\/div>","protected":false},"excerpt":{"rendered":"<p>1. \u00c9diteur du site Le site https:\/\/monteeballondalsace.com\/ est \u00e9dit\u00e9 par : HISTORALLYSi\u00e8ge social : 11 Rue Jean Moulin, 25400 AudincourtSIRET : 822 133 179 00013RCS BelfortSite : https:\/\/historally.com\/ 2. Responsable de la publication Le responsable de la publication est Jean-Pierre MUNSCH, en sa qualit\u00e9 de pr\u00e9sident de HISTORALLY. 3. H\u00e9bergement et cr\u00e9ation du site Le [&hellip;]<\/p>\n","protected":false},"author":2,"featured_media":0,"parent":0,"menu_order":0,"comment_status":"closed","ping_status":"closed","template":"elementor_header_footer","meta":{"_acf_changed":false,"footnotes":""},"class_list":["post-3648","page","type-page","status-publish","hentry"],"acf":[],"_links":{"self":[{"href":"https:\/\/monteeballondalsace.com\/en\/wp-json\/wp\/v2\/pages\/3648","targetHints":{"allow":["GET"]}}],"collection":[{"href":"https:\/\/monteeballondalsace.com\/en\/wp-json\/wp\/v2\/pages"}],"about":[{"href":"https:\/\/monteeballondalsace.com\/en\/wp-json\/wp\/v2\/types\/page"}],"author":[{"embeddable":true,"href":"https:\/\/monteeballondalsace.com\/en\/wp-json\/wp\/v2\/users\/2"}],"replies":[{"embeddable":true,"href":"https:\/\/monteeballondalsace.com\/en\/wp-json\/wp\/v2\/comments?post=3648"}],"version-history":[{"count":0,"href":"https:\/\/monteeballondalsace.com\/en\/wp-json\/wp\/v2\/pages\/3648\/revisions"}],"wp:attachment":[{"href":"https:\/\/monteeballondalsace.com\/en\/wp-json\/wp\/v2\/media?parent=3648"}],"curies":[{"name":"wp","href":"https:\/\/api.w.org\/{rel}","templated":true}]}}