{"id":349,"date":"2023-10-12T15:17:37","date_gmt":"2023-10-12T13:17:37","guid":{"rendered":"https:\/\/monteeballondalsace.com\/\/?page_id=349"},"modified":"2026-04-21T17:09:18","modified_gmt":"2026-04-21T15:09:18","slug":"parc-lepuix-repas","status":"publish","type":"page","link":"https:\/\/monteeballondalsace.com\/en\/parc-lepuix-repas\/","title":{"rendered":"FFSA"},"content":{"rendered":"<div data-elementor-type=\"wp-page\" data-elementor-id=\"349\" class=\"elementor elementor-349\" data-elementor-post-type=\"page\">\n\t\t\t\t<div class=\"elementor-element elementor-element-4fa3143 e-flex e-con-boxed e-con e-parent\" data-id=\"4fa3143\" data-element_type=\"container\" data-e-type=\"container\" data-settings=\"{&quot;background_background&quot;:&quot;classic&quot;}\">\n\t\t\t\t\t<div class=\"e-con-inner\">\n\t\t\t\t<div class=\"elementor-element elementor-element-a011396 elementor-widget elementor-widget-heading\" data-id=\"a011396\" data-element_type=\"widget\" data-e-type=\"widget\" data-widget_type=\"heading.default\">\n\t\t\t\t<div class=\"elementor-widget-container\">\n\t\t\t\t\t<h1 class=\"elementor-heading-title elementor-size-default\">FFSA<\/h1>\t\t\t\t<\/div>\n\t\t\t\t<\/div>\n\t\t\t\t\t<\/div>\n\t\t\t\t<\/div>\n\t\t<div class=\"elementor-element elementor-element-5702117 e-flex e-con-boxed e-con e-parent\" data-id=\"5702117\" data-element_type=\"container\" data-e-type=\"container\">\n\t\t\t\t\t<div class=\"e-con-inner\">\n\t\t\t\t<div class=\"elementor-element elementor-element-dc09e5d elementor-widget elementor-widget-image\" data-id=\"dc09e5d\" data-element_type=\"widget\" data-e-type=\"widget\" data-widget_type=\"image.default\">\n\t\t\t\t<div class=\"elementor-widget-container\">\n\t\t\t\t\t\t\t\t\t\t\t\t\t\t\t<img decoding=\"async\" width=\"300\" height=\"121\" src=\"https:\/\/monteeballondalsace.com\/wp-content\/files\/2025\/12\/logo_FFSA-300x121.png\" class=\"attachment-medium size-medium wp-image-8354\" alt=\"\" srcset=\"https:\/\/monteeballondalsace.com\/wp-content\/files\/2025\/12\/logo_FFSA-300x121.png 300w, https:\/\/monteeballondalsace.com\/wp-content\/files\/2025\/12\/logo_FFSA-768x311.png 768w, https:\/\/monteeballondalsace.com\/wp-content\/files\/2025\/12\/logo_FFSA.png 776w\" sizes=\"(max-width: 300px) 100vw, 300px\" loading=\"eager\" title=\"\">\t\t\t\t\t\t\t\t\t\t\t\t\t\t\t<\/div>\n\t\t\t\t<\/div>\n\t\t\t\t\t<\/div>\n\t\t\t\t<\/div>\n\t\t<div class=\"elementor-element elementor-element-ee8eb29 e-flex e-con-boxed e-con e-parent\" data-id=\"ee8eb29\" data-element_type=\"container\" data-e-type=\"container\">\n\t\t\t\t\t<div class=\"e-con-inner\">\n\t\t\t\t<div class=\"elementor-element elementor-element-ce33865 elementor-widget elementor-widget-text-editor\" data-id=\"ce33865\" data-element_type=\"widget\" data-e-type=\"widget\" data-widget_type=\"text-editor.default\">\n\t\t\t\t<div class=\"elementor-widget-container\">\n\t\t\t\t\t\t\t\t\tVous le retrouvez \u00e9galement dans l&rsquo;onglet R\u00e8glement\n<h3><strong>PILOTE\u00a0 \u00a0les Obligations pour TOUS<\/strong><\/h3>\n<ul>\n \t<li>Licence pour une journ\u00e9e qui se nomme Titre de Participation co\u00fbt 23 \u20ac,<\/li>\n \t<li>\u00a0 \u00a0 \u00a0 \u00a0 \u00a0 OU<\/li>\n \t<li>Licence Annuelle\u00a0 70 \u20ac<\/li>\n<\/ul>\nDANS LES 2 CAS\n<strong>PAS DE CERTIFICAT MEDICAL<\/strong>\nM\u00eames Conditions pour les Pilotes ETRANGERS\n<strong>Comment OBTENIR son Titre de participation\u00a0 <\/strong>\n<iframe title=\"TP \u00c9preuves   Saisie par les participants\" width=\"800\" height=\"450\" src=\"https:\/\/www.youtube.com\/embed\/l7XibzlEQ3o?feature=oembed\" frameborder=\"0\" allow=\"accelerometer; autoplay; clipboard-write; encrypted-media; gyroscope; picture-in-picture; web-share\" referrerpolicy=\"strict-origin-when-cross-origin\" allowfullscreen><\/iframe>\n<h4>EQUIPEMENT PILOTE<\/h4>\n<ol>\n \t<li>CASQUE\u00a0 \u00a0 \u00a0 \u00a0 Port d&rsquo;un casque homologu\u00e9 sans date de validit\u00e9 , integral obligatoire pour les autos sans pare brise<\/li>\n<\/ol>\nVETEMENTS qui couvrent int\u00e9gralement le corps mati\u00e8re synth\u00e9tiques prohib\u00e9es.(pas de short, Top&#8230;)\nCOMBINAISON mod\u00e8le ayant \u00e9t\u00e9 Homologu\u00e9 sans limite de date, son port est recommand\u00e9, mais <strong>Obligatoire<\/strong> \u00e0 bord des monoplaces et biplaces\n<strong> Syst\u00e8me RFT\u00a0<\/strong> ( Hans)\u00a0 <strong>\u00a0Recommand\u00e9 pas obligatoire qu&rsquo;elle que soit l&rsquo;auto<\/strong>\n<h4><strong>LICENCES\u00a0<\/strong><\/h4>\n<h5>PILOTES\u00a0 ET COPILOTES \/PASSAGERS de Toutes voitures :<\/h5>\n<h5>Licence conducteur Fran\u00e7aise ou \u00e9trang\u00e8re en cours de validit\u00e9 OU titre de participation \u00e0 la journ\u00e9e <strong>Obligatoires*<\/strong><\/h5>\n<h6>*<strong>(additif r\u00e8glement MHIBA)<\/strong><\/h6>\n<h3><strong>AUTOS<\/strong><\/h3>\nPour Toutes les <strong>AUTOS<\/strong> qui poss\u00e8dent un <strong>CONTROLE TECHNIQUE ROUTIER<\/strong>\u00a0 (Autosur, Dekra <strong>ou Europ\u00e9en<\/strong>) et qui sont donc immatricul\u00e9es\nOBLIGATIONS de\nCeinture de s\u00e9curit\u00e9 d&rsquo;origine ou Harnais homologu\u00e9s ou ayant \u00e9t\u00e9 homologu\u00e9s sans date limite\nExtincteur 2 kg en cours de validit\u00e9\u00a0 ( attention aux fixations 2 points obligatoires)\nSi\u00e8ges d&rsquo;origine\nR\u00e9servoir\u00a0 Origine\nPour les<strong> AUTRES Autos<\/strong> ce qui est <strong>Obligatoire<\/strong>\nHarnais homologu\u00e9s\nExtincteur\nRoll Bar\u00a0 conforme \u00e0 la fiche de la voiture ou \u00ab\u00a0au minima pour structure de s\u00e9curit\u00e9\u00a0\u00bb\u00a0 pour les voitures jusqu&rsquo;au 31\/12\/1990\n\u00e0 Partir du 01\/01\/1991 Annexe J article 253-8 de l&rsquo;Annexe FFSA\nBaquets\u00a0 \u00a0homologu\u00e9s ou ayant \u00e9t\u00e9 homologu\u00e9s sans date limite\n<strong>PASSEPORT TECHNIQUE<\/strong>\u00a0 \u00a0en cours ou anciens sans limitation de date\n<strong>\u00a0OU<\/strong>\n<strong>APPROBATION\u00a0 DE VEHICULE EXPERIMENTAL<\/strong>\u00a0 \u00a0d\u00e9livr\u00e9e par la FFSA ( t\u00e9l\u00e9charger le formulaire dans onglet Pilote\/ Documents Pilotes)\nDeux mots sur ce document\n<strong>On ne peut plus simple<\/strong> vous devez seulement r\u00e9pondre \u00e0 13 questions sur un document A4\u00a0 et le renvoyer \u00e0 la FFSA accompagn\u00e9\u00a0 de 11 photos\nrenvoyez le tout par mail \u00e0 <strong>n.espesson@ffsa.org\u00a0 \u00a0 \u00a0ou par courrier \u00e0 la FFSA\u00a0 32,Avenue de New York\u00a0 75781 PARIS cedex 16<\/strong>\nPas de visite chez un commissaire technique, l&rsquo;attestation d&rsquo;approbation num\u00e9rot\u00e9e est d\u00e9livr\u00e9e par la FFSA \u00e0 titre gratuit, sans limitation de dur\u00e9e.\nC&rsquo;est exceptionnel\n<strong>SI VOUS RENCONTREZ UNE DIFFICULTE POUR LE COMPL\u00c9TER CONTACTER NOTRE ASSISTANCE \u00e0 ballon@historally.com\u00a0 NOUS VOUS RAPPELERONS<\/strong>\nL&rsquo;esprit de ce document est plus de v\u00e9rifier la qualit\u00e9 de montage donc la solidit\u00e9 de la voiture.\nA titre d&rsquo;exemple, on a vu une Renault 8 au look de R8 Gordini , \u00e9quip\u00e9e d&rsquo;un moteur Honda \u00eatre Approuv\u00e9e, pourquoi\u00a0 simplement parce que cette voiture est un mod\u00e8le de qualit\u00e9. Pas de fils qui se baladent, de si\u00e8ges qui hochent ou sont fix\u00e9s dans de la t\u00f4le fatigu\u00e9e avec des boulons ridiculement petits&#8230;&#8230;\n<div>C&rsquo;est pour votre s\u00e9curit\u00e9.<\/div>\n\n<div>Quelques conseils<\/div>\n<div>Faites des photos bien nettes de chaque \u00e9l\u00e9ment, indiquez ce que vous montrer ( exemple support moteur) noter sur chaque photo, votre nom pr\u00e9nom, la marque et mod\u00e8le de l&rsquo;auto avec l&rsquo;immatriculation si elle existe. Reduisez la d\u00e9finition et la taille de vos photos pour les rendre facile \u00e0 envoyer et \u00e0 charger<\/div>\n\t\t\t\t\t\t\t\t<\/div>\n\t\t\t\t<\/div>\n\t\t\t\t\t<\/div>\n\t\t\t\t<\/div>\n\t\t<div class=\"elementor-element elementor-element-9dfd3a1 e-flex e-con-boxed e-con e-parent\" data-id=\"9dfd3a1\" data-element_type=\"container\" data-e-type=\"container\">\n\t\t\t\t\t<div class=\"e-con-inner\">\n\t\t\t\t<div class=\"elementor-element elementor-element-ca70c03 elementor-align-center elementor-widget elementor-widget-button\" data-id=\"ca70c03\" data-element_type=\"widget\" data-e-type=\"widget\" data-widget_type=\"button.default\">\n\t\t\t\t<div class=\"elementor-widget-container\">\n\t\t\t\t\t\t\t\t\t<div class=\"elementor-button-wrapper\">\n\t\t\t\t\t<a class=\"elementor-button elementor-button-link elementor-size-sm\" href=\"https:\/\/monteeballondalsace.com\/wp-content\/files\/2026\/01\/Document_Dde_Approbation_Vehicule_Experimental-.pdf\" target=\"_blank\">\n\t\t\t\t\t\t<span class=\"elementor-button-content-wrapper\">\n\t\t\t\t\t\t\t\t\t<span class=\"elementor-button-text\">T\u00c9L\u00c9CHARGEZ  ici le formulaire d'approbation de v\u00e9hicule par FFSA<\/span>\n\t\t\t\t\t<\/span>\n\t\t\t\t\t<\/a>\n\t\t\t\t<\/div>\n\t\t\t\t\t\t\t\t<\/div>\n\t\t\t\t<\/div>\n\t\t\t\t\t<\/div>\n\t\t\t\t<\/div>\n\t\t\t\t<\/div>","protected":false},"excerpt":{"rendered":"<p>FFSA Vous le retrouvez \u00e9galement dans l&rsquo;onglet R\u00e8glement PILOTE\u00a0 \u00a0les Obligations pour TOUS Licence pour une journ\u00e9e qui se nomme Titre de Participation co\u00fbt 23 \u20ac, \u00a0 \u00a0 \u00a0 \u00a0 \u00a0 OU Licence Annuelle\u00a0 70 \u20ac DANS LES 2 CAS PAS DE CERTIFICAT MEDICAL M\u00eames Conditions pour les Pilotes ETRANGERS Comment OBTENIR son Titre de [&hellip;]<\/p>\n","protected":false},"author":2,"featured_media":0,"parent":0,"menu_order":0,"comment_status":"closed","ping_status":"closed","template":"elementor_header_footer","meta":{"_acf_changed":false,"footnotes":""},"class_list":["post-349","page","type-page","status-publish","hentry"],"acf":[],"_links":{"self":[{"href":"https:\/\/monteeballondalsace.com\/en\/wp-json\/wp\/v2\/pages\/349","targetHints":{"allow":["GET"]}}],"collection":[{"href":"https:\/\/monteeballondalsace.com\/en\/wp-json\/wp\/v2\/pages"}],"about":[{"href":"https:\/\/monteeballondalsace.com\/en\/wp-json\/wp\/v2\/types\/page"}],"author":[{"embeddable":true,"href":"https:\/\/monteeballondalsace.com\/en\/wp-json\/wp\/v2\/users\/2"}],"replies":[{"embeddable":true,"href":"https:\/\/monteeballondalsace.com\/en\/wp-json\/wp\/v2\/comments?post=349"}],"version-history":[{"count":3,"href":"https:\/\/monteeballondalsace.com\/en\/wp-json\/wp\/v2\/pages\/349\/revisions"}],"predecessor-version":[{"id":9930,"href":"https:\/\/monteeballondalsace.com\/en\/wp-json\/wp\/v2\/pages\/349\/revisions\/9930"}],"wp:attachment":[{"href":"https:\/\/monteeballondalsace.com\/en\/wp-json\/wp\/v2\/media?parent=349"}],"curies":[{"name":"wp","href":"https:\/\/api.w.org\/{rel}","templated":true}]}}