{"id":3374,"date":"2023-11-08T13:43:52","date_gmt":"2023-11-08T12:43:52","guid":{"rendered":"https:\/\/monteeballondalsace.com\/\/?page_id=3374"},"modified":"2026-04-21T17:05:04","modified_gmt":"2026-04-21T15:05:04","slug":"timing-of-convocations","status":"publish","type":"page","link":"https:\/\/monteeballondalsace.com\/en\/timing-convocations\/","title":{"rendered":"Timing of convocations"},"content":{"rendered":"<div data-elementor-type=\"wp-page\" data-elementor-id=\"3374\" class=\"elementor elementor-3374\" data-elementor-post-type=\"page\">\n\t\t\t\t<div class=\"elementor-element elementor-element-86e727a e-flex e-con-boxed e-con e-parent\" data-id=\"86e727a\" data-element_type=\"container\" data-e-type=\"container\" data-settings=\"{&quot;background_background&quot;:&quot;classic&quot;}\">\n\t\t\t\t\t<div class=\"e-con-inner\">\n\t\t\t\t<div class=\"elementor-element elementor-element-5b425bf elementor-widget elementor-widget-heading\" data-id=\"5b425bf\" data-element_type=\"widget\" data-e-type=\"widget\" data-widget_type=\"heading.default\">\n\t\t\t\t<div class=\"elementor-widget-container\">\n\t\t\t\t\t<h1 class=\"elementor-heading-title elementor-size-default\">Timing of convocations<\/h1>\t\t\t\t<\/div>\n\t\t\t\t<\/div>\n\t\t\t\t\t<\/div>\n\t\t\t\t<\/div>\n\t\t<div class=\"elementor-element elementor-element-e2624b1 e-flex e-con-boxed e-con e-parent\" data-id=\"e2624b1\" data-element_type=\"container\" data-e-type=\"container\">\n\t\t\t\t\t<div class=\"e-con-inner\">\n\t\t\t\t<div class=\"elementor-element elementor-element-d56dba2 elementor-widget elementor-widget-text-editor\" data-id=\"d56dba2\" data-element_type=\"widget\" data-e-type=\"widget\" data-widget_type=\"text-editor.default\">\n\t\t\t\t<div class=\"elementor-widget-container\">\n\t\t\t\t\t\t\t\t\t<h2>2026 Drivers' Schedule and Programme<\/h2><h2>Friday 7 \u2013 Saturday 8 August<\/h2><h3>At Belfort (Plans in the Pilot tab)<\/h3><p><strong>Crew reception and Administrative checks P Arsenal<\/strong><br \/>Friday 7 August from 2 p.m. \u2013 Community Centre (50m from Arsenal)<br \/>Saturday 8 August from 8 a.m. - non-stop until 5:30 p.m.<\/p><p><strong>Technical checks Arsenal Park:<\/strong><br \/>Friday 7th August from 2pm \u2013 Arsenal Car Park<br \/>Saturday 8 August from 8 a.m. - non-stop until 5:30 p.m.<\/p><p><strong>Procession<\/strong> Departure Parc Arsenal Saturday 8th at 5 PM<\/p><p><strong>Welcome drink<\/strong> jointly offered by the City of Belfort and Historally \u2013 Parc Arsenal 6.30 pm<\/p><h3>LEPUIX (Plans in a pilot's tab)<\/h3><p>Friday 7 \u2013 Saturday 8 Welcome<\/p><p>Assistance vehicle and C-Car supply park<\/p><h2>Sunday 9 August<\/h2><h3>CONVOCATION \u2013 BRIEFING and ASCENSION<\/h3><p><strong>Belfort Giromagny<\/strong><br \/>Free Departure from Parc Arsenal<br \/>Tuileries Garden Assembly Area<br \/>Briefing 7:00 AM (see Plans tab)<\/p><p><strong>LEPUX<\/strong><br \/>Pre-Grille 7:45 AM<br \/>Depart 8:15<br \/>First car<\/p><p><strong>Attention:<\/strong> The COL will be closed at the summit at 6:45 AM, even for competitors, so please plan to arrive on time. Latecomers will wait at the summit and descend with the convoy from the first climb.<\/p>\t\t\t\t\t\t\t\t<\/div>\n\t\t\t\t<\/div>\n\t\t\t\t\t<\/div>\n\t\t\t\t<\/div>\n\t\t\t\t<\/div>","protected":false},"excerpt":{"rendered":"<p>Timing convocations Horaires et Programme Pilotes 2026 Vendredi 7 &#8211; samedi 8 Ao\u00fbt \u00c0 BELFORT (Plans dans onglet Pilote) Accueil des \u00e9quipages et V\u00e9rifications administratives P Arsenal :Vendredi 7 Ao\u00fbt \u00e0 partir de 14 h &#8211; Maison de quartier (50 m de Arsenal)Samedi 8 Ao\u00fbt \u00e0 partir de 8 h &#8211; non stop 17h30 V\u00e9rifications [&hellip;]<\/p>\n","protected":false},"author":2,"featured_media":0,"parent":0,"menu_order":0,"comment_status":"closed","ping_status":"closed","template":"elementor_header_footer","meta":{"_acf_changed":false,"footnotes":""},"class_list":["post-3374","page","type-page","status-publish","hentry"],"acf":[],"_links":{"self":[{"href":"https:\/\/monteeballondalsace.com\/en\/wp-json\/wp\/v2\/pages\/3374","targetHints":{"allow":["GET"]}}],"collection":[{"href":"https:\/\/monteeballondalsace.com\/en\/wp-json\/wp\/v2\/pages"}],"about":[{"href":"https:\/\/monteeballondalsace.com\/en\/wp-json\/wp\/v2\/types\/page"}],"author":[{"embeddable":true,"href":"https:\/\/monteeballondalsace.com\/en\/wp-json\/wp\/v2\/users\/2"}],"replies":[{"embeddable":true,"href":"https:\/\/monteeballondalsace.com\/en\/wp-json\/wp\/v2\/comments?post=3374"}],"version-history":[{"count":3,"href":"https:\/\/monteeballondalsace.com\/en\/wp-json\/wp\/v2\/pages\/3374\/revisions"}],"predecessor-version":[{"id":9914,"href":"https:\/\/monteeballondalsace.com\/en\/wp-json\/wp\/v2\/pages\/3374\/revisions\/9914"}],"wp:attachment":[{"href":"https:\/\/monteeballondalsace.com\/en\/wp-json\/wp\/v2\/media?parent=3374"}],"curies":[{"name":"wp","href":"https:\/\/api.w.org\/{rel}","templated":true}]}}