{"id":332,"date":"2023-10-12T14:52:19","date_gmt":"2023-10-12T12:52:19","guid":{"rendered":"https:\/\/monteeballondalsace.com\/\/?page_id=332"},"modified":"2026-04-21T16:41:50","modified_gmt":"2026-04-21T14:41:50","slug":"voitures-admises-admission","status":"publish","type":"page","link":"https:\/\/monteeballondalsace.com\/en\/voitures-admises-admission\/","title":{"rendered":"Voitures admises &#8211; Admission"},"content":{"rendered":"<div data-elementor-type=\"wp-page\" data-elementor-id=\"332\" class=\"elementor elementor-332\" data-elementor-post-type=\"page\">\n\t\t\t\t<div class=\"elementor-element elementor-element-8c2ffb4 e-flex e-con-boxed e-con e-parent\" data-id=\"8c2ffb4\" data-element_type=\"container\" data-e-type=\"container\" data-settings=\"{&quot;background_background&quot;:&quot;classic&quot;}\">\n\t\t\t\t\t<div class=\"e-con-inner\">\n\t\t\t\t<div class=\"elementor-element elementor-element-25f3f4f elementor-widget elementor-widget-heading\" data-id=\"25f3f4f\" data-element_type=\"widget\" data-e-type=\"widget\" data-widget_type=\"heading.default\">\n\t\t\t\t<div class=\"elementor-widget-container\">\n\t\t\t\t\t<h1 class=\"elementor-heading-title elementor-size-default\">Voitures admises - admissions<\/h1>\t\t\t\t<\/div>\n\t\t\t\t<\/div>\n\t\t\t\t\t<\/div>\n\t\t\t\t<\/div>\n\t\t<div class=\"elementor-element elementor-element-777e43e e-flex e-con-boxed e-con e-parent\" data-id=\"777e43e\" data-element_type=\"container\" data-e-type=\"container\">\n\t\t\t\t\t<div class=\"e-con-inner\">\n\t\t<div class=\"elementor-element elementor-element-2c035bf e-flex e-con-boxed e-con e-child\" data-id=\"2c035bf\" data-element_type=\"container\" data-e-type=\"container\">\n\t\t\t\t\t<div class=\"e-con-inner\">\n\t\t\t\t<div class=\"elementor-element elementor-element-c31c713 elementor-widget elementor-widget-heading\" data-id=\"c31c713\" data-element_type=\"widget\" data-e-type=\"widget\" data-widget_type=\"heading.default\">\n\t\t\t\t<div class=\"elementor-widget-container\">\n\t\t\t\t\t<h2 class=\"elementor-heading-title elementor-size-default\">Article 4 : V\u00e9hicules admis <\/h2>\t\t\t\t<\/div>\n\t\t\t\t<\/div>\n\t\t\t\t<div class=\"elementor-element elementor-element-f0977e3 elementor-widget elementor-widget-text-editor\" data-id=\"f0977e3\" data-element_type=\"widget\" data-e-type=\"widget\" data-widget_type=\"text-editor.default\">\n\t\t\t\t<div class=\"elementor-widget-container\">\n\t\t\t\t\t\t\t\t\t<h6>Suivant R\u00e8glement Additionnel MHIBA\u00a0 2026-V2-4 du 28\/02\/2026<\/h6><h6>ART. 4 -2: V\u00e9hicules admis<\/h6><p>Une mont\u00e9e historique comm\u00e9morant une ancienne course automobile, nous privil\u00e9gions les anciennes voitures de comp\u00e9tition toutes cat\u00e9gories. Les v\u00e9hicules d\u2019avant et jusqu\u2019au 31\/12\/1982 sont admis, ceux d\u2019au moins 30 ans sont admissibles y compris les v\u00e9hicules barquettes, protos et monoplaces et non immatricul\u00e9s \u00a0Nombre maximal 180 voitures<\/p><p>\u00a0<\/p><h6>ART. 4 -3 Configuration des v\u00e9hicules admis \u00a0<\/h6><p>\u00a0<\/p><h5>TOUTES les voitures de ces p\u00e9riodes sont admises sur dossier sans exception dans la configuration technique de l\u2019\u00e9poque o\u00f9 dans celle o\u00f9 elles roulent en comp\u00e9tition.<\/h5><p>\u00a0<\/p><p>ART 4-4 Equipements de S\u00e9curit\u00e9 des V\u00e9hicules pas de s\u00e9rie\u00a0 \u00a0voir RTS\u00a0 FFSA<\/p><p>\u00a0<\/p><p>ART 4-5 DEFINITION d\u2019un VEHICULE de SERIE<\/p><p>\u00a0Sont consid\u00e9r\u00e9s comme de s\u00e9rie tous les v\u00e9hicules qui poss\u00e8dent un contr\u00f4le technique type Autosur, Dekra\u2026.en cours de validit\u00e9 et qui peuvent circuler normalement sur\u00a0 routes ouvertes \u00e0 la circulation.<\/p><p>Les v\u00e9hicules d\u2019avant et jusqu\u2019au 31\/12\/1982 sont admis, ceux d\u2019au moins 30 ans sont admissibles.<\/p><p>\u00a0<\/p><ul><li>Avant-Guerre<\/li><li>Classic jusqu\u2019au 31\/12\/1982<\/li><li>Historique jusqu\u2019au 31\/12\/1996<\/li><li>Prestige &amp; GT<\/li><li>Race car et Youngtimer<\/li><\/ul><p>Les v\u00e9hicules barquettes, protos et monoplaces non immatricul\u00e9s sont admis dans les m\u00eames conditions.<\/p><p>\u00a0<\/p><p>L\u2019organisateur se r\u00e9serve le droit de fixer le nombre de v\u00e9hicules admis dans chaque cat\u00e9gorie et d\u2019exclure de la manifestation les v\u00e9hicules dangereux ou en mauvais \u00e9tat ainsi que les \u00e9quipages ne correspondant pas \u00e0 l\u2019\u00e9thique de la manifestation.<\/p><p>Le plateau RACE CAR Youngtimer pourra accueillir dans le respect des derni\u00e8res modifications FIA des voitures de comp\u00e9tition (31\/12\/2000) ou leurs r\u00e9pliques et quelques Youngtimer<\/p><p>Le Nombre total maximum de participants est fix\u00e9 \u00e0 180.<\/p>\t\t\t\t\t\t\t\t<\/div>\n\t\t\t\t<\/div>\n\t\t\t\t\t<\/div>\n\t\t\t\t<\/div>\n\t\t<div class=\"elementor-element elementor-element-d7fb18b e-flex e-con-boxed e-con e-child\" data-id=\"d7fb18b\" data-element_type=\"container\" data-e-type=\"container\">\n\t\t\t\t\t<div class=\"e-con-inner\">\n\t\t\t\t<div class=\"elementor-element elementor-element-a1d5d2c elementor-widget elementor-widget-image\" data-id=\"a1d5d2c\" data-element_type=\"widget\" data-e-type=\"widget\" data-widget_type=\"image.default\">\n\t\t\t\t<div class=\"elementor-widget-container\">\n\t\t\t\t\t\t\t\t\t\t\t\t\t\t\t<img fetchpriority=\"high\" decoding=\"async\" width=\"800\" height=\"534\" src=\"https:\/\/monteeballondalsace.com\/wp-content\/files\/2025\/12\/Parc-ARsenal-2025-1024x684.jpg\" class=\"attachment-large size-large wp-image-8365\" alt=\"\" srcset=\"https:\/\/monteeballondalsace.com\/wp-content\/files\/2025\/12\/Parc-ARsenal-2025-1024x684.jpg 1024w, https:\/\/monteeballondalsace.com\/wp-content\/files\/2025\/12\/Parc-ARsenal-2025-300x201.jpg 300w, https:\/\/monteeballondalsace.com\/wp-content\/files\/2025\/12\/Parc-ARsenal-2025-768x513.jpg 768w, https:\/\/monteeballondalsace.com\/wp-content\/files\/2025\/12\/Parc-ARsenal-2025.jpg 1200w\" sizes=\"(max-width: 800px) 100vw, 800px\" loading=\"eager\" title=\"\">\t\t\t\t\t\t\t\t\t\t\t\t\t\t\t<\/div>\n\t\t\t\t<\/div>\n\t\t\t\t\t<\/div>\n\t\t\t\t<\/div>\n\t\t\t\t\t<\/div>\n\t\t\t\t<\/div>\n\t\t\t\t<\/div>","protected":false},"excerpt":{"rendered":"<p>Voitures admises &#8211; admissions Article 4 : V\u00e9hicules admis Suivant R\u00e8glement Additionnel MHIBA\u00a0 2026-V2-4 du 28\/02\/2026 ART. 4 -2: V\u00e9hicules admis Une mont\u00e9e historique comm\u00e9morant une ancienne course automobile, nous privil\u00e9gions les anciennes voitures de comp\u00e9tition toutes cat\u00e9gories. Les v\u00e9hicules d\u2019avant et jusqu\u2019au 31\/12\/1982 sont admis, ceux d\u2019au moins 30 ans sont admissibles y compris [&hellip;]<\/p>\n","protected":false},"author":2,"featured_media":0,"parent":0,"menu_order":0,"comment_status":"closed","ping_status":"closed","template":"elementor_header_footer","meta":{"_acf_changed":false,"footnotes":""},"class_list":["post-332","page","type-page","status-publish","hentry"],"acf":[],"_links":{"self":[{"href":"https:\/\/monteeballondalsace.com\/en\/wp-json\/wp\/v2\/pages\/332","targetHints":{"allow":["GET"]}}],"collection":[{"href":"https:\/\/monteeballondalsace.com\/en\/wp-json\/wp\/v2\/pages"}],"about":[{"href":"https:\/\/monteeballondalsace.com\/en\/wp-json\/wp\/v2\/types\/page"}],"author":[{"embeddable":true,"href":"https:\/\/monteeballondalsace.com\/en\/wp-json\/wp\/v2\/users\/2"}],"replies":[{"embeddable":true,"href":"https:\/\/monteeballondalsace.com\/en\/wp-json\/wp\/v2\/comments?post=332"}],"version-history":[{"count":3,"href":"https:\/\/monteeballondalsace.com\/en\/wp-json\/wp\/v2\/pages\/332\/revisions"}],"predecessor-version":[{"id":9872,"href":"https:\/\/monteeballondalsace.com\/en\/wp-json\/wp\/v2\/pages\/332\/revisions\/9872"}],"wp:attachment":[{"href":"https:\/\/monteeballondalsace.com\/en\/wp-json\/wp\/v2\/media?parent=332"}],"curies":[{"name":"wp","href":"https:\/\/api.w.org\/{rel}","templated":true}]}}