{"id":309,"date":"2023-10-12T13:33:43","date_gmt":"2023-10-12T11:33:43","guid":{"rendered":"https:\/\/monteeballondalsace.com\/\/?page_id=309"},"modified":"2026-04-21T16:34:57","modified_gmt":"2026-04-21T14:34:57","slug":"presse-et-medias","status":"publish","type":"page","link":"https:\/\/monteeballondalsace.com\/en\/presse-et-medias\/","title":{"rendered":"Press and media"},"content":{"rendered":"<div data-elementor-type=\"wp-page\" data-elementor-id=\"309\" class=\"elementor elementor-309\" data-elementor-post-type=\"page\">\n\t\t\t\t<div class=\"elementor-element elementor-element-73ac8ae e-flex e-con-boxed e-con e-parent\" data-id=\"73ac8ae\" data-element_type=\"container\" data-e-type=\"container\" data-settings=\"{&quot;background_background&quot;:&quot;classic&quot;}\">\n\t\t\t\t\t<div class=\"e-con-inner\">\n\t\t\t\t<div class=\"elementor-element elementor-element-74b2bba elementor-widget elementor-widget-heading\" data-id=\"74b2bba\" data-element_type=\"widget\" data-e-type=\"widget\" data-widget_type=\"heading.default\">\n\t\t\t\t<div class=\"elementor-widget-container\">\n\t\t\t\t\t<h1 class=\"elementor-heading-title elementor-size-default\">Informations presse et m\u00e9dias<\/h1>\t\t\t\t<\/div>\n\t\t\t\t<\/div>\n\t\t\t\t\t<\/div>\n\t\t\t\t<\/div>\n\t\t<div class=\"elementor-element elementor-element-70b2d86 e-flex e-con-boxed e-con e-parent\" data-id=\"70b2d86\" data-element_type=\"container\" data-e-type=\"container\">\n\t\t\t\t\t<div class=\"e-con-inner\">\n\t\t<div class=\"elementor-element elementor-element-301306e e-con-full e-flex e-con e-child\" data-id=\"301306e\" data-element_type=\"container\" data-e-type=\"container\">\n\t\t\t\t<div class=\"elementor-element elementor-element-5d31943 elementor-widget elementor-widget-heading\" data-id=\"5d31943\" data-element_type=\"widget\" data-e-type=\"widget\" data-widget_type=\"heading.default\">\n\t\t\t\t<div class=\"elementor-widget-container\">\n\t\t\t\t\t<h2 class=\"elementor-heading-title elementor-size-default\">accr\u00e9ditations<\/h2>\t\t\t\t<\/div>\n\t\t\t\t<\/div>\n\t\t\t\t<div class=\"elementor-element elementor-element-a9595b8 elementor-widget__width-initial elementor-widget-mobile__width-inherit elementor-widget elementor-widget-text-editor\" data-id=\"a9595b8\" data-element_type=\"widget\" data-e-type=\"widget\" data-widget_type=\"text-editor.default\">\n\t\t\t\t<div class=\"elementor-widget-container\">\n\t\t\t\t\t\t\t\t\t<p>Vous pouvez t\u00e9l\u00e9charger ci-contre le formulaire d&rsquo;accr\u00e9ditation et prendre contact via ballon(at)historally.com.<br \/>\u00c0 bient\u00f4t<\/p>\t\t\t\t\t\t\t\t<\/div>\n\t\t\t\t<\/div>\n\t\t\t\t<div class=\"elementor-element elementor-element-02047ab elementor-align-left elementor-mobile-align-center elementor-widget elementor-widget-button\" data-id=\"02047ab\" data-element_type=\"widget\" data-e-type=\"widget\" data-widget_type=\"button.default\">\n\t\t\t\t<div class=\"elementor-widget-container\">\n\t\t\t\t\t\t\t\t\t<div class=\"elementor-button-wrapper\">\n\t\t\t\t\t<a class=\"elementor-button elementor-button-link elementor-size-sm\" href=\"https:\/\/monteeballondalsace.com\/wp-content\/files\/2025\/03\/fiche_accreditation\u20142025-scaled.jpg\">\n\t\t\t\t\t\t<span class=\"elementor-button-content-wrapper\">\n\t\t\t\t\t\t\t\t\t<span class=\"elementor-button-text\">t\u00e9l\u00e9charger<\/span>\n\t\t\t\t\t<\/span>\n\t\t\t\t\t<\/a>\n\t\t\t\t<\/div>\n\t\t\t\t\t\t\t\t<\/div>\n\t\t\t\t<\/div>\n\t\t\t\t<\/div>\n\t\t<div class=\"elementor-element elementor-element-9dfd25a e-con-full e-flex e-con e-child\" data-id=\"9dfd25a\" data-element_type=\"container\" data-e-type=\"container\">\n\t\t\t\t<div class=\"elementor-element elementor-element-34e996b elementor-widget elementor-widget-image\" data-id=\"34e996b\" data-element_type=\"widget\" data-e-type=\"widget\" data-widget_type=\"image.default\">\n\t\t\t\t<div class=\"elementor-widget-container\">\n\t\t\t\t\t\t\t\t\t\t\t\t\t\t\t<img fetchpriority=\"high\" decoding=\"async\" width=\"768\" height=\"516\" src=\"https:\/\/monteeballondalsace.com\/wp-content\/files\/2023\/11\/autoSCHMITTejmwdpxqdjbsgdckkqct-768x516.jpg\" class=\"attachment-medium_large size-medium_large wp-image-2965\" alt=\"AutoSCHMITTejmwdpxqdjbsgdckkqct\" srcset=\"https:\/\/monteeballondalsace.com\/wp-content\/files\/2023\/11\/autoSCHMITTejmwdpxqdjbsgdckkqct-768x516.jpg 768w, https:\/\/monteeballondalsace.com\/wp-content\/files\/2023\/11\/autoSCHMITTejmwdpxqdjbsgdckkqct-300x202.jpg 300w, https:\/\/monteeballondalsace.com\/wp-content\/files\/2023\/11\/autoSCHMITTejmwdpxqdjbsgdckkqct-1024x688.jpg 1024w, https:\/\/monteeballondalsace.com\/wp-content\/files\/2023\/11\/autoSCHMITTejmwdpxqdjbsgdckkqct.jpg 1191w\" sizes=\"(max-width: 768px) 100vw, 768px\" loading=\"eager\" title=\"\">\t\t\t\t\t\t\t\t\t\t\t\t\t\t\t<\/div>\n\t\t\t\t<\/div>\n\t\t\t\t<\/div>\n\t\t\t\t\t<\/div>\n\t\t\t\t<\/div>\n\t\t<div class=\"elementor-element elementor-element-fbd7c12 e-flex e-con-boxed e-con e-parent\" data-id=\"fbd7c12\" data-element_type=\"container\" data-e-type=\"container\">\n\t\t\t\t\t<div class=\"e-con-inner\">\n\t\t<div class=\"elementor-element elementor-element-3542664 e-con-full e-flex e-con e-child\" data-id=\"3542664\" data-element_type=\"container\" data-e-type=\"container\">\n\t\t\t\t<div class=\"elementor-element elementor-element-78f8696 elementor-widget elementor-widget-image\" data-id=\"78f8696\" data-element_type=\"widget\" data-e-type=\"widget\" data-widget_type=\"image.default\">\n\t\t\t\t<div class=\"elementor-widget-container\">\n\t\t\t\t\t\t\t\t\t\t\t\t\t\t\t<img decoding=\"async\" width=\"768\" height=\"512\" src=\"https:\/\/monteeballondalsace.com\/wp-content\/files\/2023\/11\/dennis-gillet-768x512.jpg\" class=\"attachment-medium_large size-medium_large wp-image-2997\" alt=\"Dennis Gillet\" srcset=\"https:\/\/monteeballondalsace.com\/wp-content\/files\/2023\/11\/dennis-gillet-768x512.jpg 768w, https:\/\/monteeballondalsace.com\/wp-content\/files\/2023\/11\/dennis-gillet-300x200.jpg 300w, https:\/\/monteeballondalsace.com\/wp-content\/files\/2023\/11\/dennis-gillet-1024x683.jpg 1024w, https:\/\/monteeballondalsace.com\/wp-content\/files\/2023\/11\/dennis-gillet.jpg 1200w\" sizes=\"(max-width: 768px) 100vw, 768px\" loading=\"eager\" title=\"\">\t\t\t\t\t\t\t\t\t\t\t\t\t\t\t<\/div>\n\t\t\t\t<\/div>\n\t\t\t\t<\/div>\n\t\t<div class=\"elementor-element elementor-element-7c606a6 e-con-full e-flex e-con e-child\" data-id=\"7c606a6\" data-element_type=\"container\" data-e-type=\"container\">\n\t\t\t\t<div class=\"elementor-element elementor-element-e2fb71c elementor-widget elementor-widget-heading\" data-id=\"e2fb71c\" data-element_type=\"widget\" data-e-type=\"widget\" data-widget_type=\"heading.default\">\n\t\t\t\t<div class=\"elementor-widget-container\">\n\t\t\t\t\t<h2 class=\"elementor-heading-title elementor-size-default\">Communiqu\u00e9s <\/h2>\t\t\t\t<\/div>\n\t\t\t\t<\/div>\n\t\t\t\t<div class=\"elementor-element elementor-element-28983f6 elementor-widget__width-initial elementor-widget-mobile__width-inherit elementor-widget elementor-widget-text-editor\" data-id=\"28983f6\" data-element_type=\"widget\" data-e-type=\"widget\" data-widget_type=\"text-editor.default\">\n\t\t\t\t<div class=\"elementor-widget-container\">\n\t\t\t\t\t\t\t\t\t<p>Les informations de cette rubrique sont en cours de r\u00e9daction.<br \/>Nous vous donnons rendez vous prochainement pour les d\u00e9couvrir.<br \/>Merci pour votre patience&#8230;<\/p>\t\t\t\t\t\t\t\t<\/div>\n\t\t\t\t<\/div>\n\t\t\t\t<\/div>\n\t\t\t\t\t<\/div>\n\t\t\t\t<\/div>\n\t\t<div class=\"elementor-element elementor-element-15b1360 e-flex e-con-boxed e-con e-parent\" data-id=\"15b1360\" data-element_type=\"container\" data-e-type=\"container\">\n\t\t\t\t\t<div class=\"e-con-inner\">\n\t\t<div class=\"elementor-element elementor-element-78b86a8 e-con-full e-flex e-con e-child\" data-id=\"78b86a8\" data-element_type=\"container\" data-e-type=\"container\">\n\t\t\t\t<div class=\"elementor-element elementor-element-9af8044 elementor-widget elementor-widget-heading\" data-id=\"9af8044\" data-element_type=\"widget\" data-e-type=\"widget\" data-widget_type=\"heading.default\">\n\t\t\t\t<div class=\"elementor-widget-container\">\n\t\t\t\t\t<h2 class=\"elementor-heading-title elementor-size-default\">Photos<\/h2>\t\t\t\t<\/div>\n\t\t\t\t<\/div>\n\t\t\t\t<div class=\"elementor-element elementor-element-44b0d74 elementor-widget__width-initial elementor-widget-mobile__width-inherit elementor-widget elementor-widget-text-editor\" data-id=\"44b0d74\" data-element_type=\"widget\" data-e-type=\"widget\" data-widget_type=\"text-editor.default\">\n\t\t\t\t<div class=\"elementor-widget-container\">\n\t\t\t\t\t\t\t\t\t<p>Les informations de cette rubrique sont en cours de r\u00e9daction.<br \/>Nous vous donnons rendez vous prochainement pour les d\u00e9couvrir.<br \/>Merci pour votre patience&#8230;<\/p>\t\t\t\t\t\t\t\t<\/div>\n\t\t\t\t<\/div>\n\t\t\t\t<\/div>\n\t\t<div class=\"elementor-element elementor-element-f8597ce e-con-full e-flex e-con e-child\" data-id=\"f8597ce\" data-element_type=\"container\" data-e-type=\"container\">\n\t\t\t\t<div class=\"elementor-element elementor-element-c6ceb65 elementor-widget elementor-widget-image\" data-id=\"c6ceb65\" data-element_type=\"widget\" data-e-type=\"widget\" data-widget_type=\"image.default\">\n\t\t\t\t<div class=\"elementor-widget-container\">\n\t\t\t\t\t\t\t\t\t\t\t\t\t\t\t<img decoding=\"async\" width=\"768\" height=\"426\" src=\"https:\/\/monteeballondalsace.com\/wp-content\/files\/2023\/11\/spitfire-mkIV-roadsport-montee-historique-ballon-alsace-king-768x426.jpg\" class=\"attachment-medium_large size-medium_large wp-image-3027\" alt=\"Spitfire MkIV Roadsport Montee Historique Ballon Alsace King\" srcset=\"https:\/\/monteeballondalsace.com\/wp-content\/files\/2023\/11\/spitfire-mkIV-roadsport-montee-historique-ballon-alsace-king-768x426.jpg 768w, https:\/\/monteeballondalsace.com\/wp-content\/files\/2023\/11\/spitfire-mkIV-roadsport-montee-historique-ballon-alsace-king-300x167.jpg 300w, https:\/\/monteeballondalsace.com\/wp-content\/files\/2023\/11\/spitfire-mkIV-roadsport-montee-historique-ballon-alsace-king-1024x568.jpg 1024w, https:\/\/monteeballondalsace.com\/wp-content\/files\/2023\/11\/spitfire-mkIV-roadsport-montee-historique-ballon-alsace-king.jpg 1200w\" sizes=\"(max-width: 768px) 100vw, 768px\" loading=\"eager\" title=\"\">\t\t\t\t\t\t\t\t\t\t\t\t\t\t\t<\/div>\n\t\t\t\t<\/div>\n\t\t\t\t<\/div>\n\t\t\t\t\t<\/div>\n\t\t\t\t<\/div>\n\t\t\t\t<\/div>","protected":false},"excerpt":{"rendered":"<p>Informations presse et m\u00e9dias accr\u00e9ditations Vous pouvez t\u00e9l\u00e9charger ci-contre le formulaire d&rsquo;accr\u00e9ditation et prendre contact via ballon(at)historally.com.\u00c0 bient\u00f4t t\u00e9l\u00e9charger Communiqu\u00e9s Les informations de cette rubrique sont en cours de r\u00e9daction.Nous vous donnons rendez vous prochainement pour les d\u00e9couvrir.Merci pour votre patience&#8230; Photos Les informations de cette rubrique sont en cours de r\u00e9daction.Nous vous donnons rendez [&hellip;]<\/p>\n","protected":false},"author":2,"featured_media":0,"parent":0,"menu_order":0,"comment_status":"closed","ping_status":"closed","template":"elementor_header_footer","meta":{"_acf_changed":false,"footnotes":""},"class_list":["post-309","page","type-page","status-publish","hentry"],"acf":[],"_links":{"self":[{"href":"https:\/\/monteeballondalsace.com\/en\/wp-json\/wp\/v2\/pages\/309","targetHints":{"allow":["GET"]}}],"collection":[{"href":"https:\/\/monteeballondalsace.com\/en\/wp-json\/wp\/v2\/pages"}],"about":[{"href":"https:\/\/monteeballondalsace.com\/en\/wp-json\/wp\/v2\/types\/page"}],"author":[{"embeddable":true,"href":"https:\/\/monteeballondalsace.com\/en\/wp-json\/wp\/v2\/users\/2"}],"replies":[{"embeddable":true,"href":"https:\/\/monteeballondalsace.com\/en\/wp-json\/wp\/v2\/comments?post=309"}],"version-history":[{"count":3,"href":"https:\/\/monteeballondalsace.com\/en\/wp-json\/wp\/v2\/pages\/309\/revisions"}],"predecessor-version":[{"id":9856,"href":"https:\/\/monteeballondalsace.com\/en\/wp-json\/wp\/v2\/pages\/309\/revisions\/9856"}],"wp:attachment":[{"href":"https:\/\/monteeballondalsace.com\/en\/wp-json\/wp\/v2\/media?parent=309"}],"curies":[{"name":"wp","href":"https:\/\/api.w.org\/{rel}","templated":true}]}}