{"id":270,"date":"2023-10-11T17:48:03","date_gmt":"2023-10-11T15:48:03","guid":{"rendered":"https:\/\/monteeballondalsace.com\/\/?page_id=270"},"modified":"2026-04-21T15:48:19","modified_gmt":"2026-04-21T13:48:19","slug":"programme","status":"publish","type":"page","link":"https:\/\/monteeballondalsace.com\/en\/programme\/","title":{"rendered":"LEPUIX Spectator Access 2026"},"content":{"rendered":"<div data-elementor-type=\"wp-page\" data-elementor-id=\"270\" class=\"elementor elementor-270\" data-elementor-post-type=\"page\">\n\t\t\t\t<div class=\"elementor-element elementor-element-1b0609c e-flex e-con-boxed e-con e-parent\" data-id=\"1b0609c\" data-element_type=\"container\" data-e-type=\"container\" data-settings=\"{&quot;background_background&quot;:&quot;classic&quot;}\">\n\t\t\t\t\t<div class=\"e-con-inner\">\n\t\t\t\t<div class=\"elementor-element elementor-element-68af067 elementor-widget elementor-widget-heading\" data-id=\"68af067\" data-element_type=\"widget\" data-e-type=\"widget\" data-widget_type=\"heading.default\">\n\t\t\t\t<div class=\"elementor-widget-container\">\n\t\t\t\t\t<h1 class=\"elementor-heading-title elementor-size-default\">LePUIX Acc\u00e8s Spectateurs<\/h1>\t\t\t\t<\/div>\n\t\t\t\t<\/div>\n\t\t\t\t\t<\/div>\n\t\t\t\t<\/div>\n\t\t<div class=\"elementor-element elementor-element-ec9313a e-flex e-con-boxed e-con e-parent\" data-id=\"ec9313a\" data-element_type=\"container\" data-e-type=\"container\">\n\t\t\t\t\t<div class=\"e-con-inner\">\n\t\t<div class=\"elementor-element elementor-element-9aaf944 e-con-full e-flex e-con e-child\" data-id=\"9aaf944\" data-element_type=\"container\" data-e-type=\"container\">\n\t\t\t\t<div class=\"elementor-element elementor-element-de43a92 elementor-widget elementor-widget-heading\" data-id=\"de43a92\" data-element_type=\"widget\" data-e-type=\"widget\" data-widget_type=\"heading.default\">\n\t\t\t\t<div class=\"elementor-widget-container\">\n\t\t\t\t\t<h2 class=\"elementor-heading-title elementor-size-default\">spectateurs Parking  <\/h2>\t\t\t\t<\/div>\n\t\t\t\t<\/div>\n\t\t\t\t<div class=\"elementor-element elementor-element-c2c7e96 elementor-widget__width-initial elementor-widget-mobile__width-inherit elementor-widget elementor-widget-text-editor\" data-id=\"c2c7e96\" data-element_type=\"widget\" data-e-type=\"widget\" data-widget_type=\"text-editor.default\">\n\t\t\t\t<div class=\"elementor-widget-container\">\n\t\t\t\t\t\t\t\t\t<ul><li>PARKING SPECTATEURS<\/li><li>Acc\u00e8s fl\u00e9ch\u00e9 par rue de la Charri\u00e8re en passant devant la salle polyvalente<\/li><li>Entr\u00e9e GRATUITE<\/li><\/ul>\t\t\t\t\t\t\t\t<\/div>\n\t\t\t\t<\/div>\n\t\t\t\t<\/div>\n\t\t<div class=\"elementor-element elementor-element-979e1e3 e-con-full e-flex e-con e-child\" data-id=\"979e1e3\" data-element_type=\"container\" data-e-type=\"container\">\n\t\t\t\t<div class=\"elementor-element elementor-element-e571ea7 elementor-widget elementor-widget-image\" data-id=\"e571ea7\" data-element_type=\"widget\" data-e-type=\"widget\" data-widget_type=\"image.default\">\n\t\t\t\t<div class=\"elementor-widget-container\">\n\t\t\t\t\t\t\t\t\t\t\t\t\t\t\t\t<a href=\"https:\/\/monteeballondalsace.com\/wp-content\/files\/2025\/12\/Acces-parking-LEPUIX-vers.-F-et-A-scaled.jpg\" data-elementor-open-lightbox=\"yes\" data-elementor-lightbox-title=\"Acce\u0300s parking LEPUIX vers. F et A\" data-e-action-hash=\"#elementor-action%3Aaction%3Dlightbox%26settings%3DeyJpZCI6ODgyMCwidXJsIjoiaHR0cHM6XC9cL21vbnRlZWJhbGxvbmRhbHNhY2UuY29tXC93cC1jb250ZW50XC9maWxlc1wvMjAyNVwvMTJcL0FjY2VzLXBhcmtpbmctTEVQVUlYLXZlcnMuLUYtZXQtQS1zY2FsZWQuanBnIn0%3D\">\n\t\t\t\t\t\t\t<img fetchpriority=\"high\" decoding=\"async\" width=\"768\" height=\"1086\" src=\"https:\/\/monteeballondalsace.com\/wp-content\/files\/2025\/12\/Acces-parking-LEPUIX-vers.-F-et-A-scaled.jpg\" class=\"attachment-medium_large size-medium_large wp-image-8820\" alt=\"\" srcset=\"https:\/\/monteeballondalsace.com\/wp-content\/files\/2025\/12\/Acces-parking-LEPUIX-vers.-F-et-A-scaled.jpg 1448w, https:\/\/monteeballondalsace.com\/wp-content\/files\/2025\/12\/Acces-parking-LEPUIX-vers.-F-et-A-212x300.jpg 212w\" sizes=\"(max-width: 768px) 100vw, 768px\" loading=\"eager\" title=\"\">\t\t\t\t\t\t\t\t<\/a>\n\t\t\t\t\t\t\t\t\t\t\t\t\t\t\t<\/div>\n\t\t\t\t<\/div>\n\t\t\t\t<\/div>\n\t\t\t\t\t<\/div>\n\t\t\t\t<\/div>\n\t\t\t\t<\/div>","protected":false},"excerpt":{"rendered":"<p>LePUIX Acc\u00e8s Spectateurs spectateurs Parking PARKING SPECTATEURS Acc\u00e8s fl\u00e9ch\u00e9 par rue de la Charri\u00e8re en passant devant la salle polyvalente Entr\u00e9e GRATUITE<\/p>","protected":false},"author":2,"featured_media":0,"parent":0,"menu_order":0,"comment_status":"closed","ping_status":"closed","template":"elementor_header_footer","meta":{"_acf_changed":false,"footnotes":""},"class_list":["post-270","page","type-page","status-publish","hentry"],"acf":[],"_links":{"self":[{"href":"https:\/\/monteeballondalsace.com\/en\/wp-json\/wp\/v2\/pages\/270","targetHints":{"allow":["GET"]}}],"collection":[{"href":"https:\/\/monteeballondalsace.com\/en\/wp-json\/wp\/v2\/pages"}],"about":[{"href":"https:\/\/monteeballondalsace.com\/en\/wp-json\/wp\/v2\/types\/page"}],"author":[{"embeddable":true,"href":"https:\/\/monteeballondalsace.com\/en\/wp-json\/wp\/v2\/users\/2"}],"replies":[{"embeddable":true,"href":"https:\/\/monteeballondalsace.com\/en\/wp-json\/wp\/v2\/comments?post=270"}],"version-history":[{"count":3,"href":"https:\/\/monteeballondalsace.com\/en\/wp-json\/wp\/v2\/pages\/270\/revisions"}],"predecessor-version":[{"id":9810,"href":"https:\/\/monteeballondalsace.com\/en\/wp-json\/wp\/v2\/pages\/270\/revisions\/9810"}],"wp:attachment":[{"href":"https:\/\/monteeballondalsace.com\/en\/wp-json\/wp\/v2\/media?parent=270"}],"curies":[{"name":"wp","href":"https:\/\/api.w.org\/{rel}","templated":true}]}}