{"id":236,"date":"2023-10-11T16:27:48","date_gmt":"2023-10-11T14:27:48","guid":{"rendered":"https:\/\/monteeballondalsace.com\/\/?page_id=236"},"modified":"2026-04-21T16:24:56","modified_gmt":"2026-04-21T14:24:56","slug":"parades","status":"publish","type":"page","link":"https:\/\/monteeballondalsace.com\/en\/parades\/","title":{"rendered":"VIREE PARADE in Belfort"},"content":{"rendered":"<div data-elementor-type=\"wp-page\" data-elementor-id=\"236\" class=\"elementor elementor-236\" data-elementor-post-type=\"page\">\n\t\t\t\t<div class=\"elementor-element elementor-element-bda4906 e-flex e-con-boxed e-con e-parent\" data-id=\"bda4906\" data-element_type=\"container\" data-e-type=\"container\" data-settings=\"{&quot;background_background&quot;:&quot;classic&quot;}\">\n\t\t\t\t\t<div class=\"e-con-inner\">\n\t\t\t\t<div class=\"elementor-element elementor-element-93fea3f elementor-widget elementor-widget-heading\" data-id=\"93fea3f\" data-element_type=\"widget\" data-e-type=\"widget\" data-widget_type=\"heading.default\">\n\t\t\t\t<div class=\"elementor-widget-container\">\n\t\t\t\t\t<h1 class=\"elementor-heading-title elementor-size-default\">VIREE PARADE in Belfort<\/h1>\t\t\t\t<\/div>\n\t\t\t\t<\/div>\n\t\t\t\t\t<\/div>\n\t\t\t\t<\/div>\n\t\t<div class=\"elementor-element elementor-element-a2490f6 e-flex e-con-boxed e-con e-parent\" data-id=\"a2490f6\" data-element_type=\"container\" data-e-type=\"container\">\n\t\t\t\t\t<div class=\"e-con-inner\">\n\t\t\t\t<div class=\"elementor-element elementor-element-57dc8ae elementor-widget elementor-widget-heading\" data-id=\"57dc8ae\" data-element_type=\"widget\" data-e-type=\"widget\" data-widget_type=\"heading.default\">\n\t\t\t\t<div class=\"elementor-widget-container\">\n\t\t\t\t\t<h2 class=\"elementor-heading-title elementor-size-default\">Parade samedi 8 ao\u00fbt<\/h2>\t\t\t\t<\/div>\n\t\t\t\t<\/div>\n\t\t\t\t<div class=\"elementor-element elementor-element-53cda42 elementor-widget__width-initial elementor-widget-mobile__width-inherit elementor-widget elementor-widget-text-editor\" data-id=\"53cda42\" data-element_type=\"widget\" data-e-type=\"widget\" data-widget_type=\"text-editor.default\">\n\t\t\t\t<div class=\"elementor-widget-container\">\n\t\t\t\t\t\t\t\t\t<p>Les Participants \u00e0 la Vir\u00e9e des Ballons sont convi\u00e9s \u00e0 une parade en Ville samedi 8\/8\u00a0 aux environs de 15h30.<br \/>D\u00e8s que parcours sera arr\u00eat\u00e9 nous compl\u00e9terons ces informations<\/p>\t\t\t\t\t\t\t\t<\/div>\n\t\t\t\t<\/div>\n\t\t\t\t\t<\/div>\n\t\t\t\t<\/div>\n\t\t\t\t<\/div>","protected":false},"excerpt":{"rendered":"<p>VIREE PARADE \u00e0 BELFORT Parade samedi 8 ao\u00fbt Les Participants \u00e0 la Vir\u00e9e des Ballons sont convi\u00e9s \u00e0 une parade en Ville samedi 8\/8\u00a0 aux environs de 15h30.D\u00e8s que parcours sera arr\u00eat\u00e9 nous compl\u00e9terons ces informations<\/p>","protected":false},"author":2,"featured_media":0,"parent":0,"menu_order":0,"comment_status":"closed","ping_status":"closed","template":"elementor_header_footer","meta":{"_acf_changed":false,"footnotes":""},"class_list":["post-236","page","type-page","status-publish","hentry"],"acf":[],"_links":{"self":[{"href":"https:\/\/monteeballondalsace.com\/en\/wp-json\/wp\/v2\/pages\/236","targetHints":{"allow":["GET"]}}],"collection":[{"href":"https:\/\/monteeballondalsace.com\/en\/wp-json\/wp\/v2\/pages"}],"about":[{"href":"https:\/\/monteeballondalsace.com\/en\/wp-json\/wp\/v2\/types\/page"}],"author":[{"embeddable":true,"href":"https:\/\/monteeballondalsace.com\/en\/wp-json\/wp\/v2\/users\/2"}],"replies":[{"embeddable":true,"href":"https:\/\/monteeballondalsace.com\/en\/wp-json\/wp\/v2\/comments?post=236"}],"version-history":[{"count":3,"href":"https:\/\/monteeballondalsace.com\/en\/wp-json\/wp\/v2\/pages\/236\/revisions"}],"predecessor-version":[{"id":9853,"href":"https:\/\/monteeballondalsace.com\/en\/wp-json\/wp\/v2\/pages\/236\/revisions\/9853"}],"wp:attachment":[{"href":"https:\/\/monteeballondalsace.com\/en\/wp-json\/wp\/v2\/media?parent=236"}],"curies":[{"name":"wp","href":"https:\/\/api.w.org\/{rel}","templated":true}]}}