{"id":225,"date":"2023-10-11T16:25:47","date_gmt":"2023-10-11T14:25:47","guid":{"rendered":"https:\/\/monteeballondalsace.com\/\/?page_id=225"},"modified":"2026-04-21T16:03:16","modified_gmt":"2026-04-21T14:03:16","slug":"parking-lepuix","status":"publish","type":"page","link":"https:\/\/monteeballondalsace.com\/en\/parking-lepuix\/","title":{"rendered":"PROGRAMME-TIMING-Outing"},"content":{"rendered":"<div data-elementor-type=\"wp-page\" data-elementor-id=\"225\" class=\"elementor elementor-225\" data-elementor-post-type=\"page\">\n\t\t\t\t<div class=\"elementor-element elementor-element-f160f3f e-flex e-con-boxed e-con e-parent\" data-id=\"f160f3f\" data-element_type=\"container\" data-e-type=\"container\" data-settings=\"{&quot;background_background&quot;:&quot;classic&quot;}\">\n\t\t\t\t\t<div class=\"e-con-inner\">\n\t\t\t\t<div class=\"elementor-element elementor-element-32e5c85 elementor-widget elementor-widget-heading\" data-id=\"32e5c85\" data-element_type=\"widget\" data-e-type=\"widget\" data-widget_type=\"heading.default\">\n\t\t\t\t<div class=\"elementor-widget-container\">\n\t\t\t\t\t<h1 class=\"elementor-heading-title elementor-size-default\">PROGRAMME \u2013 timing, running<\/h1>\t\t\t\t<\/div>\n\t\t\t\t<\/div>\n\t\t\t\t\t<\/div>\n\t\t\t\t<\/div>\n\t\t<div class=\"elementor-element elementor-element-103ba52 e-flex e-con-boxed e-con e-parent\" data-id=\"103ba52\" data-element_type=\"container\" data-e-type=\"container\">\n\t\t\t\t\t<div class=\"e-con-inner\">\n\t\t\t\t<div class=\"elementor-element elementor-element-1924769 elementor-widget elementor-widget-text-editor\" data-id=\"1924769\" data-element_type=\"widget\" data-e-type=\"widget\" data-widget_type=\"text-editor.default\">\n\t\t\t\t<div class=\"elementor-widget-container\">\n\t\t\t\t\t\t\t\t\tSaturday 8 August 2026\n\n<h2>Welcome Giromagny from 8:30 AM<\/h2>\n<ul>\n \t<li>Administrative controls<\/li>\n \t<li>Brioche coffee<\/li>\n \t<li>Car exhibition<\/li>\n<\/ul>\n<h2>LUNCH<\/h2>\nFollowing your group, you will have your snack from 11:30 AM.\n<h2>Depart from 12 pm<\/h2>\nHeading to Haute Sa\u00f4ne, the thousand ponds, follow the Moselle valley upstream,\ndetour to Bussang,\n<h2>Bus stop at Bussang??<\/h2>\n<h2>RETURN<\/h2>\nBy the Ballon d'Alsace\n<h2>PARADE in Belfort<\/h2>\n<h2>BELFORT Centre: Car Exhibition,<\/h2>\n<h2>POT Final<\/h2>\nEnd of the Balloon Ride\n\nMore detailed information and instructions will be sent by email to registered participants\t\t\t\t\t\t\t\t<\/div>\n\t\t\t\t<\/div>\n\t\t\t\t\t<\/div>\n\t\t\t\t<\/div>\n\t\t\t\t<\/div>","protected":false},"excerpt":{"rendered":"<p>PROGRAMME timing viree Samedi 8 ao\u00fbt 2026 ACCUEIL GIROMAGNY \u00e0 partir de 8 h 30 Contr\u00f4les administratifs Caf\u00e9 brioche Mise en exposition des voitures DEJEUNER Suivant votre groupe ** vous prendrez votre collation \u00e0 partir de 11h30 DEPART \u00e0 partir de 12 h Direction la Haute Sa\u00f4ne, les mille \u00e9tangs, remont\u00e9e de la vall\u00e9e de [&hellip;]<\/p>\n","protected":false},"author":2,"featured_media":0,"parent":0,"menu_order":0,"comment_status":"closed","ping_status":"closed","template":"elementor_header_footer","meta":{"_acf_changed":false,"footnotes":""},"class_list":["post-225","page","type-page","status-publish","hentry"],"acf":[],"_links":{"self":[{"href":"https:\/\/monteeballondalsace.com\/en\/wp-json\/wp\/v2\/pages\/225","targetHints":{"allow":["GET"]}}],"collection":[{"href":"https:\/\/monteeballondalsace.com\/en\/wp-json\/wp\/v2\/pages"}],"about":[{"href":"https:\/\/monteeballondalsace.com\/en\/wp-json\/wp\/v2\/types\/page"}],"author":[{"embeddable":true,"href":"https:\/\/monteeballondalsace.com\/en\/wp-json\/wp\/v2\/users\/2"}],"replies":[{"embeddable":true,"href":"https:\/\/monteeballondalsace.com\/en\/wp-json\/wp\/v2\/comments?post=225"}],"version-history":[{"count":3,"href":"https:\/\/monteeballondalsace.com\/en\/wp-json\/wp\/v2\/pages\/225\/revisions"}],"predecessor-version":[{"id":9837,"href":"https:\/\/monteeballondalsace.com\/en\/wp-json\/wp\/v2\/pages\/225\/revisions\/9837"}],"wp:attachment":[{"href":"https:\/\/monteeballondalsace.com\/en\/wp-json\/wp\/v2\/media?parent=225"}],"curies":[{"name":"wp","href":"https:\/\/api.w.org\/{rel}","templated":true}]}}