{"id":9455,"date":"2026-03-30T19:14:05","date_gmt":"2026-03-30T17:14:05","guid":{"rendered":"https:\/\/monteeballondalsace.com\/?page_id=9455"},"modified":"2026-04-21T15:59:44","modified_gmt":"2026-04-21T13:59:44","slug":"automobilausstellung-in-giromagny","status":"publish","type":"page","link":"https:\/\/monteeballondalsace.com\/de\/viree-expo-des-autos-a-giromagny\/","title":{"rendered":"Autoschau in GIROMAGNY"},"content":{"rendered":"<div data-elementor-type=\"wp-page\" data-elementor-id=\"9455\" class=\"elementor elementor-9455\" data-elementor-post-type=\"page\">\n\t\t\t\t<div class=\"elementor-element elementor-element-12389e9 e-flex e-con-boxed e-con e-parent\" data-id=\"12389e9\" data-element_type=\"container\" data-e-type=\"container\" data-settings=\"{&quot;background_background&quot;:&quot;classic&quot;}\">\n\t\t\t\t\t<div class=\"e-con-inner\">\n\t\t\t\t<div class=\"elementor-element elementor-element-9151afa elementor-widget elementor-widget-heading\" data-id=\"9151afa\" data-element_type=\"widget\" data-e-type=\"widget\" data-widget_type=\"heading.default\">\n\t\t\t\t<div class=\"elementor-widget-container\">\n\t\t\t\t\t<h1 class=\"elementor-heading-title elementor-size-default\">Autoschau in GIROMAGNY<\/h1>\t\t\t\t<\/div>\n\t\t\t\t<\/div>\n\t\t\t\t\t<\/div>\n\t\t\t\t<\/div>\n\t\t<div class=\"elementor-element elementor-element-1f1d2d4 e-flex e-con-boxed e-con e-parent\" data-id=\"1f1d2d4\" data-element_type=\"container\" data-e-type=\"container\">\n\t\t\t\t\t<div class=\"e-con-inner\">\n\t\t\t\t<div class=\"elementor-element elementor-element-d240bd4 elementor-widget elementor-widget-image\" data-id=\"d240bd4\" data-element_type=\"widget\" data-e-type=\"widget\" data-widget_type=\"image.default\">\n\t\t\t\t<div class=\"elementor-widget-container\">\n\t\t\t\t\t\t\t\t\t\t\t\t\t\t\t\t<a href=\"https:\/\/monteeballondalsace.com\/wp-content\/files\/2026\/03\/Viree-des-Ballons-expo-autos.png\" data-elementor-open-lightbox=\"yes\" data-elementor-lightbox-title=\"Viree-des-Ballons-expo-autos\" data-e-action-hash=\"#elementor-action%3Aaction%3Dlightbox%26settings%3DeyJpZCI6OTM1OCwidXJsIjoiaHR0cHM6XC9cL21vbnRlZWJhbGxvbmRhbHNhY2UuY29tXC93cC1jb250ZW50XC9maWxlc1wvMjAyNlwvMDNcL1ZpcmVlLWRlcy1CYWxsb25zLWV4cG8tYXV0b3MucG5nIn0%3D\">\n\t\t\t\t\t\t\t<img fetchpriority=\"high\" decoding=\"async\" width=\"768\" height=\"873\" src=\"https:\/\/monteeballondalsace.com\/wp-content\/files\/2026\/03\/Viree-des-Ballons-expo-autos-768x873.png\" class=\"attachment-medium_large size-medium_large wp-image-9358\" alt=\"\" srcset=\"https:\/\/monteeballondalsace.com\/wp-content\/files\/2026\/03\/Viree-des-Ballons-expo-autos-768x873.png 768w, https:\/\/monteeballondalsace.com\/wp-content\/files\/2026\/03\/Viree-des-Ballons-expo-autos-264x300.png 264w, https:\/\/monteeballondalsace.com\/wp-content\/files\/2026\/03\/Viree-des-Ballons-expo-autos-901x1024.png 901w, https:\/\/monteeballondalsace.com\/wp-content\/files\/2026\/03\/Viree-des-Ballons-expo-autos.png 1616w\" sizes=\"(max-width: 768px) 100vw, 768px\" loading=\"eager\" title=\"\">\t\t\t\t\t\t\t\t<\/a>\n\t\t\t\t\t\t\t\t\t\t\t\t\t\t\t<\/div>\n\t\t\t\t<\/div>\n\t\t\t\t<div class=\"elementor-element elementor-element-5e3de85 elementor-widget elementor-widget-text-editor\" data-id=\"5e3de85\" data-element_type=\"widget\" data-e-type=\"widget\" data-widget_type=\"text-editor.default\">\n\t\t\t\t<div class=\"elementor-widget-container\">\n\t\t\t\t\t\t\t\t\t<p>Liebe Teilnehmer,<\/p><p>Die Identifikationsnummer, die Sie bei der administrativen Kontrolle erhalten (siehe Registerkarte \"Startseite\"), bestimmt Ihren Stellplatz auf einem der beiden Parkpl\u00e4tze, auf denen die Autos ausgestellt werden:<\/p><ul><li>Soit le parking de l'Espace Tuilerie, o\u00f9 vous avez \u00e9t\u00e9 accueillis (P1),<\/li><li>Soit le parking Charles-de-Gaulle, o\u00f9 se tient chaque semaine le march\u00e9 (P2).<\/li><\/ul><p>Dank der gro\u00dfartigen neuen Br\u00fccke dauert der Weg dorthin nur knapp 2 Gehminuten.<\/p>\t\t\t\t\t\t\t\t<\/div>\n\t\t\t\t<\/div>\n\t\t\t\t\t<\/div>\n\t\t\t\t<\/div>\n\t\t\t\t<\/div>","protected":false},"excerpt":{"rendered":"<p>Expo des autos \u00e0 GIROMAGNY Amis participants, Le num\u00e9ro d\u2019identification que vous recevrez lors des v\u00e9rifications administratives (voir onglet Accueil) d\u00e9terminera votre emplacement sur l\u2019un des deux parkings o\u00f9 les voitures seront expos\u00e9es : Soit le parking de l\u2019Espace Tuilerie, o\u00f9 vous avez \u00e9t\u00e9 accueillis (P1), Soit le parking Charles-de-Gaulle, o\u00f9 se tient chaque semaine [&hellip;]<\/p>\n","protected":false},"author":2,"featured_media":0,"parent":0,"menu_order":0,"comment_status":"closed","ping_status":"closed","template":"elementor_header_footer","meta":{"_acf_changed":false,"footnotes":""},"class_list":["post-9455","page","type-page","status-publish","hentry"],"acf":[],"_links":{"self":[{"href":"https:\/\/monteeballondalsace.com\/de\/wp-json\/wp\/v2\/pages\/9455","targetHints":{"allow":["GET"]}}],"collection":[{"href":"https:\/\/monteeballondalsace.com\/de\/wp-json\/wp\/v2\/pages"}],"about":[{"href":"https:\/\/monteeballondalsace.com\/de\/wp-json\/wp\/v2\/types\/page"}],"author":[{"embeddable":true,"href":"https:\/\/monteeballondalsace.com\/de\/wp-json\/wp\/v2\/users\/2"}],"replies":[{"embeddable":true,"href":"https:\/\/monteeballondalsace.com\/de\/wp-json\/wp\/v2\/comments?post=9455"}],"version-history":[{"count":3,"href":"https:\/\/monteeballondalsace.com\/de\/wp-json\/wp\/v2\/pages\/9455\/revisions"}],"predecessor-version":[{"id":9834,"href":"https:\/\/monteeballondalsace.com\/de\/wp-json\/wp\/v2\/pages\/9455\/revisions\/9834"}],"wp:attachment":[{"href":"https:\/\/monteeballondalsace.com\/de\/wp-json\/wp\/v2\/media?parent=9455"}],"curies":[{"name":"wp","href":"https:\/\/api.w.org\/{rel}","templated":true}]}}