{"id":8621,"date":"2025-12-21T20:46:23","date_gmt":"2025-12-21T19:46:23","guid":{"rendered":"https:\/\/monteeballondalsace.com\/?page_id=8621"},"modified":"2026-04-21T16:48:33","modified_gmt":"2026-04-21T14:48:33","slug":"autorisation-vehicule-par-ffsa","status":"publish","type":"page","link":"https:\/\/monteeballondalsace.com\/de\/parc-lepuix-repas\/autorisation-vehicule-par-ffsa\/","title":{"rendered":"AUTORISATION VEHICULE  par FFSA"},"content":{"rendered":"<div data-elementor-type=\"wp-page\" data-elementor-id=\"8621\" class=\"elementor elementor-8621\" data-elementor-post-type=\"page\">\n\t\t\t\t<div class=\"elementor-element elementor-element-abcb564 e-flex e-con-boxed e-con e-parent\" data-id=\"abcb564\" data-element_type=\"container\" data-e-type=\"container\" data-settings=\"{&quot;background_background&quot;:&quot;classic&quot;}\">\n\t\t\t\t\t<div class=\"e-con-inner\">\n\t\t\t\t<div class=\"elementor-element elementor-element-f560c1c elementor-widget elementor-widget-heading\" data-id=\"f560c1c\" data-element_type=\"widget\" data-e-type=\"widget\" data-widget_type=\"heading.default\">\n\t\t\t\t<div class=\"elementor-widget-container\">\n\t\t\t\t\t<h1 class=\"elementor-heading-title elementor-size-default\">Accueil administratif et technique<\/h1>\t\t\t\t<\/div>\n\t\t\t\t<\/div>\n\t\t\t\t\t<\/div>\n\t\t\t\t<\/div>\n\t\t<div class=\"elementor-element elementor-element-25de9590 e-grid e-con-boxed e-con e-parent\" data-id=\"25de9590\" data-element_type=\"container\" data-e-type=\"container\">\n\t\t\t\t\t<div class=\"e-con-inner\">\n\t\t\t\t<div class=\"elementor-element elementor-element-154a0b8 elementor-widget elementor-widget-image\" data-id=\"154a0b8\" data-element_type=\"widget\" data-e-type=\"widget\" data-widget_type=\"image.default\">\n\t\t\t\t<div class=\"elementor-widget-container\">\n\t\t\t\t\t\t\t\t\t\t\t\t\t\t\t\t<a href=\"https:\/\/monteeballondalsace.com\/wp-content\/files\/2026\/01\/Doc_Dde_Approbation_Vehicule_Experimental1-scaled.jpg\" data-elementor-open-lightbox=\"yes\" data-elementor-lightbox-title=\"Doc_Dde_Approbation_Ve\u0301hicule_Expe\u0301rimental1\" data-e-action-hash=\"#elementor-action%3Aaction%3Dlightbox%26settings%3DeyJpZCI6ODk4OSwidXJsIjoiaHR0cHM6XC9cL21vbnRlZWJhbGxvbmRhbHNhY2UuY29tXC93cC1jb250ZW50XC9maWxlc1wvMjAyNlwvMDFcL0RvY19EZGVfQXBwcm9iYXRpb25fVmVoaWN1bGVfRXhwZXJpbWVudGFsMS1zY2FsZWQuanBnIn0%3D\">\n\t\t\t\t\t\t\t<img fetchpriority=\"high\" decoding=\"async\" width=\"768\" height=\"1086\" src=\"https:\/\/monteeballondalsace.com\/wp-content\/files\/2026\/01\/Doc_Dde_Approbation_Vehicule_Experimental1-768x1086.jpg\" class=\"attachment-medium_large size-medium_large wp-image-8989\" alt=\"\" srcset=\"https:\/\/monteeballondalsace.com\/wp-content\/files\/2026\/01\/Doc_Dde_Approbation_Vehicule_Experimental1-768x1086.jpg 768w, https:\/\/monteeballondalsace.com\/wp-content\/files\/2026\/01\/Doc_Dde_Approbation_Vehicule_Experimental1-212x300.jpg 212w, https:\/\/monteeballondalsace.com\/wp-content\/files\/2026\/01\/Doc_Dde_Approbation_Vehicule_Experimental1-724x1024.jpg 724w, https:\/\/monteeballondalsace.com\/wp-content\/files\/2026\/01\/Doc_Dde_Approbation_Vehicule_Experimental1-scaled.jpg 1448w\" sizes=\"(max-width: 768px) 100vw, 768px\" loading=\"eager\" title=\"\">\t\t\t\t\t\t\t\t<\/a>\n\t\t\t\t\t\t\t\t\t\t\t\t\t\t\t<\/div>\n\t\t\t\t<\/div>\n\t\t\t\t<div class=\"elementor-element elementor-element-aa5f966 elementor-widget elementor-widget-image\" data-id=\"aa5f966\" data-element_type=\"widget\" data-e-type=\"widget\" data-widget_type=\"image.default\">\n\t\t\t\t<div class=\"elementor-widget-container\">\n\t\t\t\t\t\t\t\t\t\t\t\t\t\t\t\t<a href=\"https:\/\/monteeballondalsace.com\/wp-content\/files\/2026\/01\/Doc_Dde_Approbation_Vehicule_Experimenta-2-scaled.jpg\" data-elementor-open-lightbox=\"yes\" data-elementor-lightbox-title=\"Doc_Dde_Approbation_Ve\u0301hicule_Expe\u0301rimenta 2\" data-e-action-hash=\"#elementor-action%3Aaction%3Dlightbox%26settings%3DeyJpZCI6ODk5MCwidXJsIjoiaHR0cHM6XC9cL21vbnRlZWJhbGxvbmRhbHNhY2UuY29tXC93cC1jb250ZW50XC9maWxlc1wvMjAyNlwvMDFcL0RvY19EZGVfQXBwcm9iYXRpb25fVmVoaWN1bGVfRXhwZXJpbWVudGEtMi1zY2FsZWQuanBnIn0%3D\">\n\t\t\t\t\t\t\t<img decoding=\"async\" width=\"768\" height=\"1086\" src=\"https:\/\/monteeballondalsace.com\/wp-content\/files\/2026\/01\/Doc_Dde_Approbation_Vehicule_Experimenta-2-768x1086.jpg\" class=\"attachment-medium_large size-medium_large wp-image-8990\" alt=\"\" srcset=\"https:\/\/monteeballondalsace.com\/wp-content\/files\/2026\/01\/Doc_Dde_Approbation_Vehicule_Experimenta-2-768x1086.jpg 768w, https:\/\/monteeballondalsace.com\/wp-content\/files\/2026\/01\/Doc_Dde_Approbation_Vehicule_Experimenta-2-212x300.jpg 212w, https:\/\/monteeballondalsace.com\/wp-content\/files\/2026\/01\/Doc_Dde_Approbation_Vehicule_Experimenta-2-724x1024.jpg 724w, https:\/\/monteeballondalsace.com\/wp-content\/files\/2026\/01\/Doc_Dde_Approbation_Vehicule_Experimenta-2-scaled.jpg 1448w\" sizes=\"(max-width: 768px) 100vw, 768px\" loading=\"eager\" title=\"\">\t\t\t\t\t\t\t\t<\/a>\n\t\t\t\t\t\t\t\t\t\t\t\t\t\t\t<\/div>\n\t\t\t\t<\/div>\n\t\t\t\t\t<\/div>\n\t\t\t\t<\/div>\n\t\t<div class=\"elementor-element elementor-element-94bc43b e-flex e-con-boxed e-con e-parent\" data-id=\"94bc43b\" data-element_type=\"container\" data-e-type=\"container\">\n\t\t\t\t\t<div class=\"e-con-inner\">\n\t\t\t\t<div class=\"elementor-element elementor-element-2677969 elementor-align-center elementor-widget elementor-widget-button\" data-id=\"2677969\" data-element_type=\"widget\" data-e-type=\"widget\" data-widget_type=\"button.default\">\n\t\t\t\t<div class=\"elementor-widget-container\">\n\t\t\t\t\t\t\t\t\t<div class=\"elementor-button-wrapper\">\n\t\t\t\t\t<a class=\"elementor-button elementor-button-link elementor-size-sm\" href=\"https:\/\/monteeballondalsace.com\/wp-content\/files\/2026\/01\/Document_Dde_Approbation_Vehicule_Experimental-.pdf\" target=\"_blank\">\n\t\t\t\t\t\t<span class=\"elementor-button-content-wrapper\">\n\t\t\t\t\t\t\t\t\t<span class=\"elementor-button-text\">Formulaire FFSA \u00e0 t\u00e9l\u00e9charger<\/span>\n\t\t\t\t\t<\/span>\n\t\t\t\t\t<\/a>\n\t\t\t\t<\/div>\n\t\t\t\t\t\t\t\t<\/div>\n\t\t\t\t<\/div>\n\t\t\t\t\t<\/div>\n\t\t\t\t<\/div>\n\t\t\t\t<\/div>","protected":false},"excerpt":{"rendered":"<p>Accueil administratif et technique Formulaire FFSA \u00e0 t\u00e9l\u00e9charger<\/p>","protected":false},"author":2,"featured_media":0,"parent":349,"menu_order":0,"comment_status":"closed","ping_status":"closed","template":"elementor_header_footer","meta":{"_acf_changed":false,"footnotes":""},"class_list":["post-8621","page","type-page","status-publish","hentry"],"acf":[],"_links":{"self":[{"href":"https:\/\/monteeballondalsace.com\/de\/wp-json\/wp\/v2\/pages\/8621","targetHints":{"allow":["GET"]}}],"collection":[{"href":"https:\/\/monteeballondalsace.com\/de\/wp-json\/wp\/v2\/pages"}],"about":[{"href":"https:\/\/monteeballondalsace.com\/de\/wp-json\/wp\/v2\/types\/page"}],"author":[{"embeddable":true,"href":"https:\/\/monteeballondalsace.com\/de\/wp-json\/wp\/v2\/users\/2"}],"replies":[{"embeddable":true,"href":"https:\/\/monteeballondalsace.com\/de\/wp-json\/wp\/v2\/comments?post=8621"}],"version-history":[{"count":3,"href":"https:\/\/monteeballondalsace.com\/de\/wp-json\/wp\/v2\/pages\/8621\/revisions"}],"predecessor-version":[{"id":9887,"href":"https:\/\/monteeballondalsace.com\/de\/wp-json\/wp\/v2\/pages\/8621\/revisions\/9887"}],"up":[{"embeddable":true,"href":"https:\/\/monteeballondalsace.com\/de\/wp-json\/wp\/v2\/pages\/349"}],"wp:attachment":[{"href":"https:\/\/monteeballondalsace.com\/de\/wp-json\/wp\/v2\/media?parent=8621"}],"curies":[{"name":"wp","href":"https:\/\/api.w.org\/{rel}","templated":true}]}}