{"id":550,"date":"2023-10-19T10:13:00","date_gmt":"2023-10-19T08:13:00","guid":{"rendered":"https:\/\/monteeballondalsace.com\/\/?page_id=550"},"modified":"2026-04-21T15:46:20","modified_gmt":"2026-04-21T13:46:20","slug":"strasenverhaltnisse","status":"publish","type":"page","link":"https:\/\/monteeballondalsace.com\/de\/fermtures-des-routes\/","title":{"rendered":"Stra\u00dfensperrungen"},"content":{"rendered":"<div data-elementor-type=\"wp-page\" data-elementor-id=\"550\" class=\"elementor elementor-550\" data-elementor-post-type=\"page\">\n\t\t\t\t<div class=\"elementor-element elementor-element-1ccd67b e-flex e-con-boxed e-con e-parent\" data-id=\"1ccd67b\" data-element_type=\"container\" data-e-type=\"container\" data-settings=\"{&quot;background_background&quot;:&quot;classic&quot;}\">\n\t\t\t\t\t<div class=\"e-con-inner\">\n\t\t\t\t<div class=\"elementor-element elementor-element-7e651c8 elementor-widget elementor-widget-heading\" data-id=\"7e651c8\" data-element_type=\"widget\" data-e-type=\"widget\" data-widget_type=\"heading.default\">\n\t\t\t\t<div class=\"elementor-widget-container\">\n\t\t\t\t\t<h1 class=\"elementor-heading-title elementor-size-default\">Stra\u00dfensperrungen <\/h1>\t\t\t\t<\/div>\n\t\t\t\t<\/div>\n\t\t\t\t\t<\/div>\n\t\t\t\t<\/div>\n\t\t<div class=\"elementor-element elementor-element-14954de e-flex e-con-boxed e-con e-parent\" data-id=\"14954de\" data-element_type=\"container\" data-e-type=\"container\">\n\t\t\t\t\t<div class=\"e-con-inner\">\n\t\t<div class=\"elementor-element elementor-element-b3d47a7 e-con-full e-flex e-con e-child\" data-id=\"b3d47a7\" data-element_type=\"container\" data-e-type=\"container\">\n\t\t\t\t<div class=\"elementor-element elementor-element-3bbefd3 elementor-widget elementor-widget-heading\" data-id=\"3bbefd3\" data-element_type=\"widget\" data-e-type=\"widget\" data-widget_type=\"heading.default\">\n\t\t\t\t<div class=\"elementor-widget-container\">\n\t\t\t\t\t<h2 class=\"elementor-heading-title elementor-size-default\">Nur Sonntag, 9. August<\/h2>\t\t\t\t<\/div>\n\t\t\t\t<\/div>\n\t\t\t\t<div class=\"elementor-element elementor-element-fc52bce elementor-widget__width-initial elementor-widget-mobile__width-inherit elementor-widget elementor-widget-text-editor\" data-id=\"fc52bce\" data-element_type=\"widget\" data-e-type=\"widget\" data-widget_type=\"text-editor.default\">\n\t\t\t\t<div class=\"elementor-widget-container\">\n\t\t\t\t\t\t\t\t\t<p>Die D 465, Auffahrt auf den Ballon d'Alsace, wird am Sonntag, dem 9. August 2026, ab der Kreuzung im Zentrum von LEPUIX mit der D12, Route de Lure, bis zum Gipfel auf der Vogesen-Seite gegen\u00fcber den Minenr\u00e4umern gesperrt sein. Die D 466 Route, die von Sewen kommt, wird daher ebenfalls vor der Kreuzung mit der D 465, Route du Ballon, gesperrt sein.<\/p>\t\t\t\t\t\t\t\t<\/div>\n\t\t\t\t<\/div>\n\t\t\t\t<\/div>\n\t\t<div class=\"elementor-element elementor-element-7a9fb18 e-con-full e-flex e-con e-child\" data-id=\"7a9fb18\" data-element_type=\"container\" data-e-type=\"container\">\n\t\t\t\t<div class=\"elementor-element elementor-element-b57f1eb elementor-widget elementor-widget-image\" data-id=\"b57f1eb\" data-element_type=\"widget\" data-e-type=\"widget\" data-widget_type=\"image.default\">\n\t\t\t\t<div class=\"elementor-widget-container\">\n\t\t\t\t\t\t\t\t\t\t\t\t\t\t\t<img fetchpriority=\"high\" decoding=\"async\" width=\"768\" height=\"576\" src=\"https:\/\/monteeballondalsace.com\/wp-content\/files\/2023\/11\/montee-historique-ballon-dalsace-uncategorized-unnamed-4-768x576.jpg\" class=\"attachment-medium_large size-medium_large wp-image-3754\" alt=\"historische ballonfahrt Elsass unkategorisiert unbenannt 4\" srcset=\"https:\/\/monteeballondalsace.com\/wp-content\/files\/2023\/11\/montee-historique-ballon-dalsace-uncategorized-unnamed-4-768x576.jpg 768w, https:\/\/monteeballondalsace.com\/wp-content\/files\/2023\/11\/montee-historique-ballon-dalsace-uncategorized-unnamed-4-300x225.jpg 300w, https:\/\/monteeballondalsace.com\/wp-content\/files\/2023\/11\/montee-historique-ballon-dalsace-uncategorized-unnamed-4-1024x768.jpg 1024w, https:\/\/monteeballondalsace.com\/wp-content\/files\/2023\/11\/montee-historique-ballon-dalsace-uncategorized-unnamed-4.jpg 1500w\" sizes=\"(max-width: 768px) 100vw, 768px\" loading=\"eager\" title=\"\">\t\t\t\t\t\t\t\t\t\t\t\t\t\t\t<\/div>\n\t\t\t\t<\/div>\n\t\t\t\t<\/div>\n\t\t\t\t\t<\/div>\n\t\t\t\t<\/div>\n\t\t<div class=\"elementor-element elementor-element-9c80967 e-flex e-con-boxed e-con e-parent\" data-id=\"9c80967\" data-element_type=\"container\" data-e-type=\"container\">\n\t\t\t\t\t<div class=\"e-con-inner\">\n\t\t<div class=\"elementor-element elementor-element-bd96306 e-con-full e-flex e-con e-child\" data-id=\"bd96306\" data-element_type=\"container\" data-e-type=\"container\">\n\t\t\t\t<div class=\"elementor-element elementor-element-c41827c elementor-widget elementor-widget-image\" data-id=\"c41827c\" data-element_type=\"widget\" data-e-type=\"widget\" data-widget_type=\"image.default\">\n\t\t\t\t<div class=\"elementor-widget-container\">\n\t\t\t\t\t\t\t\t\t\t\t\t\t\t\t<img decoding=\"async\" width=\"768\" height=\"511\" src=\"https:\/\/monteeballondalsace.com\/wp-content\/files\/2023\/11\/63-2-Copier-2-768x511.jpg\" class=\"attachment-medium_large size-medium_large wp-image-1130\" alt=\"63 (2) (Kopierer)\" srcset=\"https:\/\/monteeballondalsace.com\/wp-content\/files\/2023\/11\/63-2-Copier-2-768x511.jpg 768w, https:\/\/monteeballondalsace.com\/wp-content\/files\/2023\/11\/63-2-Copier-2-300x200.jpg 300w, https:\/\/monteeballondalsace.com\/wp-content\/files\/2023\/11\/63-2-Copier-2-1024x681.jpg 1024w, https:\/\/monteeballondalsace.com\/wp-content\/files\/2023\/11\/63-2-Copier-2-1536x1021.jpg 1536w, https:\/\/monteeballondalsace.com\/wp-content\/files\/2023\/11\/63-2-Copier-2.jpg 1624w\" sizes=\"(max-width: 768px) 100vw, 768px\" loading=\"eager\" title=\"\">\t\t\t\t\t\t\t\t\t\t\t\t\t\t\t<\/div>\n\t\t\t\t<\/div>\n\t\t\t\t<\/div>\n\t\t<div class=\"elementor-element elementor-element-3503b69 e-con-full e-flex e-con e-child\" data-id=\"3503b69\" data-element_type=\"container\" data-e-type=\"container\">\n\t\t\t\t<div class=\"elementor-element elementor-element-58de275 elementor-widget elementor-widget-heading\" data-id=\"58de275\" data-element_type=\"widget\" data-e-type=\"widget\" data-widget_type=\"heading.default\">\n\t\t\t\t<div class=\"elementor-widget-container\">\n\t\t\t\t\t<h2 class=\"elementor-heading-title elementor-size-default\">\u00d6ffnungszeiten<\/h2>\t\t\t\t<\/div>\n\t\t\t\t<\/div>\n\t\t\t\t<div class=\"elementor-element elementor-element-6f637c0 elementor-widget__width-initial elementor-widget elementor-widget-text-editor\" data-id=\"6f637c0\" data-element_type=\"widget\" data-e-type=\"widget\" data-widget_type=\"text-editor.default\">\n\t\t\t\t<div class=\"elementor-widget-container\">\n\t\t\t\t\t\t\t\t\t<p>Schlie\u00dfung ab 6:30 Uhr<br \/>Wiederer\u00f6ffnung zwischen 19:00 und 20:00 Uhr<\/p>\t\t\t\t\t\t\t\t<\/div>\n\t\t\t\t<\/div>\n\t\t\t\t<div class=\"elementor-element elementor-element-01281c5 elementor-widget elementor-widget-heading\" data-id=\"01281c5\" data-element_type=\"widget\" data-e-type=\"widget\" data-widget_type=\"heading.default\">\n\t\t\t\t<div class=\"elementor-widget-container\">\n\t\t\t\t\t<h2 class=\"elementor-heading-title elementor-size-default\">Passiergenehmigungen<\/h2>\t\t\t\t<\/div>\n\t\t\t\t<\/div>\n\t\t\t\t<div class=\"elementor-element elementor-element-6fac474 elementor-widget__width-initial elementor-widget-mobile__width-inherit elementor-widget elementor-widget-text-editor\" data-id=\"6fac474\" data-element_type=\"widget\" data-e-type=\"widget\" data-widget_type=\"text-editor.default\">\n\t\t\t\t<div class=\"elementor-widget-container\">\n\t\t\t\t\t\t\t\t\t<p>Die Anwohner, die Mitarbeiter, die an diesem Tag im Aufstieg oder auf dem Gipfel arbeiten, und die<br \/>Beitragende, insbesondere die medizinischen Berufe, k\u00f6nnen eine Genehmigung erhalten f\u00fcr<br \/>Genehmigt unter Auflagen. Bitte kontaktieren Sie Lionel, der dieses Dossier bearbeitet, unter Angabe der<br \/>Kontaktformular dieser Website.<\/p>\t\t\t\t\t\t\t\t<\/div>\n\t\t\t\t<\/div>\n\t\t\t\t<\/div>\n\t\t\t\t\t<\/div>\n\t\t\t\t<\/div>\n\t\t\t\t<\/div>","protected":false},"excerpt":{"rendered":"<p>Fermetures des routes Dimanche 9 ao\u00fbt uniquement La D 465 mont\u00e9e du col du Ballon d\u2019Alsace sera ferm\u00e9e le dimanche 9 ao\u00fbt 2026 du carrefour au centre de LEPUIX avec la D12 route de Lure jusqu\u2019au sommet cot\u00e9 Vosgien face aux d\u00e9mineurs. La D 466 Route venant de Sewen sera donc \u00e9galement barr\u00e9e avant le [&hellip;]<\/p>\n","protected":false},"author":2,"featured_media":0,"parent":0,"menu_order":0,"comment_status":"closed","ping_status":"closed","template":"elementor_header_footer","meta":{"_acf_changed":false,"footnotes":""},"class_list":["post-550","page","type-page","status-publish","hentry"],"acf":[],"_links":{"self":[{"href":"https:\/\/monteeballondalsace.com\/de\/wp-json\/wp\/v2\/pages\/550","targetHints":{"allow":["GET"]}}],"collection":[{"href":"https:\/\/monteeballondalsace.com\/de\/wp-json\/wp\/v2\/pages"}],"about":[{"href":"https:\/\/monteeballondalsace.com\/de\/wp-json\/wp\/v2\/types\/page"}],"author":[{"embeddable":true,"href":"https:\/\/monteeballondalsace.com\/de\/wp-json\/wp\/v2\/users\/2"}],"replies":[{"embeddable":true,"href":"https:\/\/monteeballondalsace.com\/de\/wp-json\/wp\/v2\/comments?post=550"}],"version-history":[{"count":3,"href":"https:\/\/monteeballondalsace.com\/de\/wp-json\/wp\/v2\/pages\/550\/revisions"}],"predecessor-version":[{"id":9803,"href":"https:\/\/monteeballondalsace.com\/de\/wp-json\/wp\/v2\/pages\/550\/revisions\/9803"}],"wp:attachment":[{"href":"https:\/\/monteeballondalsace.com\/de\/wp-json\/wp\/v2\/media?parent=550"}],"curies":[{"name":"wp","href":"https:\/\/api.w.org\/{rel}","templated":true}]}}