{"id":3658,"date":"2023-11-15T18:17:20","date_gmt":"2023-11-15T17:17:20","guid":{"rendered":"https:\/\/monteeballondalsace.com\/?page_id=3658"},"modified":"2026-03-31T08:47:19","modified_gmt":"2026-03-31T06:47:19","slug":"blog","status":"publish","type":"page","link":"https:\/\/monteeballondalsace.com\/de\/blog\/","title":{"rendered":"Blog"},"content":{"rendered":"<div data-elementor-type=\"wp-page\" data-elementor-id=\"3658\" class=\"elementor elementor-3658\" data-elementor-post-type=\"page\">\n\t\t\t\t<div class=\"elementor-element elementor-element-7f342c4 e-flex e-con-boxed e-con e-parent\" data-id=\"7f342c4\" data-element_type=\"container\" data-e-type=\"container\" data-settings=\"{&quot;background_background&quot;:&quot;classic&quot;}\">\n\t\t\t\t\t<div class=\"e-con-inner\">\n\t\t\t\t<div class=\"elementor-element elementor-element-7e9f260 elementor-widget elementor-widget-heading\" data-id=\"7e9f260\" data-element_type=\"widget\" data-e-type=\"widget\" data-widget_type=\"heading.default\">\n\t\t\t\t<div class=\"elementor-widget-container\">\n\t\t\t\t\t<h2 class=\"elementor-heading-title elementor-size-default\">Toutes nos actualit\u00e9s <\/h2>\t\t\t\t<\/div>\n\t\t\t\t<\/div>\n\t\t\t\t<div class=\"elementor-element elementor-element-a783dd4 elementor-grid-3 elementor-grid-tablet-2 elementor-grid-mobile-1 elementor-posts--thumbnail-top elementor-card-shadow-yes elementor-posts__hover-gradient elementor-widget elementor-widget-posts\" data-id=\"a783dd4\" data-element_type=\"widget\" data-e-type=\"widget\" data-settings=\"{&quot;cards_columns&quot;:&quot;3&quot;,&quot;cards_columns_tablet&quot;:&quot;2&quot;,&quot;cards_columns_mobile&quot;:&quot;1&quot;,&quot;cards_row_gap&quot;:{&quot;unit&quot;:&quot;px&quot;,&quot;size&quot;:35,&quot;sizes&quot;:[]},&quot;cards_row_gap_tablet&quot;:{&quot;unit&quot;:&quot;px&quot;,&quot;size&quot;:&quot;&quot;,&quot;sizes&quot;:[]},&quot;cards_row_gap_mobile&quot;:{&quot;unit&quot;:&quot;px&quot;,&quot;size&quot;:&quot;&quot;,&quot;sizes&quot;:[]}}\" data-widget_type=\"posts.cards\">\n\t\t\t\t<div class=\"elementor-widget-container\">\n\t\t\t\t\t\t\t<div class=\"elementor-posts-container elementor-posts elementor-posts--skin-cards elementor-grid\" role=\"list\">\n\t\t\t\t<article class=\"elementor-post elementor-grid-item post-9239 post type-post status-publish format-standard has-post-thumbnail hentry category-actualites\" role=\"listitem\">\n\t\t\t<div class=\"elementor-post__card\">\n\t\t\t\t<a class=\"elementor-post__thumbnail__link\" href=\"https:\/\/monteeballondalsace.com\/de\/salon-des-sports-mecaniques\/\" tabindex=\"-1\" ><div class=\"elementor-post__thumbnail\"><img fetchpriority=\"high\" decoding=\"async\" width=\"768\" height=\"576\" src=\"https:\/\/monteeballondalsace.com\/wp-content\/files\/2026\/03\/IMG_3898-768x576.jpg\" class=\"attachment-medium_large size-medium_large wp-image-9247\" alt=\"\" srcset=\"https:\/\/monteeballondalsace.com\/wp-content\/files\/2026\/03\/IMG_3898-768x576.jpg 768w, https:\/\/monteeballondalsace.com\/wp-content\/files\/2026\/03\/IMG_3898-300x225.jpg 300w, https:\/\/monteeballondalsace.com\/wp-content\/files\/2026\/03\/IMG_3898.jpg 960w\" sizes=\"(max-width: 768px) 100vw, 768px\" loading=\"eager\" title=\"\"><\/div><\/a>\n\t\t\t\t<div class=\"elementor-post__text\">\n\t\t\t\t<h3 class=\"elementor-post__title\">\n\t\t\t<a href=\"https:\/\/monteeballondalsace.com\/de\/salon-des-sports-mecaniques\/\" >\n\t\t\t\tSalon des Sports M\u00e9caniques\t\t\t<\/a>\n\t\t<\/h3>\n\t\t\t\t\t<div class=\"elementor-post__read-more-wrapper\">\n\t\t\n\t\t<a class=\"elementor-post__read-more\" href=\"https:\/\/monteeballondalsace.com\/de\/salon-des-sports-mecaniques\/\" aria-label=\"Mehr \u00fcber Salon des Sports Mecaniques\" tabindex=\"-1\" >\n\t\t\tWeiterlesen\t\t<\/a>\n\n\t\t\t\t\t<\/div>\n\t\t\t\t<\/div>\n\t\t\t\t\t<\/div>\n\t\t<\/article>\n\t\t\t\t<article class=\"elementor-post elementor-grid-item post-8163 post type-post status-publish format-standard has-post-thumbnail hentry category-actualites\" role=\"listitem\">\n\t\t\t<div class=\"elementor-post__card\">\n\t\t\t\t<a class=\"elementor-post__thumbnail__link\" href=\"https:\/\/monteeballondalsace.com\/de\/ce-que-les-pilotes-en-disent\/\" tabindex=\"-1\" ><div class=\"elementor-post__thumbnail\"><img decoding=\"async\" width=\"768\" height=\"512\" src=\"https:\/\/monteeballondalsace.com\/wp-content\/files\/2024\/12\/FB-2594-768x512.jpg\" class=\"attachment-medium_large size-medium_large wp-image-7215\" alt=\"\" srcset=\"https:\/\/monteeballondalsace.com\/wp-content\/files\/2024\/12\/FB-2594-768x512.jpg 768w, https:\/\/monteeballondalsace.com\/wp-content\/files\/2024\/12\/FB-2594-300x200.jpg 300w, https:\/\/monteeballondalsace.com\/wp-content\/files\/2024\/12\/FB-2594-1024x683.jpg 1024w, https:\/\/monteeballondalsace.com\/wp-content\/files\/2024\/12\/FB-2594.jpg 1600w\" sizes=\"(max-width: 768px) 100vw, 768px\" loading=\"eager\" title=\"\"><\/div><\/a>\n\t\t\t\t<div class=\"elementor-post__text\">\n\t\t\t\t<h3 class=\"elementor-post__title\">\n\t\t\t<a href=\"https:\/\/monteeballondalsace.com\/de\/ce-que-les-pilotes-en-disent\/\" >\n\t\t\t\tWas Piloten dazu sagen:\t\t\t<\/a>\n\t\t<\/h3>\n\t\t\t\t\t<div class=\"elementor-post__read-more-wrapper\">\n\t\t\n\t\t<a class=\"elementor-post__read-more\" href=\"https:\/\/monteeballondalsace.com\/de\/ce-que-les-pilotes-en-disent\/\" aria-label=\"Mehr \u00fcber Ce que les Pilotes en disent :\" tabindex=\"-1\" >\n\t\t\tWeiterlesen\t\t<\/a>\n\n\t\t\t\t\t<\/div>\n\t\t\t\t<\/div>\n\t\t\t\t\t<\/div>\n\t\t<\/article>\n\t\t\t\t<article class=\"elementor-post elementor-grid-item post-8202 post type-post status-publish format-standard hentry category-nachrichten\" role=\"listitem\">\n\t\t\t<div class=\"elementor-post__card\">\n\t\t\t\t<div class=\"elementor-post__text\">\n\t\t\t\t<h3 class=\"elementor-post__title\">\n\t\t\t<a href=\"https:\/\/monteeballondalsace.com\/de\/wartezeit-verspaetung-oder-beides\/\" >\n\t\t\t\tWARTEZEIT, VERSP\u00c4TUNG oder beides\t\t\t<\/a>\n\t\t<\/h3>\n\t\t\t\t\t<div class=\"elementor-post__read-more-wrapper\">\n\t\t\n\t\t<a class=\"elementor-post__read-more\" href=\"https:\/\/monteeballondalsace.com\/de\/wartezeit-verspaetung-oder-beides\/\" aria-label=\"Mehr \u00fcber WARTEZEIT, VERSP\u00c4TUNG oder beides\" tabindex=\"-1\" >\n\t\t\tWeiterlesen\t\t<\/a>\n\n\t\t\t\t\t<\/div>\n\t\t\t\t<\/div>\n\t\t\t\t\t<\/div>\n\t\t<\/article>\n\t\t\t\t<article class=\"elementor-post elementor-grid-item post-8195 post type-post status-publish format-standard has-post-thumbnail hentry category-actualites\" role=\"listitem\">\n\t\t\t<div class=\"elementor-post__card\">\n\t\t\t\t<a class=\"elementor-post__thumbnail__link\" href=\"https:\/\/monteeballondalsace.com\/de\/attente-et-retards\/\" tabindex=\"-1\" ><div class=\"elementor-post__thumbnail\"><img decoding=\"async\" width=\"768\" height=\"512\" src=\"https:\/\/monteeballondalsace.com\/wp-content\/files\/2023\/12\/montee-historique-ballon-dalsace-2023-les-autos-66PiloteBeret_GF-768x512.jpg\" class=\"attachment-medium_large size-medium_large wp-image-4735\" alt=\"Historische Ballonfahrt Elsass 2023 Die Autos 66 Pilot Breitenbach\" srcset=\"https:\/\/monteeballondalsace.com\/wp-content\/files\/2023\/12\/montee-historique-ballon-dalsace-2023-les-autos-66PiloteBeret_GF-768x512.jpg 768w, https:\/\/monteeballondalsace.com\/wp-content\/files\/2023\/12\/montee-historique-ballon-dalsace-2023-les-autos-66PiloteBeret_GF-300x200.jpg 300w, https:\/\/monteeballondalsace.com\/wp-content\/files\/2023\/12\/montee-historique-ballon-dalsace-2023-les-autos-66PiloteBeret_GF-1024x683.jpg 1024w, https:\/\/monteeballondalsace.com\/wp-content\/files\/2023\/12\/montee-historique-ballon-dalsace-2023-les-autos-66PiloteBeret_GF.jpg 1200w\" sizes=\"(max-width: 768px) 100vw, 768px\" loading=\"eager\" title=\"\"><\/div><\/a>\n\t\t\t\t<div class=\"elementor-post__text\">\n\t\t\t\t<h3 class=\"elementor-post__title\">\n\t\t\t<a href=\"https:\/\/monteeballondalsace.com\/de\/attente-et-retards\/\" >\n\t\t\t\tWartezeit und Verz\u00f6gerungen\t\t\t<\/a>\n\t\t<\/h3>\n\t\t\t\t\t<div class=\"elementor-post__read-more-wrapper\">\n\t\t\n\t\t<a class=\"elementor-post__read-more\" href=\"https:\/\/monteeballondalsace.com\/de\/attente-et-retards\/\" aria-label=\"Mehr \u00fcber ATTENTE et RETARDS\" tabindex=\"-1\" >\n\t\t\tWeiterlesen\t\t<\/a>\n\n\t\t\t\t\t<\/div>\n\t\t\t\t<\/div>\n\t\t\t\t\t<\/div>\n\t\t<\/article>\n\t\t\t\t<article class=\"elementor-post elementor-grid-item post-8179 post type-post status-publish format-standard has-post-thumbnail hentry category-actualites\" role=\"listitem\">\n\t\t\t<div class=\"elementor-post__card\">\n\t\t\t\t<a class=\"elementor-post__thumbnail__link\" href=\"https:\/\/monteeballondalsace.com\/de\/quelle-edition\/\" tabindex=\"-1\" ><div class=\"elementor-post__thumbnail\"><img decoding=\"async\" width=\"768\" height=\"689\" src=\"https:\/\/monteeballondalsace.com\/wp-content\/files\/2025\/10\/petroleuses-768x689.png\" class=\"attachment-medium_large size-medium_large wp-image-9231\" alt=\"\" srcset=\"https:\/\/monteeballondalsace.com\/wp-content\/files\/2025\/10\/petroleuses-768x689.png 768w, https:\/\/monteeballondalsace.com\/wp-content\/files\/2025\/10\/petroleuses-300x269.png 300w, https:\/\/monteeballondalsace.com\/wp-content\/files\/2025\/10\/petroleuses.png 812w\" sizes=\"(max-width: 768px) 100vw, 768px\" loading=\"eager\" title=\"\"><\/div><\/a>\n\t\t\t\t<div class=\"elementor-post__text\">\n\t\t\t\t<h3 class=\"elementor-post__title\">\n\t\t\t<a href=\"https:\/\/monteeballondalsace.com\/de\/quelle-edition\/\" >\n\t\t\t\tWas f\u00fcr eine Ausgabe!\t\t\t<\/a>\n\t\t<\/h3>\n\t\t\t\t\t<div class=\"elementor-post__read-more-wrapper\">\n\t\t\n\t\t<a class=\"elementor-post__read-more\" href=\"https:\/\/monteeballondalsace.com\/de\/quelle-edition\/\" aria-label=\"Mehr \u00fcber Quelle edition !\" tabindex=\"-1\" >\n\t\t\tWeiterlesen\t\t<\/a>\n\n\t\t\t\t\t<\/div>\n\t\t\t\t<\/div>\n\t\t\t\t\t<\/div>\n\t\t<\/article>\n\t\t\t\t<article class=\"elementor-post elementor-grid-item post-8164 post type-post status-publish format-standard has-post-thumbnail hentry category-actualites\" role=\"listitem\">\n\t\t\t<div class=\"elementor-post__card\">\n\t\t\t\t<a class=\"elementor-post__thumbnail__link\" href=\"https:\/\/monteeballondalsace.com\/de\/lavis-des-pilotes\/\" tabindex=\"-1\" ><div class=\"elementor-post__thumbnail\"><img decoding=\"async\" width=\"768\" height=\"512\" src=\"https:\/\/monteeballondalsace.com\/wp-content\/files\/2025\/12\/GALA1-768x512.jpg\" class=\"attachment-medium_large size-medium_large wp-image-8411\" alt=\"\" srcset=\"https:\/\/monteeballondalsace.com\/wp-content\/files\/2025\/12\/GALA1-768x512.jpg 768w, https:\/\/monteeballondalsace.com\/wp-content\/files\/2025\/12\/GALA1-300x200.jpg 300w, https:\/\/monteeballondalsace.com\/wp-content\/files\/2025\/12\/GALA1-1024x683.jpg 1024w, https:\/\/monteeballondalsace.com\/wp-content\/files\/2025\/12\/GALA1.jpg 1500w\" sizes=\"(max-width: 768px) 100vw, 768px\" loading=\"eager\" title=\"\"><\/div><\/a>\n\t\t\t\t<div class=\"elementor-post__text\">\n\t\t\t\t<h3 class=\"elementor-post__title\">\n\t\t\t<a href=\"https:\/\/monteeballondalsace.com\/de\/lavis-des-pilotes\/\" >\n\t\t\t\tDie Meinung der Piloten\t\t\t<\/a>\n\t\t<\/h3>\n\t\t\t\t\t<div class=\"elementor-post__read-more-wrapper\">\n\t\t\n\t\t<a class=\"elementor-post__read-more\" href=\"https:\/\/monteeballondalsace.com\/de\/lavis-des-pilotes\/\" aria-label=\"Mehr \u00fcber L&rsquo;avis des Pilotes\" tabindex=\"-1\" >\n\t\t\tWeiterlesen\t\t<\/a>\n\n\t\t\t\t\t<\/div>\n\t\t\t\t<\/div>\n\t\t\t\t\t<\/div>\n\t\t<\/article>\n\t\t\t\t<article class=\"elementor-post elementor-grid-item post-6946 post type-post status-publish format-standard has-post-thumbnail hentry category-actualites\" role=\"listitem\">\n\t\t\t<div class=\"elementor-post__card\">\n\t\t\t\t<a class=\"elementor-post__thumbnail__link\" href=\"https:\/\/monteeballondalsace.com\/de\/pourquoi-participer-a-la-montee-historique-internationale-du-ballon-dalsace-avec-votre-ancienne\/\" tabindex=\"-1\" ><div class=\"elementor-post__thumbnail\"><img decoding=\"async\" width=\"768\" height=\"512\" src=\"https:\/\/monteeballondalsace.com\/wp-content\/files\/2024\/12\/IMG_2234-768x512.jpg\" class=\"attachment-medium_large size-medium_large wp-image-6798\" alt=\"\" srcset=\"https:\/\/monteeballondalsace.com\/wp-content\/files\/2024\/12\/IMG_2234-768x512.jpg 768w, https:\/\/monteeballondalsace.com\/wp-content\/files\/2024\/12\/IMG_2234-300x200.jpg 300w, https:\/\/monteeballondalsace.com\/wp-content\/files\/2024\/12\/IMG_2234-1024x683.jpg 1024w, https:\/\/monteeballondalsace.com\/wp-content\/files\/2024\/12\/IMG_2234.jpg 1600w\" sizes=\"(max-width: 768px) 100vw, 768px\" loading=\"eager\" title=\"\"><\/div><\/a>\n\t\t\t\t<div class=\"elementor-post__text\">\n\t\t\t\t<h3 class=\"elementor-post__title\">\n\t\t\t<a href=\"https:\/\/monteeballondalsace.com\/de\/pourquoi-participer-a-la-montee-historique-internationale-du-ballon-dalsace-avec-votre-ancienne\/\" >\n\t\t\t\tPourquoi Participer \u00e0 la Mont\u00e9e Historique Internationale du Ballon d&rsquo;Alsace avec votre ancienne?\t\t\t<\/a>\n\t\t<\/h3>\n\t\t\t\t\t<div class=\"elementor-post__read-more-wrapper\">\n\t\t\n\t\t<a class=\"elementor-post__read-more\" href=\"https:\/\/monteeballondalsace.com\/de\/pourquoi-participer-a-la-montee-historique-internationale-du-ballon-dalsace-avec-votre-ancienne\/\" aria-label=\"Mehr \u00fcber Pourquoi Participer \u00e0 la Mont\u00e9e Historique Internationale du Ballon d&rsquo;Alsace avec votre ancienne?\" tabindex=\"-1\" >\n\t\t\tWeiterlesen\t\t<\/a>\n\n\t\t\t\t\t<\/div>\n\t\t\t\t<\/div>\n\t\t\t\t\t<\/div>\n\t\t<\/article>\n\t\t\t\t<article class=\"elementor-post elementor-grid-item post-6713 post type-post status-publish format-standard has-post-thumbnail hentry category-actualites\" role=\"listitem\">\n\t\t\t<div class=\"elementor-post__card\">\n\t\t\t\t<a class=\"elementor-post__thumbnail__link\" href=\"https:\/\/monteeballondalsace.com\/de\/inscriptions-ouvertes-anmeldunugen-offen\/\" tabindex=\"-1\" ><div class=\"elementor-post__thumbnail\"><img decoding=\"async\" width=\"768\" height=\"512\" src=\"https:\/\/monteeballondalsace.com\/wp-content\/files\/2024\/12\/9C3A4599-768x512.jpg\" class=\"attachment-medium_large size-medium_large wp-image-6927\" alt=\"\" srcset=\"https:\/\/monteeballondalsace.com\/wp-content\/files\/2024\/12\/9C3A4599-768x512.jpg 768w, https:\/\/monteeballondalsace.com\/wp-content\/files\/2024\/12\/9C3A4599-300x200.jpg 300w, https:\/\/monteeballondalsace.com\/wp-content\/files\/2024\/12\/9C3A4599-1024x683.jpg 1024w, https:\/\/monteeballondalsace.com\/wp-content\/files\/2024\/12\/9C3A4599.jpg 1600w\" sizes=\"(max-width: 768px) 100vw, 768px\" loading=\"eager\" title=\"\"><\/div><\/a>\n\t\t\t\t<div class=\"elementor-post__text\">\n\t\t\t\t<h3 class=\"elementor-post__title\">\n\t\t\t<a href=\"https:\/\/monteeballondalsace.com\/de\/inscriptions-ouvertes-anmeldunugen-offen\/\" >\n\t\t\t\tINSCRIPTIONS OUVERTES   ANMELDUNUGEN OFFEN\t\t\t<\/a>\n\t\t<\/h3>\n\t\t\t\t\t<div class=\"elementor-post__read-more-wrapper\">\n\t\t\n\t\t<a class=\"elementor-post__read-more\" href=\"https:\/\/monteeballondalsace.com\/de\/inscriptions-ouvertes-anmeldunugen-offen\/\" aria-label=\"Mehr \u00fcber INSCRIPTIONS OUVERTES   ANMELDUNUGEN OFFEN\" tabindex=\"-1\" >\n\t\t\tWeiterlesen\t\t<\/a>\n\n\t\t\t\t\t<\/div>\n\t\t\t\t<\/div>\n\t\t\t\t\t<\/div>\n\t\t<\/article>\n\t\t\t\t<article class=\"elementor-post elementor-grid-item post-6305 post type-post status-publish format-standard has-post-thumbnail hentry category-news\" role=\"listitem\">\n\t\t\t<div class=\"elementor-post__card\">\n\t\t\t\t<a class=\"elementor-post__thumbnail__link\" href=\"https:\/\/monteeballondalsace.com\/de\/2024-success\/\" tabindex=\"-1\" ><div class=\"elementor-post__thumbnail\"><img decoding=\"async\" width=\"768\" height=\"512\" src=\"https:\/\/monteeballondalsace.com\/wp-content\/files\/2024\/10\/montee-historique-ballon-dalsace-news-IMG_5420-768x512.jpg\" class=\"attachment-medium_large size-medium_large wp-image-6292\" alt=\"montee historique ballon dalsace news img 5420\" srcset=\"https:\/\/monteeballondalsace.com\/wp-content\/files\/2024\/10\/montee-historique-ballon-dalsace-news-IMG_5420-768x512.jpg 768w, https:\/\/monteeballondalsace.com\/wp-content\/files\/2024\/10\/montee-historique-ballon-dalsace-news-IMG_5420-300x200.jpg 300w, https:\/\/monteeballondalsace.com\/wp-content\/files\/2024\/10\/montee-historique-ballon-dalsace-news-IMG_5420-1024x683.jpg 1024w, https:\/\/monteeballondalsace.com\/wp-content\/files\/2024\/10\/montee-historique-ballon-dalsace-news-IMG_5420.jpg 1200w\" sizes=\"(max-width: 768px) 100vw, 768px\" loading=\"eager\" title=\"\"><\/div><\/a>\n\t\t\t\t<div class=\"elementor-post__text\">\n\t\t\t\t<h3 class=\"elementor-post__title\">\n\t\t\t<a href=\"https:\/\/monteeballondalsace.com\/de\/2024-success\/\" >\n\t\t\t\t2024 Success\t\t\t<\/a>\n\t\t<\/h3>\n\t\t\t\t\t<div class=\"elementor-post__read-more-wrapper\">\n\t\t\n\t\t<a class=\"elementor-post__read-more\" href=\"https:\/\/monteeballondalsace.com\/de\/2024-success\/\" aria-label=\"Mehr \u00fcber 2024 Success\" tabindex=\"-1\" >\n\t\t\tWeiterlesen\t\t<\/a>\n\n\t\t\t\t\t<\/div>\n\t\t\t\t<\/div>\n\t\t\t\t\t<\/div>\n\t\t<\/article>\n\t\t\t\t<\/div>\n\t\t\n\t\t\t\t\t\t<\/div>\n\t\t\t\t<\/div>\n\t\t\t\t\t<\/div>\n\t\t\t\t<\/div>\n\t\t\t\t<\/div>","protected":false},"excerpt":{"rendered":"<p>Toutes nos actualit\u00e9s<\/p>","protected":false},"author":2,"featured_media":0,"parent":0,"menu_order":0,"comment_status":"closed","ping_status":"closed","template":"elementor_header_footer","meta":{"_acf_changed":false,"footnotes":""},"class_list":["post-3658","page","type-page","status-publish","hentry"],"acf":[],"_links":{"self":[{"href":"https:\/\/monteeballondalsace.com\/de\/wp-json\/wp\/v2\/pages\/3658","targetHints":{"allow":["GET"]}}],"collection":[{"href":"https:\/\/monteeballondalsace.com\/de\/wp-json\/wp\/v2\/pages"}],"about":[{"href":"https:\/\/monteeballondalsace.com\/de\/wp-json\/wp\/v2\/types\/page"}],"author":[{"embeddable":true,"href":"https:\/\/monteeballondalsace.com\/de\/wp-json\/wp\/v2\/users\/2"}],"replies":[{"embeddable":true,"href":"https:\/\/monteeballondalsace.com\/de\/wp-json\/wp\/v2\/comments?post=3658"}],"version-history":[{"count":0,"href":"https:\/\/monteeballondalsace.com\/de\/wp-json\/wp\/v2\/pages\/3658\/revisions"}],"wp:attachment":[{"href":"https:\/\/monteeballondalsace.com\/de\/wp-json\/wp\/v2\/media?parent=3658"}],"curies":[{"name":"wp","href":"https:\/\/api.w.org\/{rel}","templated":true}]}}