{"id":3648,"date":"2023-11-15T13:21:32","date_gmt":"2023-11-15T12:21:32","guid":{"rendered":"https:\/\/monteeballondalsace.com\/politique-de-cookies-ue\/"},"modified":"2026-03-31T08:47:59","modified_gmt":"2026-03-31T06:47:59","slug":"impressum","status":"publish","type":"page","link":"https:\/\/monteeballondalsace.com\/de\/mentions-legales\/","title":{"rendered":"Impressum"},"content":{"rendered":"<div data-elementor-type=\"wp-page\" data-elementor-id=\"3648\" class=\"elementor elementor-3648\" data-elementor-post-type=\"page\">\n\t\t\t\t<div class=\"elementor-element elementor-element-7bf9adb e-flex e-con-boxed e-con e-parent\" data-id=\"7bf9adb\" data-element_type=\"container\" data-e-type=\"container\">\n\t\t\t\t\t<div class=\"e-con-inner\">\n\t\t\t\t<div class=\"elementor-element elementor-element-1d4af6b elementor-widget elementor-widget-text-editor\" data-id=\"1d4af6b\" data-element_type=\"widget\" data-e-type=\"widget\" data-widget_type=\"text-editor.default\">\n\t\t\t\t<div class=\"elementor-widget-container\">\n\t\t\t\t\t\t\t\t\t<h2><strong>Immobilienverwaltung<\/strong><\/h2>\n<p>Die Seite <strong><a href=\"https:\/\/monteeballondalsace.com\/de\/\">https:\/\/monteeballondalsace.com\/<\/a><\/strong> herausgegeben von:<\/p>\n<p><strong>HISTORISCH<\/strong><br>Firmensitz: 11 Rue Jean Moulin, 25400 Audincourt<br>SIRET : 822 133 179 00013<br>RCS Belfort<br>Seite <a href=\"https:\/\/historally.com\/\" target=\"_blank\" rel=\"noopener\">https:\/\/historally.com\/<\/a><\/p>\n<h2><strong>2. Verantwortlich f\u00fcr den Inhalt<\/strong><\/h2>\n<p>Der Herausgeber ist <strong>Jean-Pierre MUNSCH<\/strong>, in seiner Eigenschaft als Pr\u00e4sident von <strong>HISTORISCH<\/strong>.<br><\/p>\n<h2><strong>3. Unterkunft und Website-Erstellung<\/strong><\/h2>\n<p>Die Website wurde von Agence Facton konzipiert und gehostet.<\/p>\n<h2><strong>4. Geistiges Eigentum<\/strong><\/h2>\n<p>Das gesamte auf der Website vorhandene Material (Texte, Bilder, Grafiken, Logos, Videos usw.) ist das ausschlie\u00dfliche Eigentum von <strong>HISTORISCH<\/strong>, sofern nicht anders angegeben. Jede Vervielf\u00e4ltigung, Verbreitung, Modifikation oder Verwertung ohne vorherige Genehmigung ist untersagt.<\/p>\n<h2><strong>5. Personenbezogene Daten<\/strong><\/h2>\n<p>Die \u00fcber die Website erhobenen personenbezogenen Daten dienen der Verwaltung der Anmeldungen und der Kommunikation im Zusammenhang mit der Veranstaltung. <strong>Aufstieg zum Ballon d'Alsace<\/strong>.<br>Gem\u00e4\u00df dem <strong>DSGVO<\/strong> und zum Gesetz <strong>Informatik und Freiheiten<\/strong>, Sie haben das Recht, auf Ihre Daten zuzugreifen, diese zu berichtigen und zu l\u00f6schen, indem Sie sich an uns wenden <strong>HISTORISCH<\/strong> An die oben genannte E-Mail-Adresse.<\/p>\n<h2><strong>6. Kekse<\/strong><\/h2>\n<p>Die Website verwendet Cookies zur Verbesserung des Nutzererlebnisses und Analysetools. Sie k\u00f6nnen Ihre Cookie-Einstellungen \u00fcber die Einstellungen Ihres Browsers verwalten.<\/p>\n<h2><strong>7. Verantwortung<\/strong><\/h2>\n<p><strong>HISTORISCH<\/strong> bem\u00fcht sich, aktuelle und korrekte Informationen auf der Seite bereitzustellen, \u00fcbernimmt jedoch keine Verantwortung f\u00fcr Fehler, Auslassungen oder Dienstunterbrechungen. Der Benutzer wird gebeten, Fehler oder unangemessene Inhalte \u00fcber die Kontakt-E-Mail zu melden.<\/p>\n<h2><strong>8. Anwendbares Recht<\/strong><\/h2>\n<p>Diese rechtlichen Hinweise unterliegen franz\u00f6sischem Recht. Streitigkeiten werden den zust\u00e4ndigen Gerichten von vorgelegt <strong>Belfort<\/strong>.<\/p>\t\t\t\t\t\t\t\t<\/div>\n\t\t\t\t<\/div>\n\t\t\t\t\t<\/div>\n\t\t\t\t<\/div>\n\t\t\t\t<\/div>","protected":false},"excerpt":{"rendered":"<p>1. \u00c9diteur du site Le site https:\/\/monteeballondalsace.com\/ est \u00e9dit\u00e9 par : HISTORALLYSi\u00e8ge social : 11 Rue Jean Moulin, 25400 AudincourtSIRET : 822 133 179 00013RCS BelfortSite : https:\/\/historally.com\/ 2. Responsable de la publication Le responsable de la publication est Jean-Pierre MUNSCH, en sa qualit\u00e9 de pr\u00e9sident de HISTORALLY. 3. H\u00e9bergement et cr\u00e9ation du site Le [&hellip;]<\/p>\n","protected":false},"author":2,"featured_media":0,"parent":0,"menu_order":0,"comment_status":"closed","ping_status":"closed","template":"elementor_header_footer","meta":{"_acf_changed":false,"footnotes":""},"class_list":["post-3648","page","type-page","status-publish","hentry"],"acf":[],"_links":{"self":[{"href":"https:\/\/monteeballondalsace.com\/de\/wp-json\/wp\/v2\/pages\/3648","targetHints":{"allow":["GET"]}}],"collection":[{"href":"https:\/\/monteeballondalsace.com\/de\/wp-json\/wp\/v2\/pages"}],"about":[{"href":"https:\/\/monteeballondalsace.com\/de\/wp-json\/wp\/v2\/types\/page"}],"author":[{"embeddable":true,"href":"https:\/\/monteeballondalsace.com\/de\/wp-json\/wp\/v2\/users\/2"}],"replies":[{"embeddable":true,"href":"https:\/\/monteeballondalsace.com\/de\/wp-json\/wp\/v2\/comments?post=3648"}],"version-history":[{"count":0,"href":"https:\/\/monteeballondalsace.com\/de\/wp-json\/wp\/v2\/pages\/3648\/revisions"}],"wp:attachment":[{"href":"https:\/\/monteeballondalsace.com\/de\/wp-json\/wp\/v2\/media?parent=3648"}],"curies":[{"name":"wp","href":"https:\/\/api.w.org\/{rel}","templated":true}]}}