{"id":332,"date":"2023-10-12T14:52:19","date_gmt":"2023-10-12T12:52:19","guid":{"rendered":"https:\/\/monteeballondalsace.com\/\/?page_id=332"},"modified":"2026-04-21T16:41:50","modified_gmt":"2026-04-21T14:41:50","slug":"zugelassene-autos","status":"publish","type":"page","link":"https:\/\/monteeballondalsace.com\/de\/voitures-admises-admission\/","title":{"rendered":"Voitures admises &#8211; Admission"},"content":{"rendered":"<div data-elementor-type=\"wp-page\" data-elementor-id=\"332\" class=\"elementor elementor-332\" data-elementor-post-type=\"page\">\n\t\t\t\t<div class=\"elementor-element elementor-element-8c2ffb4 e-flex e-con-boxed e-con e-parent\" data-id=\"8c2ffb4\" data-element_type=\"container\" data-e-type=\"container\" data-settings=\"{&quot;background_background&quot;:&quot;classic&quot;}\">\n\t\t\t\t\t<div class=\"e-con-inner\">\n\t\t\t\t<div class=\"elementor-element elementor-element-25f3f4f elementor-widget elementor-widget-heading\" data-id=\"25f3f4f\" data-element_type=\"widget\" data-e-type=\"widget\" data-widget_type=\"heading.default\">\n\t\t\t\t<div class=\"elementor-widget-container\">\n\t\t\t\t\t<h1 class=\"elementor-heading-title elementor-size-default\">Zugelassene Fahrzeuge - Zulassungen<\/h1>\t\t\t\t<\/div>\n\t\t\t\t<\/div>\n\t\t\t\t\t<\/div>\n\t\t\t\t<\/div>\n\t\t<div class=\"elementor-element elementor-element-777e43e e-flex e-con-boxed e-con e-parent\" data-id=\"777e43e\" data-element_type=\"container\" data-e-type=\"container\">\n\t\t\t\t\t<div class=\"e-con-inner\">\n\t\t<div class=\"elementor-element elementor-element-2c035bf e-flex e-con-boxed e-con e-child\" data-id=\"2c035bf\" data-element_type=\"container\" data-e-type=\"container\">\n\t\t\t\t\t<div class=\"e-con-inner\">\n\t\t\t\t<div class=\"elementor-element elementor-element-c31c713 elementor-widget elementor-widget-heading\" data-id=\"c31c713\" data-element_type=\"widget\" data-e-type=\"widget\" data-widget_type=\"heading.default\">\n\t\t\t\t<div class=\"elementor-widget-container\">\n\t\t\t\t\t<h2 class=\"elementor-heading-title elementor-size-default\">Artikel 4: Zugelassene Fahrzeuge <\/h2>\t\t\t\t<\/div>\n\t\t\t\t<\/div>\n\t\t\t\t<div class=\"elementor-element elementor-element-f0977e3 elementor-widget elementor-widget-text-editor\" data-id=\"f0977e3\" data-element_type=\"widget\" data-e-type=\"widget\" data-widget_type=\"text-editor.default\">\n\t\t\t\t<div class=\"elementor-widget-container\">\n\t\t\t\t\t\t\t\t\t<h6>Gem\u00e4\u00df Zusatzregelung MHIBA 2026-V2-4 vom 28.02.2026<\/h6><h6>ART. 4 -2: Zugelassene Fahrzeuge<\/h6><p>Eine historische Steilauffahrt, die an ein altes Autorennen erinnert, wir bevorzugen historische Rennwagen aller Klassen. Fahrzeuge von vor und bis zum 31.12.1982 sind zugelassen, solche, die mindestens 30 Jahre alt sind, einschlie\u00dflich offener Sportwagen, Prototypen und Einsitzer und nicht zugelassene Fahrzeuge. Maximale Anzahl von 180 Autos.<\/p><p>\u00a0<\/p><h6>ART. 4 -3 Zul\u00e4ssige Fahrzeugeinstellungen \u00a0<\/h6><p>\u00a0<\/p><h5>Alle Autos aus dieser Zeit sind nach Einreichung der Unterlagen ohne Ausnahme zugelassen, entweder in der technischen Konfiguration ihrer Entstehungszeit oder in derjenigen, in der sie im Wettbewerb fahren.<\/h5><p>\u00a0<\/p><p>ART 4-4 Sicherheitsausr\u00fcstung von Fahrzeugen, nicht serienm\u00e4\u00dfig \u2013 siehe RTS FFSA<\/p><p>\u00a0<\/p><p>ART 4-5 DEFINITION eines SERIENFAHRZEUGS<\/p><p>\u00a0Als serienf\u00e4hig gelten alle Fahrzeuge, die eine g\u00fcltige technische \u00dcberpr\u00fcfung (z. B. Autosur, Dekra) haben und normal auf \u00f6ffentlichen Stra\u00dfen fahren d\u00fcrfen.<\/p><p>Fahrzeuge vor und bis zum 31.12.1982 sind zugelassen, solche die mindestens 30 Jahre alt sind, sind zul\u00e4ssig.<\/p><p>\u00a0<\/p><ul><li>Vorgeschichte<\/li><li>Klassisch bis zum 31.12.1982<\/li><li>Historisch bis zum 31.12.1996<\/li><li>Prestige &amp; GT<\/li><li>Rennwagen und Youngtimer<\/li><\/ul><p>Barkettenfahrzeuge, Prototypen und einsitzige Fahrzeuge ohne Zulassung sind unter den gleichen Bedingungen zugelassen.<\/p><p>\u00a0<\/p><p>Der Veranstalter beh\u00e4lt sich das Recht vor, die Anzahl der pro Kategorie zugelassenen Fahrzeuge festzulegen und gef\u00e4hrliche oder schlecht erhaltene Fahrzeuge sowie Besatzungen, die nicht der Ethik der Veranstaltung entsprechen, von der Veranstaltung auszuschlie\u00dfen.<\/p><p>Die Rennwagen-Youngtimer-Plattform wird die Teilnahme von Rennwagen (31\/12\/2000) oder deren Repliken und einigen Youngtimern im Einklang mit den neuesten FIA-\u00c4nderungen erm\u00f6glichen<\/p><p>Die maximale Gesamtzahl der Teilnehmer ist auf 180 festgelegt.<\/p>\t\t\t\t\t\t\t\t<\/div>\n\t\t\t\t<\/div>\n\t\t\t\t\t<\/div>\n\t\t\t\t<\/div>\n\t\t<div class=\"elementor-element elementor-element-d7fb18b e-flex e-con-boxed e-con e-child\" data-id=\"d7fb18b\" data-element_type=\"container\" data-e-type=\"container\">\n\t\t\t\t\t<div class=\"e-con-inner\">\n\t\t\t\t<div class=\"elementor-element elementor-element-a1d5d2c elementor-widget elementor-widget-image\" data-id=\"a1d5d2c\" data-element_type=\"widget\" data-e-type=\"widget\" data-widget_type=\"image.default\">\n\t\t\t\t<div class=\"elementor-widget-container\">\n\t\t\t\t\t\t\t\t\t\t\t\t\t\t\t<img fetchpriority=\"high\" decoding=\"async\" width=\"800\" height=\"534\" src=\"https:\/\/monteeballondalsace.com\/wp-content\/files\/2025\/12\/Parc-ARsenal-2025-1024x684.jpg\" class=\"attachment-large size-large wp-image-8365\" alt=\"\" srcset=\"https:\/\/monteeballondalsace.com\/wp-content\/files\/2025\/12\/Parc-ARsenal-2025-1024x684.jpg 1024w, https:\/\/monteeballondalsace.com\/wp-content\/files\/2025\/12\/Parc-ARsenal-2025-300x201.jpg 300w, https:\/\/monteeballondalsace.com\/wp-content\/files\/2025\/12\/Parc-ARsenal-2025-768x513.jpg 768w, https:\/\/monteeballondalsace.com\/wp-content\/files\/2025\/12\/Parc-ARsenal-2025.jpg 1200w\" sizes=\"(max-width: 800px) 100vw, 800px\" loading=\"eager\" title=\"\">\t\t\t\t\t\t\t\t\t\t\t\t\t\t\t<\/div>\n\t\t\t\t<\/div>\n\t\t\t\t\t<\/div>\n\t\t\t\t<\/div>\n\t\t\t\t\t<\/div>\n\t\t\t\t<\/div>\n\t\t\t\t<\/div>","protected":false},"excerpt":{"rendered":"<p>Voitures admises &#8211; admissions Article 4 : V\u00e9hicules admis Suivant R\u00e8glement Additionnel MHIBA\u00a0 2026-V2-4 du 28\/02\/2026 ART. 4 -2: V\u00e9hicules admis Une mont\u00e9e historique comm\u00e9morant une ancienne course automobile, nous privil\u00e9gions les anciennes voitures de comp\u00e9tition toutes cat\u00e9gories. Les v\u00e9hicules d\u2019avant et jusqu\u2019au 31\/12\/1982 sont admis, ceux d\u2019au moins 30 ans sont admissibles y compris [&hellip;]<\/p>\n","protected":false},"author":2,"featured_media":0,"parent":0,"menu_order":0,"comment_status":"closed","ping_status":"closed","template":"elementor_header_footer","meta":{"_acf_changed":false,"footnotes":""},"class_list":["post-332","page","type-page","status-publish","hentry"],"acf":[],"_links":{"self":[{"href":"https:\/\/monteeballondalsace.com\/de\/wp-json\/wp\/v2\/pages\/332","targetHints":{"allow":["GET"]}}],"collection":[{"href":"https:\/\/monteeballondalsace.com\/de\/wp-json\/wp\/v2\/pages"}],"about":[{"href":"https:\/\/monteeballondalsace.com\/de\/wp-json\/wp\/v2\/types\/page"}],"author":[{"embeddable":true,"href":"https:\/\/monteeballondalsace.com\/de\/wp-json\/wp\/v2\/users\/2"}],"replies":[{"embeddable":true,"href":"https:\/\/monteeballondalsace.com\/de\/wp-json\/wp\/v2\/comments?post=332"}],"version-history":[{"count":3,"href":"https:\/\/monteeballondalsace.com\/de\/wp-json\/wp\/v2\/pages\/332\/revisions"}],"predecessor-version":[{"id":9872,"href":"https:\/\/monteeballondalsace.com\/de\/wp-json\/wp\/v2\/pages\/332\/revisions\/9872"}],"wp:attachment":[{"href":"https:\/\/monteeballondalsace.com\/de\/wp-json\/wp\/v2\/media?parent=332"}],"curies":[{"name":"wp","href":"https:\/\/api.w.org\/{rel}","templated":true}]}}