{"id":319,"date":"2023-10-12T14:00:00","date_gmt":"2023-10-12T12:00:00","guid":{"rendered":"https:\/\/monteeballondalsace.com\/\/?page_id=319"},"modified":"2026-04-23T10:53:16","modified_gmt":"2026-04-23T08:53:16","slug":"nouveautes-pilotes","status":"publish","type":"page","link":"https:\/\/monteeballondalsace.com\/de\/nouveautes-pilotes\/","title":{"rendered":"NOUVEAUTES Pilotes"},"content":{"rendered":"<div data-elementor-type=\"wp-page\" data-elementor-id=\"319\" class=\"elementor elementor-319\" data-elementor-post-type=\"page\">\n\t\t\t\t<div class=\"elementor-element elementor-element-cc64e85 e-flex e-con-boxed e-con e-parent\" data-id=\"cc64e85\" data-element_type=\"container\" data-e-type=\"container\" data-settings=\"{&quot;background_background&quot;:&quot;classic&quot;}\">\n\t\t\t\t\t<div class=\"e-con-inner\">\n\t\t\t\t<div class=\"elementor-element elementor-element-706b5a1 elementor-widget elementor-widget-heading\" data-id=\"706b5a1\" data-element_type=\"widget\" data-e-type=\"widget\" data-widget_type=\"heading.default\">\n\t\t\t\t<div class=\"elementor-widget-container\">\n\t\t\t\t\t<h1 class=\"elementor-heading-title elementor-size-default\">NOUVEAUTES  PILOTES 2026<\/h1>\t\t\t\t<\/div>\n\t\t\t\t<\/div>\n\t\t\t\t\t<\/div>\n\t\t\t\t<\/div>\n\t\t<div class=\"elementor-element elementor-element-69ac8ad e-flex e-con-boxed e-con e-parent\" data-id=\"69ac8ad\" data-element_type=\"container\" data-e-type=\"container\">\n\t\t\t\t\t<div class=\"e-con-inner\">\n\t\t<div class=\"elementor-element elementor-element-7b7a64c e-con-full e-flex e-con e-child\" data-id=\"7b7a64c\" data-element_type=\"container\" data-e-type=\"container\">\n\t\t\t\t<div class=\"elementor-element elementor-element-806ec12 elementor-widget elementor-widget-heading\" data-id=\"806ec12\" data-element_type=\"widget\" data-e-type=\"widget\" data-widget_type=\"heading.default\">\n\t\t\t\t<div class=\"elementor-widget-container\">\n\t\t\t\t\t<h2 class=\"elementor-heading-title elementor-size-default\">FFSA<\/h2>\t\t\t\t<\/div>\n\t\t\t\t<\/div>\n\t\t\t\t<div class=\"elementor-element elementor-element-1b20dbc elementor-widget-mobile__width-inherit elementor-widget elementor-widget-text-editor\" data-id=\"1b20dbc\" data-element_type=\"widget\" data-e-type=\"widget\" data-widget_type=\"text-editor.default\">\n\t\t\t\t<div class=\"elementor-widget-container\">\n\t\t\t\t\t\t\t\t\t<p>Grande nouveaut\u00e9 de 2026, Pas de PANIQUE !!!<\/p><p>D\u00e9tails dans onglet FFSA page d&rsquo;accueil<\/p><p>En Bref :<\/p><p>Pour le Pilote : pas de certificat m\u00e9dical pour obtenir le titre de participation pour la Mont\u00e9e Historique 2026 co\u00fbt\u00a0 23 \u20ac<\/p><p>Pour la voiture :<\/p><p>Elle poss\u00e8de un contr\u00f4le technique routier ( autosur, dekra et autres) = Ok \u00e7a marche<\/p><p>Sinon<\/p><p>Soit elle a un Passeport Technique FFSA peu importe la date<\/p><p>Soit vous devez compl\u00e9ter le formulaire de demande\u00a0 voir\u00a0 onglet FFSA<\/p>\t\t\t\t\t\t\t\t<\/div>\n\t\t\t\t<\/div>\n\t\t\t\t<div class=\"elementor-element elementor-element-fb4a78c elementor-widget elementor-widget-heading\" data-id=\"fb4a78c\" data-element_type=\"widget\" data-e-type=\"widget\" data-widget_type=\"heading.default\">\n\t\t\t\t<div class=\"elementor-widget-container\">\n\t\t\t\t\t<h2 class=\"elementor-heading-title elementor-size-default\">FORMULE d'Inscription GT et PRESTIGE<\/h2>\t\t\t\t<\/div>\n\t\t\t\t<\/div>\n\t\t\t\t<div class=\"elementor-element elementor-element-83d4cb1 elementor-widget elementor-widget-text-editor\" data-id=\"83d4cb1\" data-element_type=\"widget\" data-e-type=\"widget\" data-widget_type=\"text-editor.default\">\n\t\t\t\t<div class=\"elementor-widget-container\">\n\t\t\t\t\t\t\t\t\t<p>Nous accepterons cette ann\u00e9e Officiellement un petit plateau r\u00e9serv\u00e9 aux GT et voiture de Prestige. Cette formule d&rsquo;inscription leur est r\u00e9serv\u00e9e.<\/p>\t\t\t\t\t\t\t\t<\/div>\n\t\t\t\t<\/div>\n\t\t\t\t<div class=\"elementor-element elementor-element-5f90aa6 elementor-widget elementor-widget-heading\" data-id=\"5f90aa6\" data-element_type=\"widget\" data-e-type=\"widget\" data-widget_type=\"heading.default\">\n\t\t\t\t<div class=\"elementor-widget-container\">\n\t\t\t\t\t<h2 class=\"elementor-heading-title elementor-size-default\">YOUNGTIMER<\/h2>\t\t\t\t<\/div>\n\t\t\t\t<\/div>\n\t\t\t\t<div class=\"elementor-element elementor-element-92ed72e elementor-widget-mobile__width-inherit elementor-widget elementor-widget-text-editor\" data-id=\"92ed72e\" data-element_type=\"widget\" data-e-type=\"widget\" data-widget_type=\"text-editor.default\">\n\t\t\t\t<div class=\"elementor-widget-container\">\n\t\t\t\t\t\t\t\t\t<p>Dans notre devoir de transmission, ma philosophie est de tendre la main aux propri\u00e9taires de youngtimer, ils partagent notre passion de la voiture, et dans un futur proche <br \/>entreront dans le domaine de l\u2019historique si l\u2019on fixe la barre \u00e0 30 ans., <br \/>Nous ouvrons donc un petit plateau \u00e0 leur attention, ils pourront s\u2019inscrire dans la formule des leur choix<br \/>Acceptation sur dossier avec photo.<\/p>\t\t\t\t\t\t\t\t<\/div>\n\t\t\t\t<\/div>\n\t\t\t\t<div class=\"elementor-element elementor-element-4aba044 elementor-widget elementor-widget-heading\" data-id=\"4aba044\" data-element_type=\"widget\" data-e-type=\"widget\" data-widget_type=\"heading.default\">\n\t\t\t\t<div class=\"elementor-widget-container\">\n\t\t\t\t\t<h2 class=\"elementor-heading-title elementor-size-default\">REGROUPEMENT \u00e0 GIROMAGNY<\/h2>\t\t\t\t<\/div>\n\t\t\t\t<\/div>\n\t\t\t\t<div class=\"elementor-element elementor-element-d8b0d62 elementor-widget__width-initial elementor-widget-mobile__width-inherit elementor-widget elementor-widget-text-editor\" data-id=\"d8b0d62\" data-element_type=\"widget\" data-e-type=\"widget\" data-widget_type=\"text-editor.default\">\n\t\t\t\t<div class=\"elementor-widget-container\">\n\t\t\t\t\t\t\t\t\t<p>DIMANCHE MATIN 9 ao\u00fbt\u00a0 vous serez convoqu\u00e9s en 2 groupes au BRIEFING Caf\u00e9, croissant \u00e0 l&rsquo;entr\u00e9e de Giromagny sur le parking des Tuileries<\/p>\t\t\t\t\t\t\t\t<\/div>\n\t\t\t\t<\/div>\n\t\t\t\t<\/div>\n\t\t<div class=\"elementor-element elementor-element-777be1e e-con-full e-flex e-con e-child\" data-id=\"777be1e\" data-element_type=\"container\" data-e-type=\"container\">\n\t\t\t\t<div class=\"elementor-element elementor-element-04d10dc elementor-widget elementor-widget-image\" data-id=\"04d10dc\" data-element_type=\"widget\" data-e-type=\"widget\" data-widget_type=\"image.default\">\n\t\t\t\t<div class=\"elementor-widget-container\">\n\t\t\t\t\t\t\t\t\t\t\t\t\t\t\t\t<a href=\"https:\/\/monteeballondalsace.com\/wp-content\/files\/2025\/12\/Parking-GIROMAGNY-Tuilerie.png\" data-elementor-open-lightbox=\"yes\" data-elementor-lightbox-title=\"Parking-GIROMAGNY-Tuilerie\" data-e-action-hash=\"#elementor-action%3Aaction%3Dlightbox%26settings%3DeyJpZCI6ODI5NywidXJsIjoiaHR0cHM6XC9cL21vbnRlZWJhbGxvbmRhbHNhY2UuY29tXC93cC1jb250ZW50XC9maWxlc1wvMjAyNVwvMTJcL1BhcmtpbmctR0lST01BR05ZLVR1aWxlcmllLnBuZyJ9\">\n\t\t\t\t\t\t\t<img fetchpriority=\"high\" decoding=\"async\" width=\"768\" height=\"550\" src=\"https:\/\/monteeballondalsace.com\/wp-content\/files\/2025\/12\/Parking-GIROMAGNY-Tuilerie-768x550.png\" class=\"attachment-medium_large size-medium_large wp-image-8297\" alt=\"\" srcset=\"https:\/\/monteeballondalsace.com\/wp-content\/files\/2025\/12\/Parking-GIROMAGNY-Tuilerie-768x550.png 768w, https:\/\/monteeballondalsace.com\/wp-content\/files\/2025\/12\/Parking-GIROMAGNY-Tuilerie-300x215.png 300w, https:\/\/monteeballondalsace.com\/wp-content\/files\/2025\/12\/Parking-GIROMAGNY-Tuilerie-1024x734.png 1024w, https:\/\/monteeballondalsace.com\/wp-content\/files\/2025\/12\/Parking-GIROMAGNY-Tuilerie.png 1418w\" sizes=\"(max-width: 768px) 100vw, 768px\" loading=\"eager\" title=\"\">\t\t\t\t\t\t\t\t<\/a>\n\t\t\t\t\t\t\t\t\t\t\t\t\t\t\t<\/div>\n\t\t\t\t<\/div>\n\t\t\t\t<\/div>\n\t\t\t\t\t<\/div>\n\t\t\t\t<\/div>\n\t\t<div class=\"elementor-element elementor-element-8581030 e-flex e-con-boxed e-con e-parent\" data-id=\"8581030\" data-element_type=\"container\" data-e-type=\"container\">\n\t\t\t\t\t<div class=\"e-con-inner\">\n\t\t<div class=\"elementor-element elementor-element-cb60b6f e-con-full e-flex e-con e-child\" data-id=\"cb60b6f\" data-element_type=\"container\" data-e-type=\"container\">\n\t\t\t\t<div class=\"elementor-element elementor-element-6321d71 elementor-widget elementor-widget-image\" data-id=\"6321d71\" data-element_type=\"widget\" data-e-type=\"widget\" data-widget_type=\"image.default\">\n\t\t\t\t<div class=\"elementor-widget-container\">\n\t\t\t\t\t\t\t\t\t\t\t\t\t\t\t\t<a href=\"https:\/\/monteeballondalsace.com\/wp-content\/files\/2024\/10\/montee-historique-ballon-dalsace-site-web-parade-scaled.jpg\" data-elementor-open-lightbox=\"yes\" data-elementor-lightbox-title=\"montee historique ballon dalsace site web parade\" data-elementor-lightbox-description=\"montee historique ballon dalsace site web parade\" data-e-action-hash=\"#elementor-action%3Aaction%3Dlightbox%26settings%3DeyJpZCI6NjMzNywidXJsIjoiaHR0cHM6XC9cL21vbnRlZWJhbGxvbmRhbHNhY2UuY29tXC93cC1jb250ZW50XC9maWxlc1wvMjAyNFwvMTBcL21vbnRlZS1oaXN0b3JpcXVlLWJhbGxvbi1kYWxzYWNlLXNpdGUtd2ViLXBhcmFkZS1zY2FsZWQuanBnIn0%3D\">\n\t\t\t\t\t\t\t<img decoding=\"async\" width=\"768\" height=\"512\" src=\"https:\/\/monteeballondalsace.com\/wp-content\/files\/2024\/10\/montee-historique-ballon-dalsace-site-web-parade-768x512.jpg\" class=\"attachment-medium_large size-medium_large wp-image-6337\" alt=\"montee historique ballon dalsace site web parade\" srcset=\"https:\/\/monteeballondalsace.com\/wp-content\/files\/2024\/10\/montee-historique-ballon-dalsace-site-web-parade-768x512.jpg 768w, https:\/\/monteeballondalsace.com\/wp-content\/files\/2024\/10\/montee-historique-ballon-dalsace-site-web-parade-300x200.jpg 300w, https:\/\/monteeballondalsace.com\/wp-content\/files\/2024\/10\/montee-historique-ballon-dalsace-site-web-parade-1024x683.jpg 1024w, https:\/\/monteeballondalsace.com\/wp-content\/files\/2024\/10\/montee-historique-ballon-dalsace-site-web-parade-1536x1024.jpg 1536w, https:\/\/monteeballondalsace.com\/wp-content\/files\/2024\/10\/montee-historique-ballon-dalsace-site-web-parade-2048x1365.jpg 2048w\" sizes=\"(max-width: 768px) 100vw, 768px\" loading=\"eager\" title=\"\">\t\t\t\t\t\t\t\t<\/a>\n\t\t\t\t\t\t\t\t\t\t\t\t\t\t\t<\/div>\n\t\t\t\t<\/div>\n\t\t\t\t<\/div>\n\t\t<div class=\"elementor-element elementor-element-d97d930 e-con-full e-flex e-con e-child\" data-id=\"d97d930\" data-element_type=\"container\" data-e-type=\"container\">\n\t\t\t\t<div class=\"elementor-element elementor-element-93cee03 elementor-widget elementor-widget-heading\" data-id=\"93cee03\" data-element_type=\"widget\" data-e-type=\"widget\" data-widget_type=\"heading.default\">\n\t\t\t\t<div class=\"elementor-widget-container\">\n\t\t\t\t\t<h2 class=\"elementor-heading-title elementor-size-default\">D\u00e9jeuner DIMANCHE     Nouveau<\/h2>\t\t\t\t<\/div>\n\t\t\t\t<\/div>\n\t\t\t\t<div class=\"elementor-element elementor-element-276f80a elementor-widget elementor-widget-text-editor\" data-id=\"276f80a\" data-element_type=\"widget\" data-e-type=\"widget\" data-widget_type=\"text-editor.default\">\n\t\t\t\t<div class=\"elementor-widget-container\">\n\t\t\t\t\t\t\t\t\t<p>Le repas du dimanche midi se fera comme le Briefing \u00e0 l&rsquo;espace parking des Tuileries\u00a0 ( plan \u00e7i dessus)<\/p>\t\t\t\t\t\t\t\t<\/div>\n\t\t\t\t<\/div>\n\t\t\t\t<div class=\"elementor-element elementor-element-bc1a77c elementor-widget elementor-widget-heading\" data-id=\"bc1a77c\" data-element_type=\"widget\" data-e-type=\"widget\" data-widget_type=\"heading.default\">\n\t\t\t\t<div class=\"elementor-widget-container\">\n\t\t\t\t\t<h2 class=\"elementor-heading-title elementor-size-default\">BRIEFING<\/h2>\t\t\t\t<\/div>\n\t\t\t\t<\/div>\n\t\t\t\t<div class=\"elementor-element elementor-element-c393b34 elementor-widget elementor-widget-text-editor\" data-id=\"c393b34\" data-element_type=\"widget\" data-e-type=\"widget\" data-widget_type=\"text-editor.default\">\n\t\t\t\t<div class=\"elementor-widget-container\">\n\t\t\t\t\t\t\t\t\t<p>Le Briefing du Samedi en soir\u00e9e n&rsquo;existe plus. Il est d\u00e9plac\u00e9 le dimanche matin \u00e0 GIROMAGNY parking espace Tuilerie<\/p>\t\t\t\t\t\t\t\t<\/div>\n\t\t\t\t<\/div>\n\t\t\t\t<div class=\"elementor-element elementor-element-bc5fff8 elementor-widget elementor-widget-heading\" data-id=\"bc5fff8\" data-element_type=\"widget\" data-e-type=\"widget\" data-widget_type=\"heading.default\">\n\t\t\t\t<div class=\"elementor-widget-container\">\n\t\t\t\t\t<h2 class=\"elementor-heading-title elementor-size-default\">R\u00e9ception h\u00f4tel de ville  New<\/h2>\t\t\t\t<\/div>\n\t\t\t\t<\/div>\n\t\t\t\t<div class=\"elementor-element elementor-element-9cfb2dc elementor-widget elementor-widget-text-editor\" data-id=\"9cfb2dc\" data-element_type=\"widget\" data-e-type=\"widget\" data-widget_type=\"text-editor.default\">\n\t\t\t\t<div class=\"elementor-widget-container\">\n\t\t\t\t\t\t\t\t\t<p>L&rsquo;ap\u00e9ritif organis\u00e9 conjointement par la Ville de Belfort et Historally se d\u00e9roulera sur le parc Arsenal \u00e0 proximit\u00e9 de l&rsquo;entr\u00e9e \u00e0 la zone GALA<\/p>\t\t\t\t\t\t\t\t<\/div>\n\t\t\t\t<\/div>\n\t\t\t\t<div class=\"elementor-element elementor-element-686a309 elementor-widget elementor-widget-heading\" data-id=\"686a309\" data-element_type=\"widget\" data-e-type=\"widget\" data-widget_type=\"heading.default\">\n\t\t\t\t<div class=\"elementor-widget-container\">\n\t\t\t\t\t<h2 class=\"elementor-heading-title elementor-size-default\">Parc regroupement<\/h2>\t\t\t\t<\/div>\n\t\t\t\t<\/div>\n\t\t\t\t<div class=\"elementor-element elementor-element-e46d0c2 elementor-widget elementor-widget-text-editor\" data-id=\"e46d0c2\" data-element_type=\"widget\" data-e-type=\"widget\" data-widget_type=\"text-editor.default\">\n\t\t\t\t<div class=\"elementor-widget-container\">\n\t\t\t\t\t\t\t\t\t<p>Il sera au sommet derri\u00e8re le point info en face du bar les D\u00e9mineurs comme en 2025<\/p><p>100 m apr\u00e8s l&rsquo;arriv\u00e9e, au milieu des bars et terrasses<\/p><p>(voir onglet pilote\/plan)<\/p>\t\t\t\t\t\t\t\t<\/div>\n\t\t\t\t<\/div>\n\t\t\t\t<\/div>\n\t\t\t\t\t<\/div>\n\t\t\t\t<\/div>\n\t\t<div class=\"elementor-element elementor-element-c7f61c0 e-flex e-con-boxed e-con e-parent\" data-id=\"c7f61c0\" data-element_type=\"container\" data-e-type=\"container\">\n\t\t\t\t\t<div class=\"e-con-inner\">\n\t\t<div class=\"elementor-element elementor-element-dce4c66 e-con-full e-flex e-con e-child\" data-id=\"dce4c66\" data-element_type=\"container\" data-e-type=\"container\">\n\t\t\t\t<div class=\"elementor-element elementor-element-29be9ec elementor-widget elementor-widget-heading\" data-id=\"29be9ec\" data-element_type=\"widget\" data-e-type=\"widget\" data-widget_type=\"heading.default\">\n\t\t\t\t<div class=\"elementor-widget-container\">\n\t\t\t\t\t<h2 class=\"elementor-heading-title elementor-size-default\">Voitures non immatricul\u00e9es<\/h2>\t\t\t\t<\/div>\n\t\t\t\t<\/div>\n\t\t\t\t<div class=\"elementor-element elementor-element-d4e5584 elementor-widget elementor-widget-text-editor\" data-id=\"d4e5584\" data-element_type=\"widget\" data-e-type=\"widget\" data-widget_type=\"text-editor.default\">\n\t\t\t\t<div class=\"elementor-widget-container\">\n\t\t\t\t\t\t\t\t\t<p>Apr\u00e8s pr\u00e9sentation de votre v\u00e9hicule aux v\u00e9rifications \u00e0 Belfort, vous pouvez revenir \u00e0 Lepuix et laisser votre attelage (voiture + vehicule d&rsquo;assistance ou Camping Car) au parc d&rsquo;assistance.\u00a0<\/p><p>Les plateaux sont stationn\u00e9s en face OBLIGATOIREMENT en dehors du parc<\/p><p>\u00a0<\/p>\t\t\t\t\t\t\t\t<\/div>\n\t\t\t\t<\/div>\n\t\t\t\t<div class=\"elementor-element elementor-element-d6b4de5 elementor-widget elementor-widget-heading\" data-id=\"d6b4de5\" data-element_type=\"widget\" data-e-type=\"widget\" data-widget_type=\"heading.default\">\n\t\t\t\t<div class=\"elementor-widget-container\">\n\t\t\t\t\t<h2 class=\"elementor-heading-title elementor-size-default\">Camping car   NOUVEAU<\/h2>\t\t\t\t<\/div>\n\t\t\t\t<\/div>\n\t\t\t\t<div class=\"elementor-element elementor-element-c7d37ed elementor-widget elementor-widget-text-editor\" data-id=\"c7d37ed\" data-element_type=\"widget\" data-e-type=\"widget\" data-widget_type=\"text-editor.default\">\n\t\t\t\t<div class=\"elementor-widget-container\">\n\t\t\t\t\t\t\t\t\t<p>Vous avez donc deux solutions :<\/p><ul><li>\u00e0 Belfort parking des TANNEURS (voir onglet plans)<\/li><li>Soit directement \u00e0 Lepuix parc d&rsquo;assistance stade de Foot<\/li><\/ul><p>Vous pouvez venir \u00e0 Belfort, Vendredi et samedi, puis rejoindre Le parc de Lepuix samedi soir<\/p>\t\t\t\t\t\t\t\t<\/div>\n\t\t\t\t<\/div>\n\t\t\t\t<div class=\"elementor-element elementor-element-b43e08d elementor-widget elementor-widget-heading\" data-id=\"b43e08d\" data-element_type=\"widget\" data-e-type=\"widget\" data-widget_type=\"heading.default\">\n\t\t\t\t<div class=\"elementor-widget-container\">\n\t\t\t\t\t<h2 class=\"elementor-heading-title elementor-size-default\">Gala retour \u00e0 la Garden Party<\/h2>\t\t\t\t<\/div>\n\t\t\t\t<\/div>\n\t\t\t\t<div class=\"elementor-element elementor-element-7f96aac elementor-widget elementor-widget-text-editor\" data-id=\"7f96aac\" data-element_type=\"widget\" data-e-type=\"widget\" data-widget_type=\"text-editor.default\">\n\t\t\t\t<div class=\"elementor-widget-container\">\n\t\t\t\t\t\t\t\t\t<p>Samedi soir retour comme en 2024 \u00e0 la Garden Party sous petits chapiteaux dans un corner de l&rsquo;Arsenal,\u00a0<\/p><p>Avec un traiteur\u00a0 \u00a0 Hummm\u00a0 !!<\/p><p>Ambiance champ\u00eatre,\u00a0<br \/>Une douzaine de points buffet chauds et froids diss\u00e9min\u00e9s dans cette zone vous y attendrons \u00e0 cot\u00e9 de l&rsquo;open Bar.<\/p><p>L&rsquo;ambiance musicale est assur\u00e9e par un groupe jazzi<\/p>\t\t\t\t\t\t\t\t<\/div>\n\t\t\t\t<\/div>\n\t\t\t\t<\/div>\n\t\t<div class=\"elementor-element elementor-element-7f07a43 e-con-full e-flex e-con e-child\" data-id=\"7f07a43\" data-element_type=\"container\" data-e-type=\"container\">\n\t\t\t\t<div class=\"elementor-element elementor-element-9768265 elementor-widget elementor-widget-image\" data-id=\"9768265\" data-element_type=\"widget\" data-e-type=\"widget\" data-widget_type=\"image.default\">\n\t\t\t\t<div class=\"elementor-widget-container\">\n\t\t\t\t\t\t\t\t\t\t\t\t\t\t\t\t<a href=\"https:\/\/monteeballondalsace.com\/wp-content\/files\/2024\/12\/IMG_5336-scaled.jpg\" data-elementor-open-lightbox=\"yes\" data-elementor-lightbox-title=\"IMG_5336\" data-e-action-hash=\"#elementor-action%3Aaction%3Dlightbox%26settings%3DeyJpZCI6NzM3NywidXJsIjoiaHR0cHM6XC9cL21vbnRlZWJhbGxvbmRhbHNhY2UuY29tXC93cC1jb250ZW50XC9maWxlc1wvMjAyNFwvMTJcL0lNR181MzM2LXNjYWxlZC5qcGcifQ%3D%3D\">\n\t\t\t\t\t\t\t<img decoding=\"async\" width=\"768\" height=\"1152\" src=\"https:\/\/monteeballondalsace.com\/wp-content\/files\/2024\/12\/IMG_5336-768x1152.jpg\" class=\"attachment-medium_large size-medium_large wp-image-7377\" alt=\"\" srcset=\"https:\/\/monteeballondalsace.com\/wp-content\/files\/2024\/12\/IMG_5336-768x1152.jpg 768w, https:\/\/monteeballondalsace.com\/wp-content\/files\/2024\/12\/IMG_5336-200x300.jpg 200w, https:\/\/monteeballondalsace.com\/wp-content\/files\/2024\/12\/IMG_5336-683x1024.jpg 683w, https:\/\/monteeballondalsace.com\/wp-content\/files\/2024\/12\/IMG_5336-scaled.jpg 1707w\" sizes=\"(max-width: 768px) 100vw, 768px\" loading=\"eager\" title=\"\">\t\t\t\t\t\t\t\t<\/a>\n\t\t\t\t\t\t\t\t\t\t\t\t\t\t\t<\/div>\n\t\t\t\t<\/div>\n\t\t\t\t<\/div>\n\t\t\t\t\t<\/div>\n\t\t\t\t<\/div>\n\t\t<div class=\"elementor-element elementor-element-50fb906 e-flex e-con-boxed e-con e-parent\" data-id=\"50fb906\" data-element_type=\"container\" data-e-type=\"container\">\n\t\t\t\t\t<div class=\"e-con-inner\">\n\t\t\t\t<div class=\"elementor-element elementor-element-938aee3 elementor-widget elementor-widget-heading\" data-id=\"938aee3\" data-element_type=\"widget\" data-e-type=\"widget\" data-widget_type=\"heading.default\">\n\t\t\t\t<div class=\"elementor-widget-container\">\n\t\t\t\t\t<h2 class=\"elementor-heading-title elementor-size-default\">CHICANES et Panneaux\n\n<\/h2>\t\t\t\t<\/div>\n\t\t\t\t<\/div>\n\t\t\t\t<div class=\"elementor-element elementor-element-99295ae elementor-widget elementor-widget-image\" data-id=\"99295ae\" data-element_type=\"widget\" data-e-type=\"widget\" data-widget_type=\"image.default\">\n\t\t\t\t<div class=\"elementor-widget-container\">\n\t\t\t\t\t\t\t\t\t\t\t\t\t\t\t\t<a href=\"https:\/\/monteeballondalsace.com\/wp-content\/files\/2025\/01\/Plan-chicane-1-scaled.jpg\" data-elementor-open-lightbox=\"yes\" data-elementor-lightbox-title=\"Plan chicane 1\" data-e-action-hash=\"#elementor-action%3Aaction%3Dlightbox%26settings%3DeyJpZCI6NzQ0MywidXJsIjoiaHR0cHM6XC9cL21vbnRlZWJhbGxvbmRhbHNhY2UuY29tXC93cC1jb250ZW50XC9maWxlc1wvMjAyNVwvMDFcL1BsYW4tY2hpY2FuZS0xLXNjYWxlZC5qcGcifQ%3D%3D\">\n\t\t\t\t\t\t\t<img decoding=\"async\" width=\"768\" height=\"543\" src=\"https:\/\/monteeballondalsace.com\/wp-content\/files\/2025\/01\/Plan-chicane-1-768x543.jpg\" class=\"attachment-medium_large size-medium_large wp-image-7443\" alt=\"\" srcset=\"https:\/\/monteeballondalsace.com\/wp-content\/files\/2025\/01\/Plan-chicane-1-768x543.jpg 768w, https:\/\/monteeballondalsace.com\/wp-content\/files\/2025\/01\/Plan-chicane-1-300x212.jpg 300w, https:\/\/monteeballondalsace.com\/wp-content\/files\/2025\/01\/Plan-chicane-1-1024x724.jpg 1024w\" sizes=\"(max-width: 768px) 100vw, 768px\" loading=\"eager\" title=\"\">\t\t\t\t\t\t\t\t<\/a>\n\t\t\t\t\t\t\t\t\t\t\t\t\t\t\t<\/div>\n\t\t\t\t<\/div>\n\t\t\t\t<div class=\"elementor-element elementor-element-da412a8 elementor-widget elementor-widget-image\" data-id=\"da412a8\" data-element_type=\"widget\" data-e-type=\"widget\" data-widget_type=\"image.default\">\n\t\t\t\t<div class=\"elementor-widget-container\">\n\t\t\t\t\t\t\t\t\t\t\t\t\t\t\t\t<a href=\"https:\/\/monteeballondalsace.com\/wp-content\/files\/2025\/01\/Panneaux-avant-chicane-1-scaled.jpg\" data-elementor-open-lightbox=\"yes\" data-elementor-lightbox-title=\"Panneaux avant chicane\" data-e-action-hash=\"#elementor-action%3Aaction%3Dlightbox%26settings%3DeyJpZCI6NzQzOSwidXJsIjoiaHR0cHM6XC9cL21vbnRlZWJhbGxvbmRhbHNhY2UuY29tXC93cC1jb250ZW50XC9maWxlc1wvMjAyNVwvMDFcL1Bhbm5lYXV4LWF2YW50LWNoaWNhbmUtMS1zY2FsZWQuanBnIn0%3D\">\n\t\t\t\t\t\t\t<img decoding=\"async\" width=\"768\" height=\"543\" src=\"https:\/\/monteeballondalsace.com\/wp-content\/files\/2025\/01\/Panneaux-avant-chicane-1-768x543.jpg\" class=\"attachment-medium_large size-medium_large wp-image-7439\" alt=\"\" srcset=\"https:\/\/monteeballondalsace.com\/wp-content\/files\/2025\/01\/Panneaux-avant-chicane-1-768x543.jpg 768w, https:\/\/monteeballondalsace.com\/wp-content\/files\/2025\/01\/Panneaux-avant-chicane-1-300x212.jpg 300w, https:\/\/monteeballondalsace.com\/wp-content\/files\/2025\/01\/Panneaux-avant-chicane-1-1024x724.jpg 1024w\" sizes=\"(max-width: 768px) 100vw, 768px\" loading=\"eager\" title=\"\">\t\t\t\t\t\t\t\t<\/a>\n\t\t\t\t\t\t\t\t\t\t\t\t\t\t\t<\/div>\n\t\t\t\t<\/div>\n\t\t\t\t\t<\/div>\n\t\t\t\t<\/div>\n\t\t\t\t<\/div>","protected":false},"excerpt":{"rendered":"<p>NOUVEAUTES PILOTES 2026 FFSA Grande nouveaut\u00e9 de 2026, Pas de PANIQUE !!! D\u00e9tails dans onglet FFSA page d&rsquo;accueil En Bref : Pour le Pilote : pas de certificat m\u00e9dical pour obtenir le titre de participation pour la Mont\u00e9e Historique 2026 co\u00fbt\u00a0 23 \u20ac Pour la voiture : Elle poss\u00e8de un contr\u00f4le technique routier ( autosur, [&hellip;]<\/p>\n","protected":false},"author":2,"featured_media":0,"parent":0,"menu_order":0,"comment_status":"closed","ping_status":"closed","template":"elementor_header_footer","meta":{"_acf_changed":false,"footnotes":""},"class_list":["post-319","page","type-page","status-publish","hentry"],"acf":[],"_links":{"self":[{"href":"https:\/\/monteeballondalsace.com\/de\/wp-json\/wp\/v2\/pages\/319","targetHints":{"allow":["GET"]}}],"collection":[{"href":"https:\/\/monteeballondalsace.com\/de\/wp-json\/wp\/v2\/pages"}],"about":[{"href":"https:\/\/monteeballondalsace.com\/de\/wp-json\/wp\/v2\/types\/page"}],"author":[{"embeddable":true,"href":"https:\/\/monteeballondalsace.com\/de\/wp-json\/wp\/v2\/users\/2"}],"replies":[{"embeddable":true,"href":"https:\/\/monteeballondalsace.com\/de\/wp-json\/wp\/v2\/comments?post=319"}],"version-history":[{"count":4,"href":"https:\/\/monteeballondalsace.com\/de\/wp-json\/wp\/v2\/pages\/319\/revisions"}],"predecessor-version":[{"id":10106,"href":"https:\/\/monteeballondalsace.com\/de\/wp-json\/wp\/v2\/pages\/319\/revisions\/10106"}],"wp:attachment":[{"href":"https:\/\/monteeballondalsace.com\/de\/wp-json\/wp\/v2\/media?parent=319"}],"curies":[{"name":"wp","href":"https:\/\/api.w.org\/{rel}","templated":true}]}}