{"id":241,"date":"2023-10-11T16:28:31","date_gmt":"2023-10-11T14:28:31","guid":{"rendered":"https:\/\/monteeballondalsace.com\/\/?page_id=241"},"modified":"2026-04-21T17:14:24","modified_gmt":"2026-04-21T15:14:24","slug":"gala","status":"publish","type":"page","link":"https:\/\/monteeballondalsace.com\/de\/gala\/","title":{"rendered":"Gala"},"content":{"rendered":"<div data-elementor-type=\"wp-page\" data-elementor-id=\"241\" class=\"elementor elementor-241\" data-elementor-post-type=\"page\">\n\t\t\t\t<div class=\"elementor-element elementor-element-58f2523 e-flex e-con-boxed e-con e-parent\" data-id=\"58f2523\" data-element_type=\"container\" data-e-type=\"container\" data-settings=\"{&quot;background_background&quot;:&quot;classic&quot;}\">\n\t\t\t\t\t<div class=\"e-con-inner\">\n\t\t\t\t<div class=\"elementor-element elementor-element-8244452 elementor-widget elementor-widget-heading\" data-id=\"8244452\" data-element_type=\"widget\" data-e-type=\"widget\" data-widget_type=\"heading.default\">\n\t\t\t\t<div class=\"elementor-widget-container\">\n\t\t\t\t\t<h1 class=\"elementor-heading-title elementor-size-default\">Gartenparty im Arsenal<\/h1>\t\t\t\t<\/div>\n\t\t\t\t<\/div>\n\t\t\t\t\t<\/div>\n\t\t\t\t<\/div>\n\t\t<div class=\"elementor-element elementor-element-bb238ec e-flex e-con-boxed e-con e-parent\" data-id=\"bb238ec\" data-element_type=\"container\" data-e-type=\"container\">\n\t\t\t\t\t<div class=\"e-con-inner\">\n\t\t<div class=\"elementor-element elementor-element-2c19979 e-con-full e-flex e-con e-child\" data-id=\"2c19979\" data-element_type=\"container\" data-e-type=\"container\">\n\t\t\t\t<div class=\"elementor-element elementor-element-c57bdca elementor-widget elementor-widget-text-editor\" data-id=\"c57bdca\" data-element_type=\"widget\" data-e-type=\"widget\" data-widget_type=\"text-editor.default\">\n\t\t\t\t<div class=\"elementor-widget-container\">\n\t\t\t\t\t\t\t\t\t<h2><strong>2026 \u2013 10 JAHRE !!!<\/strong><\/h2><p><strong>Zur\u00fcck zum Arsenal\u00a0<\/strong><\/p><p><span style=\"text-decoration: underline;\">Und eine fotokopierte \u00dcbereinstimmung dieser magischen Ausgabe der Gala im Jahr 2024<\/span><\/p><p>Der Gala, der gr\u00f6\u00dfte Moment der Gemeinschaft und des Teilens unserer Leidenschaft, zwei Werte, die uns besonders am Herzen liegen<\/p><p>Kreiert von Le SAINT MARTIN, einem der besten Caterer der Region, ein Dutzend kalte und warme Buffets, die im privaten Bereich verteilt sind <strong>Arsenal<\/strong>.<\/p><p>Kleine Zelte, Stehtische oder auch gro\u00dfe runde Tische empfangen Sie nach Belieben in einer feinen musikalischen Atmosph\u00e4re.<\/p><p>Guten Appetit!<\/p>\t\t\t\t\t\t\t\t<\/div>\n\t\t\t\t<\/div>\n\t\t\t\t<\/div>\n\t\t<div class=\"elementor-element elementor-element-0938754 e-con-full e-flex e-con e-child\" data-id=\"0938754\" data-element_type=\"container\" data-e-type=\"container\">\n\t\t\t\t<div class=\"elementor-element elementor-element-cf41875 elementor-widget elementor-widget-image\" data-id=\"cf41875\" data-element_type=\"widget\" data-e-type=\"widget\" data-widget_type=\"image.default\">\n\t\t\t\t<div class=\"elementor-widget-container\">\n\t\t\t\t\t\t\t\t\t\t\t\t\t\t\t\t<a href=\"https:\/\/monteeballondalsace.com\/wp-content\/files\/2025\/12\/GALA1.jpg\" data-elementor-open-lightbox=\"yes\" data-elementor-lightbox-title=\"GALA1\" data-e-action-hash=\"#elementor-action%3Aaction%3Dlightbox%26settings%3DeyJpZCI6ODQxMSwidXJsIjoiaHR0cHM6XC9cL21vbnRlZWJhbGxvbmRhbHNhY2UuY29tXC93cC1jb250ZW50XC9maWxlc1wvMjAyNVwvMTJcL0dBTEExLmpwZyJ9\">\n\t\t\t\t\t\t\t<img fetchpriority=\"high\" decoding=\"async\" width=\"768\" height=\"512\" src=\"https:\/\/monteeballondalsace.com\/wp-content\/files\/2025\/12\/GALA1-768x512.jpg\" class=\"attachment-medium_large size-medium_large wp-image-8411\" alt=\"\" srcset=\"https:\/\/monteeballondalsace.com\/wp-content\/files\/2025\/12\/GALA1-768x512.jpg 768w, https:\/\/monteeballondalsace.com\/wp-content\/files\/2025\/12\/GALA1-300x200.jpg 300w, https:\/\/monteeballondalsace.com\/wp-content\/files\/2025\/12\/GALA1-1024x683.jpg 1024w, https:\/\/monteeballondalsace.com\/wp-content\/files\/2025\/12\/GALA1.jpg 1500w\" sizes=\"(max-width: 768px) 100vw, 768px\" loading=\"eager\" title=\"\">\t\t\t\t\t\t\t\t<\/a>\n\t\t\t\t\t\t\t\t\t\t\t\t\t\t\t<\/div>\n\t\t\t\t<\/div>\n\t\t\t\t<\/div>\n\t\t\t\t\t<\/div>\n\t\t\t\t<\/div>\n\t\t<div class=\"elementor-element elementor-element-843599f e-grid e-con-boxed e-con e-parent\" data-id=\"843599f\" data-element_type=\"container\" data-e-type=\"container\">\n\t\t\t\t\t<div class=\"e-con-inner\">\n\t\t\t\t<div class=\"elementor-element elementor-element-f47d9bc elementor-widget elementor-widget-image\" data-id=\"f47d9bc\" data-element_type=\"widget\" data-e-type=\"widget\" data-widget_type=\"image.default\">\n\t\t\t\t<div class=\"elementor-widget-container\">\n\t\t\t\t\t\t\t\t\t\t\t\t\t\t\t\t<a href=\"https:\/\/monteeballondalsace.com\/wp-content\/files\/2025\/12\/9C3A5249-scaled.jpg\" data-elementor-open-lightbox=\"yes\" data-elementor-lightbox-title=\"9C3A5249\" data-e-action-hash=\"#elementor-action%3Aaction%3Dlightbox%26settings%3DeyJpZCI6ODQyNCwidXJsIjoiaHR0cHM6XC9cL21vbnRlZWJhbGxvbmRhbHNhY2UuY29tXC93cC1jb250ZW50XC9maWxlc1wvMjAyNVwvMTJcLzlDM0E1MjQ5LXNjYWxlZC5qcGcifQ%3D%3D\">\n\t\t\t\t\t\t\t<img decoding=\"async\" width=\"768\" height=\"334\" src=\"https:\/\/monteeballondalsace.com\/wp-content\/files\/2025\/12\/9C3A5249-768x334.jpg\" class=\"attachment-medium_large size-medium_large wp-image-8424\" alt=\"\" srcset=\"https:\/\/monteeballondalsace.com\/wp-content\/files\/2025\/12\/9C3A5249-768x334.jpg 768w, https:\/\/monteeballondalsace.com\/wp-content\/files\/2025\/12\/9C3A5249-300x131.jpg 300w, https:\/\/monteeballondalsace.com\/wp-content\/files\/2025\/12\/9C3A5249-1024x446.jpg 1024w, https:\/\/monteeballondalsace.com\/wp-content\/files\/2025\/12\/9C3A5249-scaled.jpg 2048w\" sizes=\"(max-width: 768px) 100vw, 768px\" loading=\"eager\" title=\"\">\t\t\t\t\t\t\t\t<\/a>\n\t\t\t\t\t\t\t\t\t\t\t\t\t\t\t<\/div>\n\t\t\t\t<\/div>\n\t\t\t\t<div class=\"elementor-element elementor-element-bc62bd0 elementor-widget elementor-widget-image\" data-id=\"bc62bd0\" data-element_type=\"widget\" data-e-type=\"widget\" data-widget_type=\"image.default\">\n\t\t\t\t<div class=\"elementor-widget-container\">\n\t\t\t\t\t\t\t\t\t\t\t\t\t\t\t\t<a href=\"https:\/\/monteeballondalsace.com\/wp-content\/files\/2025\/12\/gala6.jpg\" data-elementor-open-lightbox=\"yes\" data-elementor-lightbox-title=\"gala6\" data-e-action-hash=\"#elementor-action%3Aaction%3Dlightbox%26settings%3DeyJpZCI6ODQyNSwidXJsIjoiaHR0cHM6XC9cL21vbnRlZWJhbGxvbmRhbHNhY2UuY29tXC93cC1jb250ZW50XC9maWxlc1wvMjAyNVwvMTJcL2dhbGE2LmpwZyJ9\">\n\t\t\t\t\t\t\t<img decoding=\"async\" width=\"768\" height=\"453\" src=\"https:\/\/monteeballondalsace.com\/wp-content\/files\/2025\/12\/gala6-768x453.jpg\" class=\"attachment-medium_large size-medium_large wp-image-8425\" alt=\"\" srcset=\"https:\/\/monteeballondalsace.com\/wp-content\/files\/2025\/12\/gala6-768x453.jpg 768w, https:\/\/monteeballondalsace.com\/wp-content\/files\/2025\/12\/gala6-300x177.jpg 300w, https:\/\/monteeballondalsace.com\/wp-content\/files\/2025\/12\/gala6-1024x604.jpg 1024w, https:\/\/monteeballondalsace.com\/wp-content\/files\/2025\/12\/gala6.jpg 1800w\" sizes=\"(max-width: 768px) 100vw, 768px\" loading=\"eager\" title=\"\">\t\t\t\t\t\t\t\t<\/a>\n\t\t\t\t\t\t\t\t\t\t\t\t\t\t\t<\/div>\n\t\t\t\t<\/div>\n\t\t\t\t<div class=\"elementor-element elementor-element-f6333b7 elementor-widget elementor-widget-image\" data-id=\"f6333b7\" data-element_type=\"widget\" data-e-type=\"widget\" data-widget_type=\"image.default\">\n\t\t\t\t<div class=\"elementor-widget-container\">\n\t\t\t\t\t\t\t\t\t\t\t\t\t\t\t\t<a href=\"https:\/\/monteeballondalsace.com\/wp-content\/files\/2025\/12\/GALA-PARTAGE.jpg\" data-elementor-open-lightbox=\"yes\" data-elementor-lightbox-title=\"GALA-PARTAGE\" data-e-action-hash=\"#elementor-action%3Aaction%3Dlightbox%26settings%3DeyJpZCI6ODQxMywidXJsIjoiaHR0cHM6XC9cL21vbnRlZWJhbGxvbmRhbHNhY2UuY29tXC93cC1jb250ZW50XC9maWxlc1wvMjAyNVwvMTJcL0dBTEEtUEFSVEFHRS5qcGcifQ%3D%3D\">\n\t\t\t\t\t\t\t<img decoding=\"async\" width=\"768\" height=\"512\" src=\"https:\/\/monteeballondalsace.com\/wp-content\/files\/2025\/12\/GALA-PARTAGE-768x512.jpg\" class=\"attachment-medium_large size-medium_large wp-image-8413\" alt=\"\" srcset=\"https:\/\/monteeballondalsace.com\/wp-content\/files\/2025\/12\/GALA-PARTAGE-768x512.jpg 768w, https:\/\/monteeballondalsace.com\/wp-content\/files\/2025\/12\/GALA-PARTAGE-300x200.jpg 300w, https:\/\/monteeballondalsace.com\/wp-content\/files\/2025\/12\/GALA-PARTAGE-1024x683.jpg 1024w, https:\/\/monteeballondalsace.com\/wp-content\/files\/2025\/12\/GALA-PARTAGE.jpg 1500w\" sizes=\"(max-width: 768px) 100vw, 768px\" loading=\"eager\" title=\"\">\t\t\t\t\t\t\t\t<\/a>\n\t\t\t\t\t\t\t\t\t\t\t\t\t\t\t<\/div>\n\t\t\t\t<\/div>\n\t\t\t\t<div class=\"elementor-element elementor-element-996cc02 elementor-widget elementor-widget-image\" data-id=\"996cc02\" data-element_type=\"widget\" data-e-type=\"widget\" data-widget_type=\"image.default\">\n\t\t\t\t<div class=\"elementor-widget-container\">\n\t\t\t\t\t\t\t\t\t\t\t\t\t\t\t\t<a href=\"https:\/\/monteeballondalsace.com\/wp-content\/files\/2025\/12\/GALA3.jpg\" data-elementor-open-lightbox=\"yes\" data-elementor-lightbox-title=\"GALA3\" data-e-action-hash=\"#elementor-action%3Aaction%3Dlightbox%26settings%3DeyJpZCI6ODQxOSwidXJsIjoiaHR0cHM6XC9cL21vbnRlZWJhbGxvbmRhbHNhY2UuY29tXC93cC1jb250ZW50XC9maWxlc1wvMjAyNVwvMTJcL0dBTEEzLmpwZyJ9\">\n\t\t\t\t\t\t\t<img decoding=\"async\" width=\"768\" height=\"512\" src=\"https:\/\/monteeballondalsace.com\/wp-content\/files\/2025\/12\/GALA3-768x512.jpg\" class=\"attachment-medium_large size-medium_large wp-image-8419\" alt=\"\" srcset=\"https:\/\/monteeballondalsace.com\/wp-content\/files\/2025\/12\/GALA3-768x512.jpg 768w, https:\/\/monteeballondalsace.com\/wp-content\/files\/2025\/12\/GALA3-300x200.jpg 300w, https:\/\/monteeballondalsace.com\/wp-content\/files\/2025\/12\/GALA3-1024x682.jpg 1024w, https:\/\/monteeballondalsace.com\/wp-content\/files\/2025\/12\/GALA3.jpg 2000w\" sizes=\"(max-width: 768px) 100vw, 768px\" loading=\"eager\" title=\"\">\t\t\t\t\t\t\t\t<\/a>\n\t\t\t\t\t\t\t\t\t\t\t\t\t\t\t<\/div>\n\t\t\t\t<\/div>\n\t\t\t\t\t<\/div>\n\t\t\t\t<\/div>\n\t\t\t\t<\/div>","protected":false},"excerpt":{"rendered":"<p>Soir\u00e9e Garden Party \u00e0 l&rsquo;Arsenal 2026 &#8211; 10 ANS !!! Retour \u00e0 l&rsquo;Arsenal\u00a0 Et copie conforme de cette \u00e9dition magique du Gala en 2024 Le Gala le plus grand moment de\u00a0 convivialit\u00e9 et de partage de notre Passion, deux valeurs auxquelles nous sommes particuli\u00e8rement attach\u00e9s Concoct\u00e9s par Le SAINT MARTIN\u00a0 un des Meilleurs traiteurs de [&hellip;]<\/p>\n","protected":false},"author":2,"featured_media":0,"parent":0,"menu_order":0,"comment_status":"closed","ping_status":"closed","template":"elementor_header_footer","meta":{"_acf_changed":false,"footnotes":""},"class_list":["post-241","page","type-page","status-publish","hentry"],"acf":[],"_links":{"self":[{"href":"https:\/\/monteeballondalsace.com\/de\/wp-json\/wp\/v2\/pages\/241","targetHints":{"allow":["GET"]}}],"collection":[{"href":"https:\/\/monteeballondalsace.com\/de\/wp-json\/wp\/v2\/pages"}],"about":[{"href":"https:\/\/monteeballondalsace.com\/de\/wp-json\/wp\/v2\/types\/page"}],"author":[{"embeddable":true,"href":"https:\/\/monteeballondalsace.com\/de\/wp-json\/wp\/v2\/users\/2"}],"replies":[{"embeddable":true,"href":"https:\/\/monteeballondalsace.com\/de\/wp-json\/wp\/v2\/comments?post=241"}],"version-history":[{"count":3,"href":"https:\/\/monteeballondalsace.com\/de\/wp-json\/wp\/v2\/pages\/241\/revisions"}],"predecessor-version":[{"id":9951,"href":"https:\/\/monteeballondalsace.com\/de\/wp-json\/wp\/v2\/pages\/241\/revisions\/9951"}],"wp:attachment":[{"href":"https:\/\/monteeballondalsace.com\/de\/wp-json\/wp\/v2\/media?parent=241"}],"curies":[{"name":"wp","href":"https:\/\/api.w.org\/{rel}","templated":true}]}}