{"id":231,"date":"2023-10-11T16:26:53","date_gmt":"2023-10-11T14:26:53","guid":{"rendered":"https:\/\/monteeballondalsace.com\/\/?page_id=231"},"modified":"2026-04-21T16:23:29","modified_gmt":"2026-04-21T14:23:29","slug":"horaires","status":"publish","type":"page","link":"https:\/\/monteeballondalsace.com\/de\/horaires\/","title":{"rendered":"R\u00e9glement particulier Vir\u00e9e"},"content":{"rendered":"<div data-elementor-type=\"wp-page\" data-elementor-id=\"231\" class=\"elementor elementor-231\" data-elementor-post-type=\"page\">\n\t\t\t\t<div class=\"elementor-element elementor-element-8724949 e-flex e-con-boxed e-con e-parent\" data-id=\"8724949\" data-element_type=\"container\" data-e-type=\"container\" data-settings=\"{&quot;background_background&quot;:&quot;classic&quot;}\">\n\t\t\t\t\t<div class=\"e-con-inner\">\n\t\t\t\t<div class=\"elementor-element elementor-element-84e9401 elementor-widget elementor-widget-heading\" data-id=\"84e9401\" data-element_type=\"widget\" data-e-type=\"widget\" data-widget_type=\"heading.default\">\n\t\t\t\t<div class=\"elementor-widget-container\">\n\t\t\t\t\t<h1 class=\"elementor-heading-title elementor-size-default\">R\u00c8GLEMENT V3 \u2013 Vir\u00e9e des Ballons 2026<\/h1>\t\t\t\t<\/div>\n\t\t\t\t<\/div>\n\t\t\t\t\t<\/div>\n\t\t\t\t<\/div>\n\t\t<div class=\"elementor-element elementor-element-efe4b91 e-flex e-con-boxed e-con e-parent\" data-id=\"efe4b91\" data-element_type=\"container\" data-e-type=\"container\">\n\t\t\t\t\t<div class=\"e-con-inner\">\n\t\t\t\t<div class=\"elementor-element elementor-element-2a4d91a elementor-widget elementor-widget-text-editor\" data-id=\"2a4d91a\" data-element_type=\"widget\" data-e-type=\"widget\" data-widget_type=\"text-editor.default\">\n\t\t\t\t<div class=\"elementor-widget-container\">\n\t\t\t\t\t\t\t\t\t  <h2>Article 1 \u2013 Organisation<\/h2>\n  <p>\n    La Vir\u00e9e des Ballons est organis\u00e9e par HISTORALLY dans le cadre de la\n    Mont\u00e9e Historique Internationale du Ballon d\u2019Alsace.\n  <\/p>\n\n  <h2>Article 2 \u2013 Nature de l\u2019\u00e9v\u00e9nement<\/h2>\n  <p>\n    La Vir\u00e9e des Ballons est une randonn\u00e9e touristique sans notion de\n    comp\u00e9tition, de classement ou de chronom\u00e9trage.\n  <\/p>\n\n  <h2>Article 3 \u2013 V\u00e9hicules admis<\/h2>\n  <p>\n    Les v\u00e9hicules accept\u00e9s sont principalement des voitures anciennes,\n    de collection ou d\u2019exception.\n  <\/p>\n\n  <h2>Article 4 \u2013 Participants<\/h2>\n  <p>\n    Chaque participant doit \u00eatre titulaire d\u2019un permis de conduire valide\n    et respecter le code de la route.\n  <\/p>\n\n  <h2>Article 5 \u2013 Assurance<\/h2>\n  <p>\n    Chaque v\u00e9hicule doit \u00eatre assur\u00e9 conform\u00e9ment \u00e0 la r\u00e9glementation en vigueur.\n  <\/p>\n\n  <h2>Article 6 \u2013 D\u00e9roulement<\/h2>\n  <p>\n    Les participants s\u2019engagent \u00e0 suivre le parcours d\u00e9fini par l\u2019organisation\n    et \u00e0 respecter les consignes transmises.\n  <\/p>\n\n  <h2>Article 7 \u2013 S\u00e9curit\u00e9<\/h2>\n  <ul>\n    <li>Respect du code de la route obligatoire<\/li>\n    <li>Respect des autres usagers<\/li>\n    <li>Respect des consignes des organisateurs<\/li>\n  <\/ul>\n\n  <h2>Article 8 \u2013 Responsabilit\u00e9<\/h2>\n  <p>\n    L\u2019organisateur d\u00e9cline toute responsabilit\u00e9 en cas d\u2019accident,\n    de vol ou de d\u00e9gradation.\n  <\/p>\n\n  <h2>Article 9 \u2013 Acceptation<\/h2>\n  <p>\n    L\u2019inscription \u00e0 la Vir\u00e9e des Ballons implique l\u2019acceptation totale\n    du pr\u00e9sent r\u00e8glement.\n  <\/p>\t\t\t\t\t\t\t\t<\/div>\n\t\t\t\t<\/div>\n\t\t\t\t<div class=\"elementor-element elementor-element-4065cce elementor-widget elementor-widget-image\" data-id=\"4065cce\" data-element_type=\"widget\" data-e-type=\"widget\" data-widget_type=\"image.default\">\n\t\t\t\t<div class=\"elementor-widget-container\">\n\t\t\t\t\t\t\t\t\t\t\t\t\t\t\t\t<a href=\"https:\/\/monteeballondalsace.com\/wp-content\/files\/2026\/04\/ReglementV3_viree_des_Ballons_2026_12.png\" data-elementor-open-lightbox=\"yes\" data-elementor-lightbox-title=\"Re\u0300glementV3_vire\u0301e_des_Ballons_2026_1:2\" data-e-action-hash=\"#elementor-action%3Aaction%3Dlightbox%26settings%3DeyJpZCI6OTU2OSwidXJsIjoiaHR0cHM6XC9cL21vbnRlZWJhbGxvbmRhbHNhY2UuY29tXC93cC1jb250ZW50XC9maWxlc1wvMjAyNlwvMDRcL1JlZ2xlbWVudFYzX3ZpcmVlX2Rlc19CYWxsb25zXzIwMjZfMTIucG5nIn0%3D\">\n\t\t\t\t\t\t\t<img fetchpriority=\"high\" decoding=\"async\" width=\"768\" height=\"1060\" src=\"https:\/\/monteeballondalsace.com\/wp-content\/files\/2026\/04\/ReglementV3_viree_des_Ballons_2026_12-768x1060.png\" class=\"attachment-medium_large size-medium_large wp-image-9569\" alt=\"\" srcset=\"https:\/\/monteeballondalsace.com\/wp-content\/files\/2026\/04\/ReglementV3_viree_des_Ballons_2026_12-768x1060.png 768w, https:\/\/monteeballondalsace.com\/wp-content\/files\/2026\/04\/ReglementV3_viree_des_Ballons_2026_12-217x300.png 217w, https:\/\/monteeballondalsace.com\/wp-content\/files\/2026\/04\/ReglementV3_viree_des_Ballons_2026_12-742x1024.png 742w, https:\/\/monteeballondalsace.com\/wp-content\/files\/2026\/04\/ReglementV3_viree_des_Ballons_2026_12.png 1438w\" sizes=\"(max-width: 768px) 100vw, 768px\" loading=\"eager\" title=\"\">\t\t\t\t\t\t\t\t<\/a>\n\t\t\t\t\t\t\t\t\t\t\t\t\t\t\t<\/div>\n\t\t\t\t<\/div>\n\t\t\t\t\t<\/div>\n\t\t\t\t<\/div>\n\t\t<div class=\"elementor-element elementor-element-05bf091 e-flex e-con-boxed e-con e-parent\" data-id=\"05bf091\" data-element_type=\"container\" data-e-type=\"container\">\n\t\t\t\t\t<div class=\"e-con-inner\">\n\t\t\t\t<div class=\"elementor-element elementor-element-2abcdee elementor-widget elementor-widget-image\" data-id=\"2abcdee\" data-element_type=\"widget\" data-e-type=\"widget\" data-widget_type=\"image.default\">\n\t\t\t\t<div class=\"elementor-widget-container\">\n\t\t\t\t\t\t\t\t\t\t\t\t\t\t\t<img decoding=\"async\" width=\"741\" height=\"1024\" src=\"https:\/\/monteeballondalsace.com\/wp-content\/files\/2026\/04\/ReglementV3_viree_des_Ballons_2026-_22-741x1024.png\" class=\"attachment-large size-large wp-image-9570\" alt=\"\" srcset=\"https:\/\/monteeballondalsace.com\/wp-content\/files\/2026\/04\/ReglementV3_viree_des_Ballons_2026-_22-741x1024.png 741w, https:\/\/monteeballondalsace.com\/wp-content\/files\/2026\/04\/ReglementV3_viree_des_Ballons_2026-_22-217x300.png 217w, https:\/\/monteeballondalsace.com\/wp-content\/files\/2026\/04\/ReglementV3_viree_des_Ballons_2026-_22-768x1061.png 768w, https:\/\/monteeballondalsace.com\/wp-content\/files\/2026\/04\/ReglementV3_viree_des_Ballons_2026-_22.png 1432w\" sizes=\"(max-width: 741px) 100vw, 741px\" loading=\"eager\" title=\"\">\t\t\t\t\t\t\t\t\t\t\t\t\t\t\t<\/div>\n\t\t\t\t<\/div>\n\t\t\t\t\t<\/div>\n\t\t\t\t<\/div>\n\t\t\t\t<\/div>","protected":false},"excerpt":{"rendered":"<p>R\u00c8GLEMENT V3 \u2013 Vir\u00e9e des Ballons 2026 Article 1 \u2013 Organisation La Vir\u00e9e des Ballons est organis\u00e9e par HISTORALLY dans le cadre de la Mont\u00e9e Historique Internationale du Ballon d\u2019Alsace. Article 2 \u2013 Nature de l\u2019\u00e9v\u00e9nement La Vir\u00e9e des Ballons est une randonn\u00e9e touristique sans notion de comp\u00e9tition, de classement ou de chronom\u00e9trage. Article 3 [&hellip;]<\/p>\n","protected":false},"author":2,"featured_media":0,"parent":0,"menu_order":0,"comment_status":"closed","ping_status":"closed","template":"elementor_header_footer","meta":{"_acf_changed":false,"footnotes":""},"class_list":["post-231","page","type-page","status-publish","hentry"],"acf":[],"_links":{"self":[{"href":"https:\/\/monteeballondalsace.com\/de\/wp-json\/wp\/v2\/pages\/231","targetHints":{"allow":["GET"]}}],"collection":[{"href":"https:\/\/monteeballondalsace.com\/de\/wp-json\/wp\/v2\/pages"}],"about":[{"href":"https:\/\/monteeballondalsace.com\/de\/wp-json\/wp\/v2\/types\/page"}],"author":[{"embeddable":true,"href":"https:\/\/monteeballondalsace.com\/de\/wp-json\/wp\/v2\/users\/2"}],"replies":[{"embeddable":true,"href":"https:\/\/monteeballondalsace.com\/de\/wp-json\/wp\/v2\/comments?post=231"}],"version-history":[{"count":3,"href":"https:\/\/monteeballondalsace.com\/de\/wp-json\/wp\/v2\/pages\/231\/revisions"}],"predecessor-version":[{"id":9850,"href":"https:\/\/monteeballondalsace.com\/de\/wp-json\/wp\/v2\/pages\/231\/revisions\/9850"}],"wp:attachment":[{"href":"https:\/\/monteeballondalsace.com\/de\/wp-json\/wp\/v2\/media?parent=231"}],"curies":[{"name":"wp","href":"https:\/\/api.w.org\/{rel}","templated":true}]}}