{"id":220,"date":"2023-10-11T16:24:26","date_gmt":"2023-10-11T14:24:26","guid":{"rendered":"https:\/\/monteeballondalsace.com\/\/?page_id=220"},"modified":"2026-04-21T15:57:23","modified_gmt":"2026-04-21T13:57:23","slug":"willkommen-belfort","status":"publish","type":"page","link":"https:\/\/monteeballondalsace.com\/de\/accueil-belfort\/","title":{"rendered":"Willkommen GIROMAGNY"},"content":{"rendered":"<div data-elementor-type=\"wp-page\" data-elementor-id=\"220\" class=\"elementor elementor-220\" data-elementor-post-type=\"page\">\n\t\t\t\t<div class=\"elementor-element elementor-element-d43e549 e-flex e-con-boxed e-con e-parent\" data-id=\"d43e549\" data-element_type=\"container\" data-e-type=\"container\" data-settings=\"{&quot;background_background&quot;:&quot;classic&quot;}\">\n\t\t\t\t\t<div class=\"e-con-inner\">\n\t\t\t\t<div class=\"elementor-element elementor-element-3ce57b6 elementor-widget elementor-widget-heading\" data-id=\"3ce57b6\" data-element_type=\"widget\" data-e-type=\"widget\" data-widget_type=\"heading.default\">\n\t\t\t\t<div class=\"elementor-widget-container\">\n\t\t\t\t\t<h1 class=\"elementor-heading-title elementor-size-default\">Startseite GIROMAGNY Ballonfahrt<\/h1>\t\t\t\t<\/div>\n\t\t\t\t<\/div>\n\t\t\t\t\t<\/div>\n\t\t\t\t<\/div>\n\t\t<div class=\"elementor-element elementor-element-e261b90 e-flex e-con-boxed e-con e-parent\" data-id=\"e261b90\" data-element_type=\"container\" data-e-type=\"container\">\n\t\t\t\t\t<div class=\"e-con-inner\">\n\t\t<div class=\"elementor-element elementor-element-91886c5 e-con-full e-flex e-con e-child\" data-id=\"91886c5\" data-element_type=\"container\" data-e-type=\"container\">\n\t\t\t\t<div class=\"elementor-element elementor-element-cb0c7b7 elementor-widget elementor-widget-image\" data-id=\"cb0c7b7\" data-element_type=\"widget\" data-e-type=\"widget\" data-widget_type=\"image.default\">\n\t\t\t\t<div class=\"elementor-widget-container\">\n\t\t\t\t\t\t\t\t\t\t\t\t\t\t\t\t<a href=\"https:\/\/monteeballondalsace.com\/wp-content\/files\/2026\/03\/Parking_tuileries-Giromagny_accueil.png\" data-elementor-open-lightbox=\"yes\" data-elementor-lightbox-title=\"Parking_tuileries-Giromagny_accueil\" data-e-action-hash=\"#elementor-action%3Aaction%3Dlightbox%26settings%3DeyJpZCI6OTM4OSwidXJsIjoiaHR0cHM6XC9cL21vbnRlZWJhbGxvbmRhbHNhY2UuY29tXC93cC1jb250ZW50XC9maWxlc1wvMjAyNlwvMDNcL1BhcmtpbmdfdHVpbGVyaWVzLUdpcm9tYWdueV9hY2N1ZWlsLnBuZyJ9\">\n\t\t\t\t\t\t\t<img fetchpriority=\"high\" decoding=\"async\" width=\"768\" height=\"499\" src=\"https:\/\/monteeballondalsace.com\/wp-content\/files\/2026\/03\/Parking_tuileries-Giromagny_accueil-768x499.png\" class=\"attachment-medium_large size-medium_large wp-image-9389\" alt=\"\" srcset=\"https:\/\/monteeballondalsace.com\/wp-content\/files\/2026\/03\/Parking_tuileries-Giromagny_accueil-768x499.png 768w, https:\/\/monteeballondalsace.com\/wp-content\/files\/2026\/03\/Parking_tuileries-Giromagny_accueil-300x195.png 300w, https:\/\/monteeballondalsace.com\/wp-content\/files\/2026\/03\/Parking_tuileries-Giromagny_accueil.png 998w\" sizes=\"(max-width: 768px) 100vw, 768px\" loading=\"eager\" title=\"\">\t\t\t\t\t\t\t\t<\/a>\n\t\t\t\t\t\t\t\t\t\t\t\t\t\t\t<\/div>\n\t\t\t\t<\/div>\n\t\t\t\t<div class=\"elementor-element elementor-element-3b553b5 elementor-widget elementor-widget-image\" data-id=\"3b553b5\" data-element_type=\"widget\" data-e-type=\"widget\" data-widget_type=\"image.default\">\n\t\t\t\t<div class=\"elementor-widget-container\">\n\t\t\t\t\t\t\t\t\t\t\t\t\t\t\t\t<a href=\"https:\/\/monteeballondalsace.com\/wp-content\/files\/2026\/03\/Viree_des_ballons_accueil-2.png\" data-elementor-open-lightbox=\"yes\" data-elementor-lightbox-title=\"Viree_des_ballons_accueil-2\" data-e-action-hash=\"#elementor-action%3Aaction%3Dlightbox%26settings%3DeyJpZCI6OTM4NywidXJsIjoiaHR0cHM6XC9cL21vbnRlZWJhbGxvbmRhbHNhY2UuY29tXC93cC1jb250ZW50XC9maWxlc1wvMjAyNlwvMDNcL1ZpcmVlX2Rlc19iYWxsb25zX2FjY3VlaWwtMi5wbmcifQ%3D%3D\">\n\t\t\t\t\t\t\t<img decoding=\"async\" width=\"768\" height=\"508\" src=\"https:\/\/monteeballondalsace.com\/wp-content\/files\/2026\/03\/Viree_des_ballons_accueil-2-768x508.png\" class=\"attachment-medium_large size-medium_large wp-image-9387\" alt=\"\" srcset=\"https:\/\/monteeballondalsace.com\/wp-content\/files\/2026\/03\/Viree_des_ballons_accueil-2-768x508.png 768w, https:\/\/monteeballondalsace.com\/wp-content\/files\/2026\/03\/Viree_des_ballons_accueil-2-300x198.png 300w, https:\/\/monteeballondalsace.com\/wp-content\/files\/2026\/03\/Viree_des_ballons_accueil-2.png 1000w\" sizes=\"(max-width: 768px) 100vw, 768px\" loading=\"eager\" title=\"\">\t\t\t\t\t\t\t\t<\/a>\n\t\t\t\t\t\t\t\t\t\t\t\t\t\t\t<\/div>\n\t\t\t\t<\/div>\n\t\t\t\t<\/div>\n\t\t<div class=\"elementor-element elementor-element-f902b33 e-con-full e-flex e-con e-child\" data-id=\"f902b33\" data-element_type=\"container\" data-e-type=\"container\">\n\t\t\t\t<div class=\"elementor-element elementor-element-79d2791 elementor-widget elementor-widget-text-editor\" data-id=\"79d2791\" data-element_type=\"widget\" data-e-type=\"widget\" data-widget_type=\"text-editor.default\">\n\t\t\t\t<div class=\"elementor-widget-container\">\n\t\t\t\t\t\t\t\t\t<p>Alle Wege f\u00fchren nach GIROMAGNY und da sind Sie nun angekommen.<br \/>Unm\u00f6glich, sich zu verirren, Sie k\u00f6nnen sich leicht orientieren, indem Sie auf dem Plan rechts neben dem Wort \u00abEspace Tuilerie\u00bb den Parkplatz der Gendarmerie identifizieren.<\/p><p>Fahren Sie auf den Parkplatz des Espace Tuilerie, die Ordner werden Sie zur Wartezone leiten.<\/p><p>Bitte melden Sie sich zuerst an der Rezeption f\u00fcr die administrativen Formalit\u00e4ten und vervollst\u00e4ndigen Sie bei Bedarf Ihre Akte.<\/p><p>Sie erhalten Ihren Teilnehmerbeutel und Ihre Startnummer, die Sie sofort oben auf der Fahrerseite der Windschutzscheibe anbringen m\u00fcssen. Diese Nummer bestimmt die Startreihenfolge.<\/p><p>Einer der Parkkommissare wird Sie dann zu Ihrem Ausstellungsplatz begleiten.<\/p><p>Parken Sie ruhig, es ist Zeit f\u00fcr einen Kaffee.<br \/>Sie k\u00f6nnen then Ihr vierr\u00e4driges Lieblingsst\u00fcck verw\u00f6hnen, es wird bewundert werden.<\/p><p>Mittagessen ab 11:30 Uhr, f\u00fcr die ersten Ank\u00f6mmlinge Abfahrt um 12:00 Uhr.<\/p>\t\t\t\t\t\t\t\t<\/div>\n\t\t\t\t<\/div>\n\t\t\t\t<\/div>\n\t\t\t\t\t<\/div>\n\t\t\t\t<\/div>\n\t\t<div class=\"elementor-element elementor-element-cfaacc1 e-flex e-con-boxed e-con e-parent\" data-id=\"cfaacc1\" data-element_type=\"container\" data-e-type=\"container\">\n\t\t\t\t\t<div class=\"e-con-inner\">\n\t\t\t\t\t<\/div>\n\t\t\t\t<\/div>\n\t\t\t\t<\/div>","protected":false},"excerpt":{"rendered":"<p>Accueil GIROMAGNY viree des ballons Toutes les routes m\u00e8nent \u00e0 GIROMAGNY, et vous voil\u00e0 donc arriv\u00e9s.\u2028Impossible de vous perdre, vous pouvez facilement vous rep\u00e9rer en identifiant sur le plan, \u00e0 droite du mot \u00ab Espace Tuilerie \u00bb, le parking de la gendarmerie. P\u00e9n\u00e9trez sur le parking de l\u2019Espace Tuilerie, les commissaires vous guideront vers la [&hellip;]<\/p>\n","protected":false},"author":2,"featured_media":0,"parent":0,"menu_order":0,"comment_status":"closed","ping_status":"closed","template":"elementor_header_footer","meta":{"_acf_changed":false,"footnotes":""},"class_list":["post-220","page","type-page","status-publish","hentry"],"acf":[],"_links":{"self":[{"href":"https:\/\/monteeballondalsace.com\/de\/wp-json\/wp\/v2\/pages\/220","targetHints":{"allow":["GET"]}}],"collection":[{"href":"https:\/\/monteeballondalsace.com\/de\/wp-json\/wp\/v2\/pages"}],"about":[{"href":"https:\/\/monteeballondalsace.com\/de\/wp-json\/wp\/v2\/types\/page"}],"author":[{"embeddable":true,"href":"https:\/\/monteeballondalsace.com\/de\/wp-json\/wp\/v2\/users\/2"}],"replies":[{"embeddable":true,"href":"https:\/\/monteeballondalsace.com\/de\/wp-json\/wp\/v2\/comments?post=220"}],"version-history":[{"count":3,"href":"https:\/\/monteeballondalsace.com\/de\/wp-json\/wp\/v2\/pages\/220\/revisions"}],"predecessor-version":[{"id":9831,"href":"https:\/\/monteeballondalsace.com\/de\/wp-json\/wp\/v2\/pages\/220\/revisions\/9831"}],"wp:attachment":[{"href":"https:\/\/monteeballondalsace.com\/de\/wp-json\/wp\/v2\/media?parent=220"}],"curies":[{"name":"wp","href":"https:\/\/api.w.org\/{rel}","templated":true}]}}